{"id":9716,"date":"2019-08-09T15:26:24","date_gmt":"2019-08-09T15:26:24","guid":{"rendered":"https:\/\/spets24.com\/?page_id=9716"},"modified":"2019-08-11T13:39:43","modified_gmt":"2019-08-11T13:39:43","slug":"akude-remont-ja-valmistamine","status":"publish","type":"page","link":"https:\/\/spets24.com\/et\/akude-remont-ja-valmistamine\/","title":{"rendered":"AKUDE REMONT JA VALMISTAMINE"},"content":{"rendered":"<h3>AKUTRELLID<\/h3>\n<p>Makita, Milwaukee, Dewalt, Bosch, AEG jpt akut\u00f6\u00f6riistade akude remont ja renoveerimine. Remondime enamikke t\u00f6\u00f6riistade akusid, n\u00e4iteks mahtuvuse kaotanud ja muude defektidega. Pakume ka asenduspatareisid akusid.<\/p>\n<p>Elektrilised jalg- ja t\u00f5ukerattad, tasakaaluliikurid ja muud akudega t\u00f6\u00f6tavad transpordivahendid. Valmistame ja renoveerime enamlevinud 36 voldiseid t\u00f5ukeratta ja scooteri akupanku.<\/p>\n<h3>ERIOTSTARBELISED AKUD JA SPETSIAALAKUD<\/h3>\n<p>Koostame ka muid erinevaid akupakke vastavalt kliendi soovile. Saame ka olemasolevate seadmete akusid vahetada suurema mahtuvusega elementide vastu. \u00dche elemendi pinge on 3.7V millest saab kombineerida erinevaid variante. Enamlevinud on 12V, 14,4V, 18V, 24V ja 36V.<\/p>\n","protected":false},"excerpt":{"rendered":"<p>AKUTRELLID Makita, Milwaukee, Dewalt, Bosch, AEG jpt akut\u00f6\u00f6riistade akude remont ja renoveerimine. Remondime enamikke t\u00f6\u00f6riistade akusid, n\u00e4iteks mahtuvuse kaotanud ja muude defektidega. Pakume ka asenduspatareisid akusid. Elektrilised jalg- ja t\u00f5ukerattad, tasakaaluliikurid ja<a class=\"moretag\" href=\"https:\/\/spets24.com\/et\/akude-remont-ja-valmistamine\/\">Read More&#8230;<\/a><\/p>\n","protected":false},"author":1,"featured_media":0,"parent":0,"menu_order":0,"comment_status":"closed","ping_status":"closed","template":"page-sidebar.php","meta":{"_mbp_gutenberg_autopost":false,"footnotes":""},"yst_prominent_words":[],"class_list":["post-9716","page","type-page","status-publish","hentry"],"yoast_head":"<!-- This site is optimized with the Yoast SEO Premium plugin v14.2 - https:\/\/yoast.com\/wordpress\/plugins\/seo\/ -->\n<title>AKUDE REMONT JA VALMISTAMINE - SPETS24 ESTONIA<\/title>\n<meta name=\"robots\" content=\"index, follow\" \/>\n<meta name=\"googlebot\" content=\"index, follow, max-snippet:-1, max-image-preview:large, max-video-preview:-1\" \/>\n<meta name=\"bingbot\" content=\"index, follow, max-snippet:-1, max-image-preview:large, max-video-preview:-1\" \/>\n<link rel=\"canonical\" href=\"https:\/\/spets24.com\/akude-remont-ja-valmistamine\/\" \/>\n<meta property=\"og:locale\" content=\"et_EE\" \/>\n<meta property=\"og:type\" content=\"article\" \/>\n<meta property=\"og:title\" content=\"AKUDE REMONT JA VALMISTAMINE - SPETS24 ESTONIA\" \/>\n<meta property=\"og:description\" content=\"AKUTRELLID Makita, Milwaukee, Dewalt, Bosch, AEG jpt akut\u00f6\u00f6riistade akude remont ja renoveerimine. Remondime enamikke t\u00f6\u00f6riistade akusid, n\u00e4iteks mahtuvuse kaotanud ja muude defektidega. Pakume ka asenduspatareisid akusid. Elektrilised jalg- ja t\u00f5ukerattad, tasakaaluliikurid jaRead More...\" \/>\n<meta property=\"og:url\" content=\"https:\/\/spets24.com\/akude-remont-ja-valmistamine\/\" \/>\n<meta property=\"og:site_name\" content=\"SPETS24 ESTONIA\" \/>\n<meta property=\"article:modified_time\" content=\"2019-08-11T13:39:43+00:00\" \/>\n<meta name=\"twitter:card\" content=\"summary_large_image\" \/>\n<script type=\"application\/ld+json\" class=\"yoast-schema-graph\">{\"@context\":\"https:\/\/schema.org\",\"@graph\":[{\"@type\":\"WebSite\",\"@id\":\"https:\/\/spets24.com\/et\/#website\",\"url\":\"https:\/\/spets24.com\/et\/\",\"name\":\"SPETS24 ESTONIA\",\"description\":\"ELEKTROONIKA &amp; IGASUGU IMELIKE MASINATE  VALMISTAMINE JA REMONT\",\"potentialAction\":[{\"@type\":\"SearchAction\",\"target\":\"https:\/\/spets24.com\/et\/?s={search_term_string}\",\"query-input\":\"required name=search_term_string\"}],\"inLanguage\":\"et\"},{\"@type\":\"WebPage\",\"@id\":\"https:\/\/spets24.com\/akude-remont-ja-valmistamine\/#webpage\",\"url\":\"https:\/\/spets24.com\/akude-remont-ja-valmistamine\/\",\"name\":\"AKUDE REMONT JA VALMISTAMINE - SPETS24 ESTONIA\",\"isPartOf\":{\"@id\":\"https:\/\/spets24.com\/et\/#website\"},\"datePublished\":\"2019-08-09T15:26:24+00:00\",\"dateModified\":\"2019-08-11T13:39:43+00:00\",\"inLanguage\":\"et\",\"potentialAction\":[{\"@type\":\"ReadAction\",\"target\":[\"https:\/\/spets24.com\/akude-remont-ja-valmistamine\/\"]}]}]}<\/script>\n<!-- \/ Yoast SEO Premium plugin. -->","_links":{"self":[{"href":"https:\/\/spets24.com\/et\/wp-json\/wp\/v2\/pages\/9716","targetHints":{"allow":["GET"]}}],"collection":[{"href":"https:\/\/spets24.com\/et\/wp-json\/wp\/v2\/pages"}],"about":[{"href":"https:\/\/spets24.com\/et\/wp-json\/wp\/v2\/types\/page"}],"author":[{"embeddable":true,"href":"https:\/\/spets24.com\/et\/wp-json\/wp\/v2\/users\/1"}],"replies":[{"embeddable":true,"href":"https:\/\/spets24.com\/et\/wp-json\/wp\/v2\/comments?post=9716"}],"version-history":[{"count":9,"href":"https:\/\/spets24.com\/et\/wp-json\/wp\/v2\/pages\/9716\/revisions"}],"predecessor-version":[{"id":9739,"href":"https:\/\/spets24.com\/et\/wp-json\/wp\/v2\/pages\/9716\/revisions\/9739"}],"wp:attachment":[{"href":"https:\/\/spets24.com\/et\/wp-json\/wp\/v2\/media?parent=9716"}],"wp:term":[{"taxonomy":"yst_prominent_words","embeddable":true,"href":"https:\/\/spets24.com\/et\/wp-json\/wp\/v2\/yst_prominent_words?post=9716"}],"curies":[{"name":"wp","href":"https:\/\/api.w.org\/{rel}","templated":true}]}}