{"id":8895,"date":"2019-05-29T09:56:22","date_gmt":"2019-05-29T09:56:22","guid":{"rendered":"https:\/\/spets24.com\/?page_id=8895"},"modified":"2020-03-26T15:29:16","modified_gmt":"2020-03-26T15:29:16","slug":"seadmed-remonti-postiga","status":"publish","type":"page","link":"https:\/\/spets24.com\/et\/seadmed-remonti-postiga\/","title":{"rendered":"SEADMED REMONTI POSTIGA"},"content":{"rendered":"<div id=\"pl-8895\"  class=\"panel-layout\" ><div id=\"pg-8895-0\"  class=\"panel-grid panel-no-style\" ><div id=\"pgc-8895-0-0\"  class=\"panel-grid-cell\" ><div id=\"panel-8895-0-0-0\" class=\"so-panel widget widget_sow-headline panel-first-child panel-last-child\" data-index=\"0\" ><div class=\"so-widget-sow-headline so-widget-sow-headline-default-ea0af4cf39ae-8895\"><div class=\"sow-headline-container \">\n\t<h1 class='sow-headline'>SEADMED REMONTI POSTIGA<\/h1>\t\t\t\t\t<div class=\"decoration\">\n\t\t\t\t\t\t<div class=\"decoration-inside\"><\/div>\n\t\t\t\t\t<\/div>\n\t\t\t\t\t<\/div><\/div><\/div><\/div><\/div><div id=\"pg-8895-1\"  class=\"panel-grid panel-no-style\" ><div id=\"pgc-8895-1-0\"  class=\"panel-grid-cell\" ><div id=\"panel-8895-1-0-0\" class=\"so-panel widget widget_sow-editor panel-first-child panel-last-child\" data-index=\"1\" ><div class=\"so-widget-sow-editor so-widget-sow-editor-base\">\n<div class=\"siteorigin-widget-tinymce textwidget\">\n\t<h2>Saada oma elektroonikaseade v\u00f5i arvuti remonti postiautomaadi kaudu.<\/h2>\n<p style=\"text-align: justify;\">N\u00fc\u00fcdsest on v\u00f5imalik saata remonti vajavaid seadmeid meie t\u00f6\u00f6kotta ja p\u00e4rast remonti k\u00e4tte saada SmartPosti, Omniva ja DPD vahendusel kogu Eestis ja Soomes.<\/p>\n<p style=\"text-align: justify;\">Panete seadme pakiautomaati, meie teeme selle korda, saadame arve ja transport tagasi on tasuta.<\/p>\n<p style=\"text-align: justify;\">Spets24 l\u00e4him SmartPosti, Omniva ja DPD pakiautomaat asub <strong>Kristiine Keskuses.<\/strong><\/p>\n<p style=\"text-align: justify;\">Kirjutage saadetisele oma aadress ja kontaktid.<\/p>\n<p style=\"text-align: justify;\">Meie aadress:<\/p>\n<p style=\"text-align: justify;\">Spets24 O\u00dc<br \/>\nTehnika 24, 10137 Tallinn<br \/>\ntel +372 5681 1011<\/p>\n<\/div>\n<\/div><\/div><\/div><div id=\"pgc-8895-1-1\"  class=\"panel-grid-cell\" ><div id=\"panel-8895-1-1-0\" class=\"so-panel widget widget_sow-image panel-first-child panel-last-child\" data-index=\"2\" ><div class=\"so-widget-sow-image so-widget-sow-image-default-d6014b76747a-8895\">\n\n<div class=\"sow-image-container\">\n\t\t<img decoding=\"async\" src=\"https:\/\/spets24.com\/wp-content\/uploads\/2019\/05\/SPETS24-Transport.jpg\" width=\"350\" height=\"258\" srcset=\"https:\/\/spets24.com\/wp-content\/uploads\/2019\/05\/SPETS24-Transport.jpg 350w, https:\/\/spets24.com\/wp-content\/uploads\/2019\/05\/SPETS24-Transport-300x221.jpg 300w\" sizes=\"auto, (max-width: 350px) 100vw, 350px\" alt=\"\" loading=\"lazy\" \t\tclass=\"so-widget-image\"\/>\n\t<\/div>\n\n<\/div><\/div><\/div><\/div><\/div>","protected":false},"excerpt":{"rendered":"<p>Saada oma elektroonikaseade v\u00f5i arvuti remonti postiautomaadi kaudu. N\u00fc\u00fcdsest on v\u00f5imalik saata remonti vajavaid seadmeid meie t\u00f6\u00f6kotta ja p\u00e4rast remonti k\u00e4tte saada SmartPosti, Omniva ja DPD vahendusel kogu Eestis ja Soomes. Panete<a class=\"moretag\" href=\"https:\/\/spets24.com\/et\/seadmed-remonti-postiga\/\">Read More&#8230;<\/a><\/p>\n","protected":false},"author":1,"featured_media":0,"parent":0,"menu_order":0,"comment_status":"closed","ping_status":"closed","template":"page-sidebar.php","meta":{"_mbp_gutenberg_autopost":false,"footnotes":""},"yst_prominent_words":[],"class_list":["post-8895","page","type-page","status-publish","hentry"],"yoast_head":"<!-- This site is optimized with the Yoast SEO Premium plugin v14.2 - https:\/\/yoast.com\/wordpress\/plugins\/seo\/ -->\n<title>SEADMED REMONTI POSTIGA - SPETS24 ESTONIA<\/title>\n<meta name=\"robots\" content=\"index, follow\" \/>\n<meta name=\"googlebot\" content=\"index, follow, max-snippet:-1, max-image-preview:large, max-video-preview:-1\" \/>\n<meta name=\"bingbot\" content=\"index, follow, max-snippet:-1, max-image-preview:large, max-video-preview:-1\" \/>\n<link rel=\"canonical\" href=\"https:\/\/spets24.com\/teenused\/seadmed-remonti-postiga\/\" \/>\n<meta property=\"og:locale\" content=\"et_EE\" \/>\n<meta property=\"og:type\" content=\"article\" \/>\n<meta property=\"og:title\" content=\"SEADMED REMONTI POSTIGA - SPETS24 ESTONIA\" \/>\n<meta property=\"og:description\" content=\"Saada oma elektroonikaseade v\u00f5i arvuti remonti postiautomaadi kaudu. N\u00fc\u00fcdsest on v\u00f5imalik saata remonti vajavaid seadmeid meie t\u00f6\u00f6kotta ja p\u00e4rast remonti k\u00e4tte saada SmartPosti, Omniva ja DPD vahendusel kogu Eestis ja Soomes. PaneteRead More...\" \/>\n<meta property=\"og:url\" content=\"https:\/\/spets24.com\/teenused\/seadmed-remonti-postiga\/\" \/>\n<meta property=\"og:site_name\" content=\"SPETS24 ESTONIA\" \/>\n<meta property=\"article:modified_time\" content=\"2020-03-26T15:29:16+00:00\" \/>\n<meta name=\"twitter:card\" content=\"summary_large_image\" \/>\n<script type=\"application\/ld+json\" class=\"yoast-schema-graph\">{\"@context\":\"https:\/\/schema.org\",\"@graph\":[{\"@type\":\"WebSite\",\"@id\":\"https:\/\/spets24.com\/et\/#website\",\"url\":\"https:\/\/spets24.com\/et\/\",\"name\":\"SPETS24 ESTONIA\",\"description\":\"ELEKTROONIKA &amp; IGASUGU IMELIKE MASINATE  VALMISTAMINE JA REMONT\",\"potentialAction\":[{\"@type\":\"SearchAction\",\"target\":\"https:\/\/spets24.com\/et\/?s={search_term_string}\",\"query-input\":\"required name=search_term_string\"}],\"inLanguage\":\"et\"},{\"@type\":\"WebPage\",\"@id\":\"https:\/\/spets24.com\/teenused\/seadmed-remonti-postiga\/#webpage\",\"url\":\"https:\/\/spets24.com\/teenused\/seadmed-remonti-postiga\/\",\"name\":\"SEADMED REMONTI POSTIGA - SPETS24 ESTONIA\",\"isPartOf\":{\"@id\":\"https:\/\/spets24.com\/et\/#website\"},\"datePublished\":\"2019-05-29T09:56:22+00:00\",\"dateModified\":\"2020-03-26T15:29:16+00:00\",\"inLanguage\":\"et\",\"potentialAction\":[{\"@type\":\"ReadAction\",\"target\":[\"https:\/\/spets24.com\/teenused\/seadmed-remonti-postiga\/\"]}]}]}<\/script>\n<!-- \/ Yoast SEO Premium plugin. -->","_links":{"self":[{"href":"https:\/\/spets24.com\/et\/wp-json\/wp\/v2\/pages\/8895","targetHints":{"allow":["GET"]}}],"collection":[{"href":"https:\/\/spets24.com\/et\/wp-json\/wp\/v2\/pages"}],"about":[{"href":"https:\/\/spets24.com\/et\/wp-json\/wp\/v2\/types\/page"}],"author":[{"embeddable":true,"href":"https:\/\/spets24.com\/et\/wp-json\/wp\/v2\/users\/1"}],"replies":[{"embeddable":true,"href":"https:\/\/spets24.com\/et\/wp-json\/wp\/v2\/comments?post=8895"}],"version-history":[{"count":17,"href":"https:\/\/spets24.com\/et\/wp-json\/wp\/v2\/pages\/8895\/revisions"}],"predecessor-version":[{"id":11670,"href":"https:\/\/spets24.com\/et\/wp-json\/wp\/v2\/pages\/8895\/revisions\/11670"}],"wp:attachment":[{"href":"https:\/\/spets24.com\/et\/wp-json\/wp\/v2\/media?parent=8895"}],"wp:term":[{"taxonomy":"yst_prominent_words","embeddable":true,"href":"https:\/\/spets24.com\/et\/wp-json\/wp\/v2\/yst_prominent_words?post=8895"}],"curies":[{"name":"wp","href":"https:\/\/api.w.org\/{rel}","templated":true}]}}