{"id":783,"date":"2015-11-28T14:35:21","date_gmt":"2015-11-28T14:35:21","guid":{"rendered":"https:\/\/spets24.com\/?page_id=783"},"modified":"2021-12-07T13:36:36","modified_gmt":"2021-12-07T13:36:36","slug":"windows-arvutite-remont","status":"publish","type":"page","link":"https:\/\/spets24.com\/et\/windows-arvutite-remont\/","title":{"rendered":"WINDOWS ARVUTITE REMONT"},"content":{"rendered":"<h2 style=\"text-align: center;\">WINDOWS ARVUTITE <span style=\"color: #e80a0a;\">REMONT<\/span><\/h2>\n<p style=\"text-align: center;\">Arvutiabi, arvutiremont ja arvutitugi<\/p>\n<div class=\"tx-divider clearfix\" style=\"margin-top: 25px;margin-bottom: 25px\"><\/div>\n<ul>\n<li>Parandame s\u00fclearvuteid ja lauaarvuteid.<\/li>\n<li>Teostame keerukamaid emaplaatide remonti komponentide tasandil.<\/li>\n<li>Installeerime Windows 7, Win 8 ja muud operatsioonis\u00fcsteemid.<\/li>\n<li>Taastame kaduma l\u00e4inud failid rikkis k\u00f5vakettalt.<\/li>\n<li>Puhastame arvuti jahutuss\u00fcsteemi tolmust ja vahetame termopasta protsessoril.<\/li>\n<li>Vahetame vanemat t\u00fc\u00fcpi k\u00f5vaketta uuema SSD kiire kettaga. Lisame arvutile m\u00e4lu.<\/li>\n<li>Optimeerime ja korrastame Windows failis\u00fcsteemi.<\/li>\n<li>Vahetame purunenud ekraani ja vedeliku kahjustusega klaviatuuri.<\/li>\n<li>Remondime toitepesa ja adapteri.<\/li>\n<li>Tinutame kokku ka unikaalse lintkaabli.<\/li>\n<li>Kontrollime elektroonika komponentide jooteid mikroskoobi all.<\/li>\n<li>Teeme k\u00f5ike sellist millega mujal hakkama ei saada.<\/li>\n<\/ul>\n","protected":false},"excerpt":{"rendered":"<p>WINDOWS ARVUTITE REMONT Arvutiabi, arvutiremont ja arvutitugi Parandame s\u00fclearvuteid ja lauaarvuteid. Teostame keerukamaid emaplaatide remonti komponentide tasandil. Installeerime Windows 7, Win 8 ja muud operatsioonis\u00fcsteemid. Taastame kaduma l\u00e4inud failid rikkis k\u00f5vakettalt. Puhastame<a class=\"moretag\" href=\"https:\/\/spets24.com\/et\/windows-arvutite-remont\/\">Read More&#8230;<\/a><\/p>\n","protected":false},"author":1,"featured_media":0,"parent":0,"menu_order":0,"comment_status":"closed","ping_status":"closed","template":"page-sidebar.php","meta":{"_mbp_gutenberg_autopost":false,"footnotes":""},"yst_prominent_words":[],"class_list":["post-783","page","type-page","status-publish","hentry"],"yoast_head":"<!-- This site is optimized with the Yoast SEO Premium plugin v14.2 - https:\/\/yoast.com\/wordpress\/plugins\/seo\/ -->\n<title>WINDOWS ARVUTITE REMONT - SPETS24 ESTONIA<\/title>\n<meta name=\"robots\" content=\"index, follow\" \/>\n<meta name=\"googlebot\" content=\"index, follow, max-snippet:-1, max-image-preview:large, max-video-preview:-1\" \/>\n<meta name=\"bingbot\" content=\"index, follow, max-snippet:-1, max-image-preview:large, max-video-preview:-1\" \/>\n<link rel=\"canonical\" href=\"https:\/\/spets24.com\/windows-arvutite-remont\/\" \/>\n<meta property=\"og:locale\" content=\"et_EE\" \/>\n<meta property=\"og:type\" content=\"article\" \/>\n<meta property=\"og:title\" content=\"WINDOWS ARVUTITE REMONT - SPETS24 ESTONIA\" \/>\n<meta property=\"og:description\" content=\"WINDOWS ARVUTITE REMONT Arvutiabi, arvutiremont ja arvutitugi Parandame s\u00fclearvuteid ja lauaarvuteid. Teostame keerukamaid emaplaatide remonti komponentide tasandil. Installeerime Windows 7, Win 8 ja muud operatsioonis\u00fcsteemid. Taastame kaduma l\u00e4inud failid rikkis k\u00f5vakettalt. PuhastameRead More...\" \/>\n<meta property=\"og:url\" content=\"https:\/\/spets24.com\/windows-arvutite-remont\/\" \/>\n<meta property=\"og:site_name\" content=\"SPETS24 ESTONIA\" \/>\n<meta property=\"article:modified_time\" content=\"2021-12-07T13:36:36+00:00\" \/>\n<meta name=\"twitter:card\" content=\"summary_large_image\" \/>\n<script type=\"application\/ld+json\" class=\"yoast-schema-graph\">{\"@context\":\"https:\/\/schema.org\",\"@graph\":[{\"@type\":\"WebSite\",\"@id\":\"https:\/\/spets24.com\/et\/#website\",\"url\":\"https:\/\/spets24.com\/et\/\",\"name\":\"SPETS24 ESTONIA\",\"description\":\"ELEKTROONIKA &amp; IGASUGU IMELIKE MASINATE  VALMISTAMINE JA REMONT\",\"potentialAction\":[{\"@type\":\"SearchAction\",\"target\":\"https:\/\/spets24.com\/et\/?s={search_term_string}\",\"query-input\":\"required name=search_term_string\"}],\"inLanguage\":\"et\"},{\"@type\":\"WebPage\",\"@id\":\"https:\/\/spets24.com\/windows-arvutite-remont\/#webpage\",\"url\":\"https:\/\/spets24.com\/windows-arvutite-remont\/\",\"name\":\"WINDOWS ARVUTITE REMONT - SPETS24 ESTONIA\",\"isPartOf\":{\"@id\":\"https:\/\/spets24.com\/et\/#website\"},\"datePublished\":\"2015-11-28T14:35:21+00:00\",\"dateModified\":\"2021-12-07T13:36:36+00:00\",\"inLanguage\":\"et\",\"potentialAction\":[{\"@type\":\"ReadAction\",\"target\":[\"https:\/\/spets24.com\/windows-arvutite-remont\/\"]}]}]}<\/script>\n<!-- \/ Yoast SEO Premium plugin. -->","_links":{"self":[{"href":"https:\/\/spets24.com\/et\/wp-json\/wp\/v2\/pages\/783","targetHints":{"allow":["GET"]}}],"collection":[{"href":"https:\/\/spets24.com\/et\/wp-json\/wp\/v2\/pages"}],"about":[{"href":"https:\/\/spets24.com\/et\/wp-json\/wp\/v2\/types\/page"}],"author":[{"embeddable":true,"href":"https:\/\/spets24.com\/et\/wp-json\/wp\/v2\/users\/1"}],"replies":[{"embeddable":true,"href":"https:\/\/spets24.com\/et\/wp-json\/wp\/v2\/comments?post=783"}],"version-history":[{"count":1,"href":"https:\/\/spets24.com\/et\/wp-json\/wp\/v2\/pages\/783\/revisions"}],"predecessor-version":[{"id":3653,"href":"https:\/\/spets24.com\/et\/wp-json\/wp\/v2\/pages\/783\/revisions\/3653"}],"wp:attachment":[{"href":"https:\/\/spets24.com\/et\/wp-json\/wp\/v2\/media?parent=783"}],"wp:term":[{"taxonomy":"yst_prominent_words","embeddable":true,"href":"https:\/\/spets24.com\/et\/wp-json\/wp\/v2\/yst_prominent_words?post=783"}],"curies":[{"name":"wp","href":"https:\/\/api.w.org\/{rel}","templated":true}]}}