{"id":6933,"date":"2018-02-19T11:13:28","date_gmt":"2018-02-19T11:13:28","guid":{"rendered":"https:\/\/spets24.com\/?page_id=6933"},"modified":"2018-02-19T16:43:14","modified_gmt":"2018-02-19T16:43:14","slug":"bga-remonditeenused","status":"publish","type":"page","link":"https:\/\/spets24.com\/et\/bga-remonditeenused\/","title":{"rendered":"BGA JA EMAPLAADI REMONDITEENUSED"},"content":{"rendered":"<h2 style=\"text-align: center;\">BGA KOMPONENDI EEMALDAMINE JA ASENDAMINE<\/h2>\n<p>Meil on lahendused k\u00f5igile teie BGA rework ja remondi vajadustele. Oleme varustatud Metcal BGA jaamadega ja meie tehnikud saavad pakkuda parimat teenust.<\/p>\n<p>Teeme k\u00f5iki keerukaid t\u00f6id mis on seotud emaplaadil asuvate komponentidega, sealhulgas BGA komponendi eemaldamist, asendamist ja taaskasutamist ja resultaadi kontrolli mikroskoobi all.<\/p>\n<ul>\n<li>BGA aluse remont, ala ettevalmistamine, katkiste radade asendus<\/li>\n<li>BGA komponendi remont, vahetus ja korrastus<\/li>\n<li>BGA reballing teenus<\/li>\n<li>Tr\u00fckiplaadi l\u00e4biviikude remont ja vahetus<\/li>\n<li>SMT SMD komponentide vahetus<\/li>\n<li>Muud tr\u00fckiplaadi ja emaplaadi remondit\u00f6\u00f6d<\/li>\n<li>Optiline kontrollimine<\/li>\n<\/ul>\n<p>Saada oma defektne elektroonika plokk remonti Smartpostiga. Kasuta N\u00f5mme keskuse automaati, Tel. +372 56811022<\/p>\n<style type=\"text\/css\">\r\n\t#foogallery-gallery-6935 .fg-image {\r\n        width: 250px;\r\n    }\r\n<\/style>\r\n\t\t\t\t<div class=\"foogallery foogallery-container foogallery-default foogallery-lightbox-foobox fg-gutter-5 fg-center fg-default fg-light fg-loaded-fade-in fg-hover-fade fg-ready\" id=\"foogallery-gallery-6935\" data-foogallery=\"{&quot;item&quot;:{&quot;showCaptionTitle&quot;:true,&quot;showCaptionDescription&quot;:true},&quot;lazy&quot;:true}\" >\r\n\t<div class=\"fg-item fg-type-image fg-idle\"><figure class=\"fg-item-inner\"><a href=\"https:\/\/spets24.com\/wp-content\/uploads\/2018\/02\/BGA-EESTI-SPETS24-1.jpg\" data-attachment-id=\"6942\" class=\"fg-thumb\"><span class=\"fg-image-wrap\"><img loading=\"lazy\" decoding=\"async\" width=\"250\" height=\"200\" class=\"skip-lazy fg-image\" data-src-fg=\"https:\/\/spets24.com\/wp-content\/uploads\/cache\/2018\/02\/BGA-EESTI-SPETS24-1\/3181332886.jpg\" src=\"data:image\/svg+xml,%3Csvg%20xmlns%3D%22http%3A%2F%2Fwww.w3.org%2F2000%2Fsvg%22%20width%3D%22250%22%20height%3D%22200%22%20viewBox%3D%220%200%20250%20200%22%3E%3C%2Fsvg%3E\"><\/span><span class=\"fg-image-overlay\"><\/span><\/a><figcaption class=\"fg-caption\"><div class=\"fg-caption-inner\"><\/div><\/figcaption><\/figure><div class=\"fg-loader\"><\/div><\/div><div class=\"fg-item fg-type-image fg-idle\"><figure class=\"fg-item-inner\"><a href=\"https:\/\/spets24.com\/wp-content\/uploads\/2018\/02\/BGA-EESTI-3.jpg\" data-attachment-id=\"6936\" class=\"fg-thumb\"><span class=\"fg-image-wrap\"><img loading=\"lazy\" decoding=\"async\" width=\"250\" height=\"200\" class=\"skip-lazy fg-image\" data-src-fg=\"https:\/\/spets24.com\/wp-content\/uploads\/cache\/2018\/02\/BGA-EESTI-3\/621970373.jpg\" src=\"data:image\/svg+xml,%3Csvg%20xmlns%3D%22http%3A%2F%2Fwww.w3.org%2F2000%2Fsvg%22%20width%3D%22250%22%20height%3D%22200%22%20viewBox%3D%220%200%20250%20200%22%3E%3C%2Fsvg%3E\"><\/span><span class=\"fg-image-overlay\"><\/span><\/a><figcaption class=\"fg-caption\"><div class=\"fg-caption-inner\"><\/div><\/figcaption><\/figure><div class=\"fg-loader\"><\/div><\/div><div class=\"fg-item fg-type-image fg-idle\"><figure class=\"fg-item-inner\"><a href=\"https:\/\/spets24.com\/wp-content\/uploads\/2018\/02\/BGA-SPETS24-7.jpg\" data-attachment-id=\"6972\" class=\"fg-thumb\"><span class=\"fg-image-wrap\"><img loading=\"lazy\" decoding=\"async\" width=\"250\" height=\"200\" class=\"skip-lazy fg-image\" data-src-fg=\"https:\/\/spets24.com\/wp-content\/uploads\/cache\/2018\/02\/BGA-SPETS24-7\/1124489139.jpg\" src=\"data:image\/svg+xml,%3Csvg%20xmlns%3D%22http%3A%2F%2Fwww.w3.org%2F2000%2Fsvg%22%20width%3D%22250%22%20height%3D%22200%22%20viewBox%3D%220%200%20250%20200%22%3E%3C%2Fsvg%3E\"><\/span><span class=\"fg-image-overlay\"><\/span><\/a><figcaption class=\"fg-caption\"><div class=\"fg-caption-inner\"><\/div><\/figcaption><\/figure><div class=\"fg-loader\"><\/div><\/div><div class=\"fg-item fg-type-image fg-idle\"><figure class=\"fg-item-inner\"><a href=\"https:\/\/spets24.com\/wp-content\/uploads\/2018\/02\/BGA-SPETS24-2.jpg\" data-attachment-id=\"6948\" class=\"fg-thumb\"><span class=\"fg-image-wrap\"><img loading=\"lazy\" decoding=\"async\" width=\"250\" height=\"200\" class=\"skip-lazy fg-image\" data-src-fg=\"https:\/\/spets24.com\/wp-content\/uploads\/cache\/2018\/02\/BGA-SPETS24-2\/1562754287.jpg\" src=\"data:image\/svg+xml,%3Csvg%20xmlns%3D%22http%3A%2F%2Fwww.w3.org%2F2000%2Fsvg%22%20width%3D%22250%22%20height%3D%22200%22%20viewBox%3D%220%200%20250%20200%22%3E%3C%2Fsvg%3E\"><\/span><span class=\"fg-image-overlay\"><\/span><\/a><figcaption class=\"fg-caption\"><div class=\"fg-caption-inner\"><\/div><\/figcaption><\/figure><div class=\"fg-loader\"><\/div><\/div><div class=\"fg-item fg-type-image fg-idle\"><figure class=\"fg-item-inner\"><a href=\"https:\/\/spets24.com\/wp-content\/uploads\/2018\/02\/BGA-SPETS24-6.jpg\" data-attachment-id=\"6966\" class=\"fg-thumb\"><span class=\"fg-image-wrap\"><img loading=\"lazy\" decoding=\"async\" width=\"250\" height=\"200\" class=\"skip-lazy fg-image\" data-src-fg=\"https:\/\/spets24.com\/wp-content\/uploads\/cache\/2018\/02\/BGA-SPETS24-6\/1912742697.jpg\" src=\"data:image\/svg+xml,%3Csvg%20xmlns%3D%22http%3A%2F%2Fwww.w3.org%2F2000%2Fsvg%22%20width%3D%22250%22%20height%3D%22200%22%20viewBox%3D%220%200%20250%20200%22%3E%3C%2Fsvg%3E\"><\/span><span class=\"fg-image-overlay\"><\/span><\/a><figcaption class=\"fg-caption\"><div class=\"fg-caption-inner\"><\/div><\/figcaption><\/figure><div class=\"fg-loader\"><\/div><\/div><div class=\"fg-item fg-type-image fg-idle\"><figure class=\"fg-item-inner\"><a href=\"https:\/\/spets24.com\/wp-content\/uploads\/2018\/02\/BGA-SPETS24-4.jpg\" data-attachment-id=\"6954\" class=\"fg-thumb\"><span class=\"fg-image-wrap\"><img loading=\"lazy\" decoding=\"async\" width=\"250\" height=\"200\" class=\"skip-lazy fg-image\" data-src-fg=\"https:\/\/spets24.com\/wp-content\/uploads\/cache\/2018\/02\/BGA-SPETS24-4\/4021972574.jpg\" src=\"data:image\/svg+xml,%3Csvg%20xmlns%3D%22http%3A%2F%2Fwww.w3.org%2F2000%2Fsvg%22%20width%3D%22250%22%20height%3D%22200%22%20viewBox%3D%220%200%20250%20200%22%3E%3C%2Fsvg%3E\"><\/span><span class=\"fg-image-overlay\"><\/span><\/a><figcaption class=\"fg-caption\"><div class=\"fg-caption-inner\"><\/div><\/figcaption><\/figure><div class=\"fg-loader\"><\/div><\/div><div class=\"fg-item fg-type-image fg-idle\"><figure class=\"fg-item-inner\"><a href=\"https:\/\/spets24.com\/wp-content\/uploads\/2018\/02\/BGA-SPETS24-5.jpg\" data-attachment-id=\"6960\" class=\"fg-thumb\"><span class=\"fg-image-wrap\"><img loading=\"lazy\" decoding=\"async\" width=\"250\" height=\"200\" class=\"skip-lazy fg-image\" data-src-fg=\"https:\/\/spets24.com\/wp-content\/uploads\/cache\/2018\/02\/BGA-SPETS24-5\/2009947071.jpg\" src=\"data:image\/svg+xml,%3Csvg%20xmlns%3D%22http%3A%2F%2Fwww.w3.org%2F2000%2Fsvg%22%20width%3D%22250%22%20height%3D%22200%22%20viewBox%3D%220%200%20250%20200%22%3E%3C%2Fsvg%3E\"><\/span><span class=\"fg-image-overlay\"><\/span><\/a><figcaption class=\"fg-caption\"><div class=\"fg-caption-inner\"><\/div><\/figcaption><\/figure><div class=\"fg-loader\"><\/div><\/div><div class=\"fg-item fg-type-image fg-idle\"><figure class=\"fg-item-inner\"><a href=\"https:\/\/spets24.com\/wp-content\/uploads\/2018\/02\/BGA-SPETS24-8.jpg\" data-attachment-id=\"6978\" class=\"fg-thumb\"><span class=\"fg-image-wrap\"><img loading=\"lazy\" decoding=\"async\" width=\"250\" height=\"200\" class=\"skip-lazy fg-image\" data-src-fg=\"https:\/\/spets24.com\/wp-content\/uploads\/cache\/2018\/02\/BGA-SPETS24-8\/3700933313.jpg\" src=\"data:image\/svg+xml,%3Csvg%20xmlns%3D%22http%3A%2F%2Fwww.w3.org%2F2000%2Fsvg%22%20width%3D%22250%22%20height%3D%22200%22%20viewBox%3D%220%200%20250%20200%22%3E%3C%2Fsvg%3E\"><\/span><span class=\"fg-image-overlay\"><\/span><\/a><figcaption class=\"fg-caption\"><div class=\"fg-caption-inner\"><\/div><\/figcaption><\/figure><div class=\"fg-loader\"><\/div><\/div><\/div>\r\n\n","protected":false},"excerpt":{"rendered":"<p>BGA KOMPONENDI EEMALDAMINE JA ASENDAMINE Meil on lahendused k\u00f5igile teie BGA rework ja remondi vajadustele. Oleme varustatud Metcal BGA jaamadega ja meie tehnikud saavad pakkuda parimat teenust. Teeme k\u00f5iki keerukaid t\u00f6id mis<a class=\"moretag\" href=\"https:\/\/spets24.com\/et\/bga-remonditeenused\/\">Read More&#8230;<\/a><\/p>\n","protected":false},"author":1,"featured_media":0,"parent":0,"menu_order":0,"comment_status":"closed","ping_status":"closed","template":"page-sidebar.php","meta":{"_mbp_gutenberg_autopost":false,"footnotes":""},"yst_prominent_words":[],"class_list":["post-6933","page","type-page","status-publish","hentry"],"yoast_head":"<!-- This site is optimized with the Yoast SEO Premium plugin v14.2 - https:\/\/yoast.com\/wordpress\/plugins\/seo\/ -->\n<title>BGA JA EMAPLAADI REMONDITEENUSED - SPETS24 ESTONIA<\/title>\n<meta name=\"robots\" content=\"index, follow\" \/>\n<meta name=\"googlebot\" content=\"index, follow, max-snippet:-1, max-image-preview:large, max-video-preview:-1\" \/>\n<meta name=\"bingbot\" content=\"index, follow, max-snippet:-1, max-image-preview:large, max-video-preview:-1\" \/>\n<link rel=\"canonical\" href=\"https:\/\/spets24.com\/teenused\/bga-remonditeenused\/\" \/>\n<meta property=\"og:locale\" content=\"et_EE\" \/>\n<meta property=\"og:type\" content=\"article\" \/>\n<meta property=\"og:title\" content=\"BGA JA EMAPLAADI REMONDITEENUSED - SPETS24 ESTONIA\" \/>\n<meta property=\"og:description\" content=\"BGA KOMPONENDI EEMALDAMINE JA ASENDAMINE Meil on lahendused k\u00f5igile teie BGA rework ja remondi vajadustele. Oleme varustatud Metcal BGA jaamadega ja meie tehnikud saavad pakkuda parimat teenust. Teeme k\u00f5iki keerukaid t\u00f6id misRead More...\" \/>\n<meta property=\"og:url\" content=\"https:\/\/spets24.com\/teenused\/bga-remonditeenused\/\" \/>\n<meta property=\"og:site_name\" content=\"SPETS24 ESTONIA\" \/>\n<meta property=\"article:modified_time\" content=\"2018-02-19T16:43:14+00:00\" \/>\n<meta name=\"twitter:card\" content=\"summary_large_image\" \/>\n<script type=\"application\/ld+json\" class=\"yoast-schema-graph\">{\"@context\":\"https:\/\/schema.org\",\"@graph\":[{\"@type\":\"WebSite\",\"@id\":\"https:\/\/spets24.com\/et\/#website\",\"url\":\"https:\/\/spets24.com\/et\/\",\"name\":\"SPETS24 ESTONIA\",\"description\":\"ELEKTROONIKA &amp; IGASUGU IMELIKE MASINATE  VALMISTAMINE JA REMONT\",\"potentialAction\":[{\"@type\":\"SearchAction\",\"target\":\"https:\/\/spets24.com\/et\/?s={search_term_string}\",\"query-input\":\"required name=search_term_string\"}],\"inLanguage\":\"et\"},{\"@type\":\"WebPage\",\"@id\":\"https:\/\/spets24.com\/teenused\/bga-remonditeenused\/#webpage\",\"url\":\"https:\/\/spets24.com\/teenused\/bga-remonditeenused\/\",\"name\":\"BGA JA EMAPLAADI REMONDITEENUSED - SPETS24 ESTONIA\",\"isPartOf\":{\"@id\":\"https:\/\/spets24.com\/et\/#website\"},\"datePublished\":\"2018-02-19T11:13:28+00:00\",\"dateModified\":\"2018-02-19T16:43:14+00:00\",\"inLanguage\":\"et\",\"potentialAction\":[{\"@type\":\"ReadAction\",\"target\":[\"https:\/\/spets24.com\/teenused\/bga-remonditeenused\/\"]}]}]}<\/script>\n<!-- \/ Yoast SEO Premium plugin. -->","_links":{"self":[{"href":"https:\/\/spets24.com\/et\/wp-json\/wp\/v2\/pages\/6933","targetHints":{"allow":["GET"]}}],"collection":[{"href":"https:\/\/spets24.com\/et\/wp-json\/wp\/v2\/pages"}],"about":[{"href":"https:\/\/spets24.com\/et\/wp-json\/wp\/v2\/types\/page"}],"author":[{"embeddable":true,"href":"https:\/\/spets24.com\/et\/wp-json\/wp\/v2\/users\/1"}],"replies":[{"embeddable":true,"href":"https:\/\/spets24.com\/et\/wp-json\/wp\/v2\/comments?post=6933"}],"version-history":[{"count":5,"href":"https:\/\/spets24.com\/et\/wp-json\/wp\/v2\/pages\/6933\/revisions"}],"predecessor-version":[{"id":6999,"href":"https:\/\/spets24.com\/et\/wp-json\/wp\/v2\/pages\/6933\/revisions\/6999"}],"wp:attachment":[{"href":"https:\/\/spets24.com\/et\/wp-json\/wp\/v2\/media?parent=6933"}],"wp:term":[{"taxonomy":"yst_prominent_words","embeddable":true,"href":"https:\/\/spets24.com\/et\/wp-json\/wp\/v2\/yst_prominent_words?post=6933"}],"curies":[{"name":"wp","href":"https:\/\/api.w.org\/{rel}","templated":true}]}}