{"id":6796,"date":"2017-12-29T20:02:50","date_gmt":"2017-12-29T20:02:50","guid":{"rendered":"https:\/\/spets24.com\/?page_id=6796\/"},"modified":"2021-12-01T14:58:13","modified_gmt":"2021-12-01T14:58:13","slug":"hoverboardi-parandus","status":"publish","type":"page","link":"https:\/\/spets24.com\/et\/hoverboardi-parandus\/","title":{"rendered":"TASAKALULIKURITE PARANDUS"},"content":{"rendered":"<h3 style=\"text-align: justify;\">Kas teie hoverboard, monowheel, \u00fcherattaline v\u00f5i sequway on t\u00f6\u00f6 l\u00f5petanud v\u00f5i ei t\u00f6\u00f6ta korralikult?<\/h3>\n<p style=\"text-align: justify;\">Me saame selle parandada! Pakume parimat v\u00f5imalikku klienditeenindust ja laia varuosa valikut tasakaaluliikurite smart balance, wmotion, smart, xiaomi, ninebot ,5-, 8- ja 10-tolliste mudelite jaoks. Kasutame kvaliteetseid komponente, mis teevad s\u00f5idu sujuvamaks ja ohutumaks.<\/p>\n<h3><strong>Kas teie g\u00fcroscooter annab j\u00e4rgnevaid vigu v\u00f5i on kukkunud vette ja saanud vedelikukahjustuse ?<\/strong><\/h3>\n<ul>\n<li>Gyroskuuter ei s\u00f5ida v\u00f5i peatub koormuse all.<\/li>\n<li>Aku t\u00fchjeneb liiga kiiresti. Bluetooth ja valjuh\u00e4\u00e4ldid ei t\u00f6\u00f6ta.<\/li>\n<li>Emaplaad teeb piiksu, kui laadija on \u00fchendatud.<\/li>\n<li>Skuuter ei hoia tasakaalu.<\/li>\n<li>\u00dcks v\u00f5i m\u00f5lemad rattad on peatunud.<\/li>\n<li>\u00dcks ratas ei p\u00f6\u00f6rle isegi siis, kui m\u00f5lemad pooled teevad heli ja proovivad ennast tasakaalustada.<\/li>\n<li>\u00dcks LED-valgus j\u00e4\u00e4b helendama ka siis, kui te ei seisa rolleril.<\/li>\n<li>\u00dcks pool j\u00e4\u00e4b sissel\u00fclitatuks ka p\u00e4rast skuuterilt maha-astumist.<\/li>\n<li>Seade on liiga tundlik.<\/li>\n<li>Rollerit ei saa v\u00e4lja l\u00fclitada ega sisse l\u00fclitada. Laadija Led tule v\u00e4rv ei muutu laadimise ajal ja rolleri aku indikaator ei muutu kunagi roheliseks.<\/li>\n<li>Teie roller t\u00f6\u00f6tab, aga l\u00fclitub v\u00e4lja m\u00f5ne sekundi v\u00f5i ka m\u00f5ne minuti p\u00e4rast.<\/li>\n<li>Mootor p\u00f6\u00f6rleb vastupidises suunas.<\/li>\n<li>Vilkuv punane valgusindikaator: 0-9 korda jne.<\/li>\n<li>Seade ei tasakaalustu \u00fchel v\u00f5i teisel poolel, vilgub punane tuli. \u00a0V\u00f5i on teie tasakaaluliikur lihtsalt f\u00fc\u00fcsiliselt purunenud.<\/li>\n<\/ul>\n<h3>Tule t\u00f6\u00f6kotta ja vaatame mida saab teha!<\/h3>\n<p>&nbsp;<\/p>\n<style type=\"text\/css\">\r\n\t#foogallery-gallery-6807 .fg-image {\r\n        width: 260px;\r\n    }\r\n<\/style>\r\n\t\t\t\t<div class=\"foogallery foogallery-container foogallery-default foogallery-lightbox-foobox fg-gutter-5 fg-center fg-default fg-light fg-loaded-fade-in fg-hover-fade fg-ready\" id=\"foogallery-gallery-6807\" data-foogallery=\"{&quot;item&quot;:{&quot;showCaptionTitle&quot;:true,&quot;showCaptionDescription&quot;:false},&quot;lazy&quot;:true}\" >\r\n\t<div class=\"fg-item fg-type-image fg-idle\"><figure class=\"fg-item-inner\"><a href=\"https:\/\/spets24.com\/wp-content\/uploads\/2017\/12\/Hoverboard-repair-tenerife-3.jpg\" data-attachment-id=\"6810\" class=\"fg-thumb\"><span class=\"fg-image-wrap\"><img loading=\"lazy\" decoding=\"async\" width=\"260\" height=\"200\" class=\"skip-lazy fg-image\" data-src-fg=\"https:\/\/spets24.com\/wp-content\/uploads\/cache\/2017\/12\/Hoverboard-repair-tenerife-3\/811206226.jpg\" src=\"data:image\/svg+xml,%3Csvg%20xmlns%3D%22http%3A%2F%2Fwww.w3.org%2F2000%2Fsvg%22%20width%3D%22260%22%20height%3D%22200%22%20viewBox%3D%220%200%20260%20200%22%3E%3C%2Fsvg%3E\"><\/span><span class=\"fg-image-overlay\"><\/span><\/a><figcaption class=\"fg-caption\"><div class=\"fg-caption-inner\"><\/div><\/figcaption><\/figure><div class=\"fg-loader\"><\/div><\/div><div class=\"fg-item fg-type-image fg-idle\"><figure class=\"fg-item-inner\"><a href=\"https:\/\/spets24.com\/wp-content\/uploads\/2017\/12\/hoverboard-repair-tenerife1.jpg\" data-attachment-id=\"6822\" class=\"fg-thumb\"><span class=\"fg-image-wrap\"><img loading=\"lazy\" decoding=\"async\" width=\"260\" height=\"200\" class=\"skip-lazy fg-image\" data-src-fg=\"https:\/\/spets24.com\/wp-content\/uploads\/cache\/2017\/12\/hoverboard-repair-tenerife1\/1890892107.jpg\" src=\"data:image\/svg+xml,%3Csvg%20xmlns%3D%22http%3A%2F%2Fwww.w3.org%2F2000%2Fsvg%22%20width%3D%22260%22%20height%3D%22200%22%20viewBox%3D%220%200%20260%20200%22%3E%3C%2Fsvg%3E\"><\/span><span class=\"fg-image-overlay\"><\/span><\/a><figcaption class=\"fg-caption\"><div class=\"fg-caption-inner\"><\/div><\/figcaption><\/figure><div class=\"fg-loader\"><\/div><\/div><div class=\"fg-item fg-type-image fg-idle\"><figure class=\"fg-item-inner\"><a href=\"https:\/\/spets24.com\/wp-content\/uploads\/2017\/12\/hoverboard-repair-tenerife4.jpg\" data-attachment-id=\"6834\" class=\"fg-thumb\"><span class=\"fg-image-wrap\"><img loading=\"lazy\" decoding=\"async\" width=\"260\" height=\"200\" class=\"skip-lazy fg-image\" data-src-fg=\"https:\/\/spets24.com\/wp-content\/uploads\/cache\/2017\/12\/hoverboard-repair-tenerife4\/1855157493.jpg\" src=\"data:image\/svg+xml,%3Csvg%20xmlns%3D%22http%3A%2F%2Fwww.w3.org%2F2000%2Fsvg%22%20width%3D%22260%22%20height%3D%22200%22%20viewBox%3D%220%200%20260%20200%22%3E%3C%2Fsvg%3E\"><\/span><span class=\"fg-image-overlay\"><\/span><\/a><figcaption class=\"fg-caption\"><div class=\"fg-caption-inner\"><\/div><\/figcaption><\/figure><div class=\"fg-loader\"><\/div><\/div><div class=\"fg-item fg-type-image fg-idle\"><figure class=\"fg-item-inner\"><a href=\"https:\/\/spets24.com\/wp-content\/uploads\/2017\/12\/hoverboard-repair-tenerife5.jpg\" data-attachment-id=\"6840\" class=\"fg-thumb\"><span class=\"fg-image-wrap\"><img loading=\"lazy\" decoding=\"async\" width=\"260\" height=\"200\" class=\"skip-lazy fg-image\" data-src-fg=\"https:\/\/spets24.com\/wp-content\/uploads\/cache\/2017\/12\/hoverboard-repair-tenerife5\/430422661.jpg\" src=\"data:image\/svg+xml,%3Csvg%20xmlns%3D%22http%3A%2F%2Fwww.w3.org%2F2000%2Fsvg%22%20width%3D%22260%22%20height%3D%22200%22%20viewBox%3D%220%200%20260%20200%22%3E%3C%2Fsvg%3E\"><\/span><span class=\"fg-image-overlay\"><\/span><\/a><figcaption class=\"fg-caption\"><div class=\"fg-caption-inner\"><\/div><\/figcaption><\/figure><div class=\"fg-loader\"><\/div><\/div><\/div>\r\n\n","protected":false},"excerpt":{"rendered":"<p>Kas teie hoverboard, monowheel, \u00fcherattaline v\u00f5i sequway on t\u00f6\u00f6 l\u00f5petanud v\u00f5i ei t\u00f6\u00f6ta korralikult? Me saame selle parandada! Pakume parimat v\u00f5imalikku klienditeenindust ja laia varuosa valikut tasakaaluliikurite smart balance, wmotion, smart, xiaomi,<a class=\"moretag\" href=\"https:\/\/spets24.com\/et\/hoverboardi-parandus\/\">Read More&#8230;<\/a><\/p>\n","protected":false},"author":1,"featured_media":0,"parent":0,"menu_order":0,"comment_status":"closed","ping_status":"closed","template":"page-sidebar.php","meta":{"_mbp_gutenberg_autopost":false,"footnotes":""},"yst_prominent_words":[],"class_list":["post-6796","page","type-page","status-publish","hentry"],"yoast_head":"<!-- This site is optimized with the Yoast SEO Premium plugin v14.2 - https:\/\/yoast.com\/wordpress\/plugins\/seo\/ -->\n<title>TASAKALULIKURITE PARANDUS - SPETS24 ESTONIA<\/title>\n<meta name=\"robots\" content=\"index, follow\" \/>\n<meta name=\"googlebot\" content=\"index, follow, max-snippet:-1, max-image-preview:large, max-video-preview:-1\" \/>\n<meta name=\"bingbot\" content=\"index, follow, max-snippet:-1, max-image-preview:large, max-video-preview:-1\" \/>\n<link rel=\"canonical\" href=\"https:\/\/spets24.com\/hoverboardi-parandus\/\" \/>\n<meta property=\"og:locale\" content=\"et_EE\" \/>\n<meta property=\"og:type\" content=\"article\" \/>\n<meta property=\"og:title\" content=\"TASAKALULIKURITE PARANDUS - SPETS24 ESTONIA\" \/>\n<meta property=\"og:description\" content=\"Kas teie hoverboard, monowheel, \u00fcherattaline v\u00f5i sequway on t\u00f6\u00f6 l\u00f5petanud v\u00f5i ei t\u00f6\u00f6ta korralikult? Me saame selle parandada! Pakume parimat v\u00f5imalikku klienditeenindust ja laia varuosa valikut tasakaaluliikurite smart balance, wmotion, smart, xiaomi,Read More...\" \/>\n<meta property=\"og:url\" content=\"https:\/\/spets24.com\/hoverboardi-parandus\/\" \/>\n<meta property=\"og:site_name\" content=\"SPETS24 ESTONIA\" \/>\n<meta property=\"article:modified_time\" content=\"2021-12-01T14:58:13+00:00\" \/>\n<meta name=\"twitter:card\" content=\"summary_large_image\" \/>\n<script type=\"application\/ld+json\" class=\"yoast-schema-graph\">{\"@context\":\"https:\/\/schema.org\",\"@graph\":[{\"@type\":\"WebSite\",\"@id\":\"https:\/\/spets24.com\/et\/#website\",\"url\":\"https:\/\/spets24.com\/et\/\",\"name\":\"SPETS24 ESTONIA\",\"description\":\"ELEKTROONIKA &amp; IGASUGU IMELIKE MASINATE  VALMISTAMINE JA REMONT\",\"potentialAction\":[{\"@type\":\"SearchAction\",\"target\":\"https:\/\/spets24.com\/et\/?s={search_term_string}\",\"query-input\":\"required name=search_term_string\"}],\"inLanguage\":\"et\"},{\"@type\":\"WebPage\",\"@id\":\"https:\/\/spets24.com\/hoverboardi-parandus\/#webpage\",\"url\":\"https:\/\/spets24.com\/hoverboardi-parandus\/\",\"name\":\"TASAKALULIKURITE PARANDUS - SPETS24 ESTONIA\",\"isPartOf\":{\"@id\":\"https:\/\/spets24.com\/et\/#website\"},\"datePublished\":\"2017-12-29T20:02:50+00:00\",\"dateModified\":\"2021-12-01T14:58:13+00:00\",\"inLanguage\":\"et\",\"potentialAction\":[{\"@type\":\"ReadAction\",\"target\":[\"https:\/\/spets24.com\/hoverboardi-parandus\/\"]}]}]}<\/script>\n<!-- \/ Yoast SEO Premium plugin. -->","_links":{"self":[{"href":"https:\/\/spets24.com\/et\/wp-json\/wp\/v2\/pages\/6796","targetHints":{"allow":["GET"]}}],"collection":[{"href":"https:\/\/spets24.com\/et\/wp-json\/wp\/v2\/pages"}],"about":[{"href":"https:\/\/spets24.com\/et\/wp-json\/wp\/v2\/types\/page"}],"author":[{"embeddable":true,"href":"https:\/\/spets24.com\/et\/wp-json\/wp\/v2\/users\/1"}],"replies":[{"embeddable":true,"href":"https:\/\/spets24.com\/et\/wp-json\/wp\/v2\/comments?post=6796"}],"version-history":[{"count":3,"href":"https:\/\/spets24.com\/et\/wp-json\/wp\/v2\/pages\/6796\/revisions"}],"predecessor-version":[{"id":9715,"href":"https:\/\/spets24.com\/et\/wp-json\/wp\/v2\/pages\/6796\/revisions\/9715"}],"wp:attachment":[{"href":"https:\/\/spets24.com\/et\/wp-json\/wp\/v2\/media?parent=6796"}],"wp:term":[{"taxonomy":"yst_prominent_words","embeddable":true,"href":"https:\/\/spets24.com\/et\/wp-json\/wp\/v2\/yst_prominent_words?post=6796"}],"curies":[{"name":"wp","href":"https:\/\/api.w.org\/{rel}","templated":true}]}}