{"id":537,"date":"2015-11-25T14:18:36","date_gmt":"2015-11-25T14:18:36","guid":{"rendered":"https:\/\/spets24.com\/?page_id=537"},"modified":"2021-11-18T14:35:39","modified_gmt":"2021-11-18T14:35:39","slug":"led-ekraanid","status":"publish","type":"page","link":"https:\/\/spets24.com\/et\/led-ekraanid\/","title":{"rendered":"LED EKRAANID"},"content":{"rendered":"<h2 style=\"text-align: center;\">LED EKRAANIDE <span style=\"color: #e80a0a;\">REMONT<br \/>\n<\/span><\/h2>\n<p style=\"text-align: justify;\">Pakume \u00fchev\u00e4rvilisi ja t\u00e4isv\u00e4rvidega ekraane. Saame kombineerida erineva pikkuse ja laiusega komplekte. Vajadusel valmistame ilmastikukindla valguskasti. Remondime komponentide tasandil enamikku turul olevatest seadmetest. Korrastame ja parandame led ekraanide toiteplokke ja muid detaile. Teeme led valgustuse erilahendusi ja spets seadmeid.<\/p>\n<h2 style=\"text-align: center;\">LED EKRAANIDE <span style=\"color: #e80a0a;\">M\u00dc\u00dcK<\/span><\/h2>\n<style type=\"text\/css\">\r\n\t#foogallery-gallery-12901 .fg-image {\r\n        width: 350px;\r\n    }\r\n<\/style>\r\n\t\t\t\t<div class=\"foogallery foogallery-container foogallery-default foogallery-lightbox-foobox fg-gutter-10 fg-center fg-default fg-light fg-loaded-fade-in fg-hover-fade fg-ready\" id=\"foogallery-gallery-12901\" data-foogallery=\"{&quot;item&quot;:{&quot;showCaptionTitle&quot;:true,&quot;showCaptionDescription&quot;:true},&quot;lazy&quot;:true}\" >\r\n\t<div class=\"fg-item fg-type-image fg-idle\"><figure class=\"fg-item-inner\"><a href=\"https:\/\/spets24.com\/wp-content\/uploads\/2015\/11\/481076474_179.jpg\" data-attachment-id=\"662\" class=\"fg-thumb\"><span class=\"fg-image-wrap\"><img loading=\"lazy\" decoding=\"async\" width=\"350\" height=\"250\" class=\"skip-lazy fg-image\" data-src-fg=\"https:\/\/spets24.com\/wp-content\/uploads\/cache\/2015\/11\/481076474_179\/1132276337.jpg\" src=\"data:image\/svg+xml,%3Csvg%20xmlns%3D%22http%3A%2F%2Fwww.w3.org%2F2000%2Fsvg%22%20width%3D%22350%22%20height%3D%22250%22%20viewBox%3D%220%200%20350%20250%22%3E%3C%2Fsvg%3E\"><\/span><span class=\"fg-image-overlay\"><\/span><\/a><figcaption class=\"fg-caption\"><div class=\"fg-caption-inner\"><\/div><\/figcaption><\/figure><div class=\"fg-loader\"><\/div><\/div><div class=\"fg-item fg-type-image fg-idle\"><figure class=\"fg-item-inner\"><a href=\"https:\/\/spets24.com\/wp-content\/uploads\/2015\/11\/begushaiastroka1-1416932692.jpg\" data-attachment-id=\"659\" class=\"fg-thumb\"><span class=\"fg-image-wrap\"><img loading=\"lazy\" decoding=\"async\" width=\"350\" height=\"250\" class=\"skip-lazy fg-image\" data-src-fg=\"https:\/\/spets24.com\/wp-content\/uploads\/cache\/2015\/11\/begushaiastroka1-1416932692\/3012297106.jpg\" src=\"data:image\/svg+xml,%3Csvg%20xmlns%3D%22http%3A%2F%2Fwww.w3.org%2F2000%2Fsvg%22%20width%3D%22350%22%20height%3D%22250%22%20viewBox%3D%220%200%20350%20250%22%3E%3C%2Fsvg%3E\"><\/span><span class=\"fg-image-overlay\"><\/span><\/a><figcaption class=\"fg-caption\"><div class=\"fg-caption-inner\"><\/div><\/figcaption><\/figure><div class=\"fg-loader\"><\/div><\/div><div class=\"fg-item fg-type-image fg-idle\"><figure class=\"fg-item-inner\"><a href=\"https:\/\/spets24.com\/wp-content\/uploads\/2015\/11\/20.jpg\" data-attachment-id=\"656\" class=\"fg-thumb\"><span class=\"fg-image-wrap\"><img loading=\"lazy\" decoding=\"async\" width=\"350\" height=\"250\" class=\"skip-lazy fg-image\" data-src-fg=\"https:\/\/spets24.com\/wp-content\/uploads\/cache\/2015\/11\/20\/445966259.jpg\" src=\"data:image\/svg+xml,%3Csvg%20xmlns%3D%22http%3A%2F%2Fwww.w3.org%2F2000%2Fsvg%22%20width%3D%22350%22%20height%3D%22250%22%20viewBox%3D%220%200%20350%20250%22%3E%3C%2Fsvg%3E\"><\/span><span class=\"fg-image-overlay\"><\/span><\/a><figcaption class=\"fg-caption\"><div class=\"fg-caption-inner\"><\/div><\/figcaption><\/figure><div class=\"fg-loader\"><\/div><\/div><\/div>\r\n\n<p>&nbsp;<\/p>\n<p style=\"text-align: center;\"><a class=\"tx-button\" href=\"https:\/\/spets24.com\/kontaktid\/\" target=\"_self\" style=\"color: #ffffff; background-color: #E80A0A\">K\u00fcsi rohkem infot<\/a>\n","protected":false},"excerpt":{"rendered":"<p>LED EKRAANIDE REMONT Pakume \u00fchev\u00e4rvilisi ja t\u00e4isv\u00e4rvidega ekraane. Saame kombineerida erineva pikkuse ja laiusega komplekte. Vajadusel valmistame ilmastikukindla valguskasti. Remondime komponentide tasandil enamikku turul olevatest seadmetest. Korrastame ja parandame led ekraanide toiteplokke<a class=\"moretag\" href=\"https:\/\/spets24.com\/et\/led-ekraanid\/\">Read More&#8230;<\/a><\/p>\n","protected":false},"author":1,"featured_media":0,"parent":0,"menu_order":0,"comment_status":"closed","ping_status":"closed","template":"page-sidebar.php","meta":{"_mbp_gutenberg_autopost":false,"footnotes":""},"yst_prominent_words":[],"class_list":["post-537","page","type-page","status-publish","hentry"],"yoast_head":"<!-- This site is optimized with the Yoast SEO Premium plugin v14.2 - https:\/\/yoast.com\/wordpress\/plugins\/seo\/ -->\n<title>LED EKRAANID - SPETS24 ESTONIA<\/title>\n<meta name=\"robots\" content=\"index, follow\" \/>\n<meta name=\"googlebot\" content=\"index, follow, max-snippet:-1, max-image-preview:large, max-video-preview:-1\" \/>\n<meta name=\"bingbot\" content=\"index, follow, max-snippet:-1, max-image-preview:large, max-video-preview:-1\" \/>\n<link rel=\"canonical\" href=\"https:\/\/spets24.com\/led-ekraanid\/\" \/>\n<meta property=\"og:locale\" content=\"et_EE\" \/>\n<meta property=\"og:type\" content=\"article\" \/>\n<meta property=\"og:title\" content=\"LED EKRAANID - SPETS24 ESTONIA\" \/>\n<meta property=\"og:description\" content=\"LED EKRAANIDE REMONT Pakume \u00fchev\u00e4rvilisi ja t\u00e4isv\u00e4rvidega ekraane. Saame kombineerida erineva pikkuse ja laiusega komplekte. Vajadusel valmistame ilmastikukindla valguskasti. Remondime komponentide tasandil enamikku turul olevatest seadmetest. Korrastame ja parandame led ekraanide toiteplokkeRead More...\" \/>\n<meta property=\"og:url\" content=\"https:\/\/spets24.com\/led-ekraanid\/\" \/>\n<meta property=\"og:site_name\" content=\"SPETS24 ESTONIA\" \/>\n<meta property=\"article:modified_time\" content=\"2021-11-18T14:35:39+00:00\" \/>\n<meta name=\"twitter:card\" content=\"summary_large_image\" \/>\n<script type=\"application\/ld+json\" class=\"yoast-schema-graph\">{\"@context\":\"https:\/\/schema.org\",\"@graph\":[{\"@type\":\"WebSite\",\"@id\":\"https:\/\/spets24.com\/et\/#website\",\"url\":\"https:\/\/spets24.com\/et\/\",\"name\":\"SPETS24 ESTONIA\",\"description\":\"ELEKTROONIKA &amp; IGASUGU IMELIKE MASINATE  VALMISTAMINE JA REMONT\",\"potentialAction\":[{\"@type\":\"SearchAction\",\"target\":\"https:\/\/spets24.com\/et\/?s={search_term_string}\",\"query-input\":\"required name=search_term_string\"}],\"inLanguage\":\"et\"},{\"@type\":\"WebPage\",\"@id\":\"https:\/\/spets24.com\/led-ekraanid\/#webpage\",\"url\":\"https:\/\/spets24.com\/led-ekraanid\/\",\"name\":\"LED EKRAANID - SPETS24 ESTONIA\",\"isPartOf\":{\"@id\":\"https:\/\/spets24.com\/et\/#website\"},\"datePublished\":\"2015-11-25T14:18:36+00:00\",\"dateModified\":\"2021-11-18T14:35:39+00:00\",\"inLanguage\":\"et\",\"potentialAction\":[{\"@type\":\"ReadAction\",\"target\":[\"https:\/\/spets24.com\/led-ekraanid\/\"]}]}]}<\/script>\n<!-- \/ Yoast SEO Premium plugin. -->","_links":{"self":[{"href":"https:\/\/spets24.com\/et\/wp-json\/wp\/v2\/pages\/537","targetHints":{"allow":["GET"]}}],"collection":[{"href":"https:\/\/spets24.com\/et\/wp-json\/wp\/v2\/pages"}],"about":[{"href":"https:\/\/spets24.com\/et\/wp-json\/wp\/v2\/types\/page"}],"author":[{"embeddable":true,"href":"https:\/\/spets24.com\/et\/wp-json\/wp\/v2\/users\/1"}],"replies":[{"embeddable":true,"href":"https:\/\/spets24.com\/et\/wp-json\/wp\/v2\/comments?post=537"}],"version-history":[{"count":10,"href":"https:\/\/spets24.com\/et\/wp-json\/wp\/v2\/pages\/537\/revisions"}],"predecessor-version":[{"id":15587,"href":"https:\/\/spets24.com\/et\/wp-json\/wp\/v2\/pages\/537\/revisions\/15587"}],"wp:attachment":[{"href":"https:\/\/spets24.com\/et\/wp-json\/wp\/v2\/media?parent=537"}],"wp:term":[{"taxonomy":"yst_prominent_words","embeddable":true,"href":"https:\/\/spets24.com\/et\/wp-json\/wp\/v2\/yst_prominent_words?post=537"}],"curies":[{"name":"wp","href":"https:\/\/api.w.org\/{rel}","templated":true}]}}