{"id":1877,"date":"2016-01-14T10:02:02","date_gmt":"2016-01-14T10:02:02","guid":{"rendered":"https:\/\/spets24.com\/?page_id=1877"},"modified":"2021-11-18T09:03:53","modified_gmt":"2021-11-18T09:03:53","slug":"elektrimootorite-staatorite-mahkmine-ja-remont","status":"publish","type":"page","link":"https:\/\/spets24.com\/et\/elektrimootorite-staatorite-mahkmine-ja-remont\/","title":{"rendered":"ELEKTRIMOOTORITE STAATORITE M\u00c4HKIMINE JA REMONT"},"content":{"rendered":"<h2 style=\"text-align: center;\">L\u00dcHISROOTORIGA ELEKTRIMOOTORITE <span style=\"color: #e80a0a;\">M\u00c4HKIMISE HINNAKIRI<br \/>\n<\/span><\/h2>\n<p style=\"text-align: justify;\">L\u00fchisrootoriga 1 faasilise ja 3 faasilise toitepingega tavaliste ja mitmekiiruseliste elektrimootorite ja starterite m\u00e4hkimine. Teeme ka vajalikke elektrimootorite juures vajaminevaid lukksepat\u00f6id. Saame valmistada vajaliku spetsiaalse kinnituse v\u00f5i muu detaili. Erit\u00f6\u00f6de hind 40 EUR tund.<\/p>\n<p style=\"text-align: justify;\">Kiirt\u00f6\u00f6 korral koefitsent miinimum 1,5 v\u00f5i siis vastavalt kokkuleppele. Elektrimootorite staatorite juures esinevate lisaremont\u00f6\u00f6de hind 40 EUR tund, mis lisandub p\u00f5him\u00e4hkimise hinnale. Laagrite v\u00f5i muude komponentide vahetusel lisandub varuosa hind ja rakendub 40 EUR tunnis lisatasu.<\/p>\n<p style=\"text-align: justify;\">Mitmekiiruseliste ja keerukamate mitmem\u00e4hiseliste staatorite v\u00f5imsused liidetakse ja arvestatekse uus hind. Tabelis olevatele hindadele lisandub k\u00e4ibemaks 20 %.<\/p>\n<p style=\"text-align: justify;\">\n<table id=\"tablepress-4\" class=\"tablepress tablepress-id-4\">\n<thead>\n<tr class=\"row-1 odd\">\n\t<th class=\"column-1\">Kaal kg<\/th><th class=\"column-2\">V\u00f5imsus kw<\/th><th class=\"column-3\">P\u00f6\u00f6ret minutis<\/th><th class=\"column-4\">Hind EUR<\/th><th class=\"column-5\">Kiirt\u00f6\u00f6 72 tunni jooksul EUR<\/th>\n<\/tr>\n<\/thead>\n<tbody class=\"row-hover\">\n<tr class=\"row-2 even\">\n\t<td class=\"column-1\">1.5<\/td><td class=\"column-2\">1.1<\/td><td class=\"column-3\">1500\/3000<\/td><td class=\"column-4\">115.00<\/td><td class=\"column-5\">172.50<\/td>\n<\/tr>\n<tr class=\"row-3 odd\">\n\t<td class=\"column-1\"><\/td><td class=\"column-2\"><\/td><td class=\"column-3\">700\/900<\/td><td class=\"column-4\">120.00<\/td><td class=\"column-5\">180.00<\/td>\n<\/tr>\n<tr class=\"row-4 even\">\n\t<td class=\"column-1\">2.1<\/td><td class=\"column-2\">1.5<\/td><td class=\"column-3\">1500\/3000<\/td><td class=\"column-4\">135.00<\/td><td class=\"column-5\">202.50<\/td>\n<\/tr>\n<tr class=\"row-5 odd\">\n\t<td class=\"column-1\"><\/td><td class=\"column-2\"><\/td><td class=\"column-3\">700\/900<\/td><td class=\"column-4\">140.00<\/td><td class=\"column-5\">210.00<\/td>\n<\/tr>\n<tr class=\"row-6 even\">\n\t<td class=\"column-1\">2.6<\/td><td class=\"column-2\">2.2<\/td><td class=\"column-3\">1500\/3000<\/td><td class=\"column-4\">150.00<\/td><td class=\"column-5\">225.00<\/td>\n<\/tr>\n<tr class=\"row-7 odd\">\n\t<td class=\"column-1\"><\/td><td class=\"column-2\"><\/td><td class=\"column-3\">700\/900<\/td><td class=\"column-4\">160.00<\/td><td class=\"column-5\">240.00<\/td>\n<\/tr>\n<tr class=\"row-8 even\">\n\t<td class=\"column-1\">3.1<\/td><td class=\"column-2\">3.0<\/td><td class=\"column-3\">1500\/3000<\/td><td class=\"column-4\">170.00<\/td><td class=\"column-5\">255.00<\/td>\n<\/tr>\n<tr class=\"row-9 odd\">\n\t<td class=\"column-1\"><\/td><td class=\"column-2\"><\/td><td class=\"column-3\">700\/900<\/td><td class=\"column-4\">180.00<\/td><td class=\"column-5\">270.00<\/td>\n<\/tr>\n<tr class=\"row-10 even\">\n\t<td class=\"column-1\">4.1<\/td><td class=\"column-2\">4.0<\/td><td class=\"column-3\">1500\/3000<\/td><td class=\"column-4\">190.00<\/td><td class=\"column-5\">285.00<\/td>\n<\/tr>\n<tr class=\"row-11 odd\">\n\t<td class=\"column-1\"><\/td><td class=\"column-2\"><\/td><td class=\"column-3\">700\/900<\/td><td class=\"column-4\">200.00<\/td><td class=\"column-5\">300.00<\/td>\n<\/tr>\n<tr class=\"row-12 even\">\n\t<td class=\"column-1\">5.0<\/td><td class=\"column-2\">5.5<\/td><td class=\"column-3\">1500\/3000<\/td><td class=\"column-4\">220.00<\/td><td class=\"column-5\">330.00<\/td>\n<\/tr>\n<tr class=\"row-13 odd\">\n\t<td class=\"column-1\"><\/td><td class=\"column-2\"><\/td><td class=\"column-3\">700\/900<\/td><td class=\"column-4\">240.00<\/td><td class=\"column-5\">360.00<\/td>\n<\/tr>\n<tr class=\"row-14 even\">\n\t<td class=\"column-1\">6.9<\/td><td class=\"column-2\">7.5<\/td><td class=\"column-3\">1500\/3000<\/td><td class=\"column-4\">280.00<\/td><td class=\"column-5\">420.00<\/td>\n<\/tr>\n<tr class=\"row-15 odd\">\n\t<td class=\"column-1\"><\/td><td class=\"column-2\"><\/td><td class=\"column-3\">700\/900<\/td><td class=\"column-4\">320.00<\/td><td class=\"column-5\">480.00<\/td>\n<\/tr>\n<tr class=\"row-16 even\">\n\t<td class=\"column-1\">9.6<\/td><td class=\"column-2\">11.0<\/td><td class=\"column-3\">1500\/3000<\/td><td class=\"column-4\">360.00<\/td><td class=\"column-5\">540.00<\/td>\n<\/tr>\n<tr class=\"row-17 odd\">\n\t<td class=\"column-1\"><\/td><td class=\"column-2\"><\/td><td class=\"column-3\">700\/900<\/td><td class=\"column-4\">400.00<\/td><td class=\"column-5\">600.00<\/td>\n<\/tr>\n<tr class=\"row-18 even\">\n\t<td class=\"column-1\">12.0<\/td><td class=\"column-2\">15.0<\/td><td class=\"column-3\">1500\/3000<\/td><td class=\"column-4\">530.00<\/td><td class=\"column-5\">795.00<\/td>\n<\/tr>\n<tr class=\"row-19 odd\">\n\t<td class=\"column-1\"><\/td><td class=\"column-2\"><\/td><td class=\"column-3\">700\/900<\/td><td class=\"column-4\">600.00<\/td><td class=\"column-5\">900.00<\/td>\n<\/tr>\n<\/tbody>\n<\/table>\n<!-- #tablepress-4 from cache -->\n<p style=\"text-align: center;\"><a class=\"tx-button\" href=\"https:\/\/spets24.com\/kontaktid\/\" target=\"_self\" style=\"color: #ffffff; background-color: #E80A0A\">K\u00fcsi rohkem infot<\/a>\n<style type=\"text\/css\">\r\n\t#foogallery-gallery-4739 .fg-image {\r\n        width: 350px;\r\n    }\r\n<\/style>\r\n\t\t\t\t<div class=\"foogallery foogallery-container foogallery-default foogallery-lightbox-foobox fg-gutter-10 fg-center fg-default fg-light fg-border-thin fg-loaded-fade-in fg-hover-fade fg-ready\" id=\"foogallery-gallery-4739\" data-foogallery=\"{&quot;item&quot;:{&quot;showCaptionTitle&quot;:true,&quot;showCaptionDescription&quot;:false},&quot;lazy&quot;:true}\" >\r\n\t<div class=\"fg-item fg-type-image fg-idle\"><figure class=\"fg-item-inner\"><a href=\"https:\/\/spets24.com\/wp-content\/uploads\/2017\/03\/rsz_img_0375.jpg\" data-attachment-id=\"12578\" class=\"fg-thumb\"><span class=\"fg-image-wrap\"><img loading=\"lazy\" decoding=\"async\" width=\"350\" height=\"250\" class=\"skip-lazy fg-image\" data-src-fg=\"https:\/\/spets24.com\/wp-content\/uploads\/cache\/2017\/03\/rsz_img_0375\/3061295178.jpg\" src=\"data:image\/svg+xml,%3Csvg%20xmlns%3D%22http%3A%2F%2Fwww.w3.org%2F2000%2Fsvg%22%20width%3D%22350%22%20height%3D%22250%22%20viewBox%3D%220%200%20350%20250%22%3E%3C%2Fsvg%3E\"><\/span><span class=\"fg-image-overlay\"><\/span><\/a><figcaption class=\"fg-caption\"><div class=\"fg-caption-inner\"><\/div><\/figcaption><\/figure><div class=\"fg-loader\"><\/div><\/div><div class=\"fg-item fg-type-image fg-idle\"><figure class=\"fg-item-inner\"><a href=\"https:\/\/spets24.com\/wp-content\/uploads\/2017\/03\/rsz_img_0373.jpg\" data-attachment-id=\"12572\" class=\"fg-thumb\"><span class=\"fg-image-wrap\"><img loading=\"lazy\" decoding=\"async\" width=\"350\" height=\"250\" class=\"skip-lazy fg-image\" data-src-fg=\"https:\/\/spets24.com\/wp-content\/uploads\/cache\/2017\/03\/rsz_img_0373\/2820736610.jpg\" src=\"data:image\/svg+xml,%3Csvg%20xmlns%3D%22http%3A%2F%2Fwww.w3.org%2F2000%2Fsvg%22%20width%3D%22350%22%20height%3D%22250%22%20viewBox%3D%220%200%20350%20250%22%3E%3C%2Fsvg%3E\"><\/span><span class=\"fg-image-overlay\"><\/span><\/a><figcaption class=\"fg-caption\"><div class=\"fg-caption-inner\"><\/div><\/figcaption><\/figure><div class=\"fg-loader\"><\/div><\/div><div class=\"fg-item fg-type-image fg-idle\"><figure class=\"fg-item-inner\"><a href=\"https:\/\/spets24.com\/wp-content\/uploads\/2017\/03\/rsz_img_0367.jpg\" data-attachment-id=\"12566\" class=\"fg-thumb\"><span class=\"fg-image-wrap\"><img loading=\"lazy\" decoding=\"async\" width=\"350\" height=\"250\" class=\"skip-lazy fg-image\" data-src-fg=\"https:\/\/spets24.com\/wp-content\/uploads\/cache\/2017\/03\/rsz_img_0367\/4154286785.jpg\" src=\"data:image\/svg+xml,%3Csvg%20xmlns%3D%22http%3A%2F%2Fwww.w3.org%2F2000%2Fsvg%22%20width%3D%22350%22%20height%3D%22250%22%20viewBox%3D%220%200%20350%20250%22%3E%3C%2Fsvg%3E\"><\/span><span class=\"fg-image-overlay\"><\/span><\/a><figcaption class=\"fg-caption\"><div class=\"fg-caption-inner\"><\/div><\/figcaption><\/figure><div class=\"fg-loader\"><\/div><\/div><div class=\"fg-item fg-type-image fg-idle\"><figure class=\"fg-item-inner\"><a href=\"https:\/\/spets24.com\/wp-content\/uploads\/2017\/03\/rsz_img_0101.jpg\" data-attachment-id=\"12560\" class=\"fg-thumb\"><span class=\"fg-image-wrap\"><img loading=\"lazy\" decoding=\"async\" width=\"350\" height=\"250\" class=\"skip-lazy fg-image\" data-src-fg=\"https:\/\/spets24.com\/wp-content\/uploads\/cache\/2017\/03\/rsz_img_0101\/3101318571.jpg\" src=\"data:image\/svg+xml,%3Csvg%20xmlns%3D%22http%3A%2F%2Fwww.w3.org%2F2000%2Fsvg%22%20width%3D%22350%22%20height%3D%22250%22%20viewBox%3D%220%200%20350%20250%22%3E%3C%2Fsvg%3E\"><\/span><span class=\"fg-image-overlay\"><\/span><\/a><figcaption class=\"fg-caption\"><div class=\"fg-caption-inner\"><\/div><\/figcaption><\/figure><div class=\"fg-loader\"><\/div><\/div><div class=\"fg-item fg-type-image fg-idle\"><figure class=\"fg-item-inner\"><a href=\"https:\/\/spets24.com\/wp-content\/uploads\/2017\/03\/rsz_img_0099.jpg\" data-attachment-id=\"12554\" class=\"fg-thumb\"><span class=\"fg-image-wrap\"><img loading=\"lazy\" decoding=\"async\" width=\"350\" height=\"250\" class=\"skip-lazy fg-image\" data-src-fg=\"https:\/\/spets24.com\/wp-content\/uploads\/cache\/2017\/03\/rsz_img_0099\/725405069.jpg\" src=\"data:image\/svg+xml,%3Csvg%20xmlns%3D%22http%3A%2F%2Fwww.w3.org%2F2000%2Fsvg%22%20width%3D%22350%22%20height%3D%22250%22%20viewBox%3D%220%200%20350%20250%22%3E%3C%2Fsvg%3E\"><\/span><span class=\"fg-image-overlay\"><\/span><\/a><figcaption class=\"fg-caption\"><div class=\"fg-caption-inner\"><\/div><\/figcaption><\/figure><div class=\"fg-loader\"><\/div><\/div><div class=\"fg-item fg-type-image fg-idle\"><figure class=\"fg-item-inner\"><a href=\"https:\/\/spets24.com\/wp-content\/uploads\/2017\/03\/rsz_img_0097.jpg\" data-attachment-id=\"12548\" class=\"fg-thumb\"><span class=\"fg-image-wrap\"><img loading=\"lazy\" decoding=\"async\" width=\"350\" height=\"250\" class=\"skip-lazy fg-image\" data-src-fg=\"https:\/\/spets24.com\/wp-content\/uploads\/cache\/2017\/03\/rsz_img_0097\/2143253308.jpg\" src=\"data:image\/svg+xml,%3Csvg%20xmlns%3D%22http%3A%2F%2Fwww.w3.org%2F2000%2Fsvg%22%20width%3D%22350%22%20height%3D%22250%22%20viewBox%3D%220%200%20350%20250%22%3E%3C%2Fsvg%3E\"><\/span><span class=\"fg-image-overlay\"><\/span><\/a><figcaption class=\"fg-caption\"><div class=\"fg-caption-inner\"><\/div><\/figcaption><\/figure><div class=\"fg-loader\"><\/div><\/div><div class=\"fg-item fg-type-image fg-idle\"><figure class=\"fg-item-inner\"><a href=\"https:\/\/spets24.com\/wp-content\/uploads\/2017\/03\/rsz_img_0093.jpg\" data-attachment-id=\"12542\" class=\"fg-thumb\"><span class=\"fg-image-wrap\"><img loading=\"lazy\" decoding=\"async\" width=\"350\" height=\"250\" class=\"skip-lazy fg-image\" data-src-fg=\"https:\/\/spets24.com\/wp-content\/uploads\/cache\/2017\/03\/rsz_img_0093\/600627817.jpg\" src=\"data:image\/svg+xml,%3Csvg%20xmlns%3D%22http%3A%2F%2Fwww.w3.org%2F2000%2Fsvg%22%20width%3D%22350%22%20height%3D%22250%22%20viewBox%3D%220%200%20350%20250%22%3E%3C%2Fsvg%3E\"><\/span><span class=\"fg-image-overlay\"><\/span><\/a><figcaption class=\"fg-caption\"><div class=\"fg-caption-inner\"><\/div><\/figcaption><\/figure><div class=\"fg-loader\"><\/div><\/div><div class=\"fg-item fg-type-image fg-idle\"><figure class=\"fg-item-inner\"><a href=\"https:\/\/spets24.com\/wp-content\/uploads\/2017\/03\/IMG_0004.jpg\" data-attachment-id=\"4768\" class=\"fg-thumb\"><span class=\"fg-image-wrap\"><img loading=\"lazy\" decoding=\"async\" width=\"350\" height=\"250\" class=\"skip-lazy fg-image\" data-src-fg=\"https:\/\/spets24.com\/wp-content\/uploads\/cache\/2017\/03\/IMG_0004\/3931482854.jpg\" src=\"data:image\/svg+xml,%3Csvg%20xmlns%3D%22http%3A%2F%2Fwww.w3.org%2F2000%2Fsvg%22%20width%3D%22350%22%20height%3D%22250%22%20viewBox%3D%220%200%20350%20250%22%3E%3C%2Fsvg%3E\"><\/span><span class=\"fg-image-overlay\"><\/span><\/a><figcaption class=\"fg-caption\"><div class=\"fg-caption-inner\"><\/div><\/figcaption><\/figure><div class=\"fg-loader\"><\/div><\/div><div class=\"fg-item fg-type-image fg-idle\"><figure class=\"fg-item-inner\"><a href=\"https:\/\/spets24.com\/wp-content\/uploads\/2017\/03\/IMG_0003.jpg\" data-attachment-id=\"4764\" class=\"fg-thumb\"><span class=\"fg-image-wrap\"><img loading=\"lazy\" decoding=\"async\" width=\"350\" height=\"250\" class=\"skip-lazy fg-image\" data-src-fg=\"https:\/\/spets24.com\/wp-content\/uploads\/cache\/2017\/03\/IMG_0003\/1669421608.jpg\" src=\"data:image\/svg+xml,%3Csvg%20xmlns%3D%22http%3A%2F%2Fwww.w3.org%2F2000%2Fsvg%22%20width%3D%22350%22%20height%3D%22250%22%20viewBox%3D%220%200%20350%20250%22%3E%3C%2Fsvg%3E\"><\/span><span class=\"fg-image-overlay\"><\/span><\/a><figcaption class=\"fg-caption\"><div class=\"fg-caption-inner\"><\/div><\/figcaption><\/figure><div class=\"fg-loader\"><\/div><\/div><div class=\"fg-item fg-type-image fg-idle\"><figure class=\"fg-item-inner\"><a href=\"https:\/\/spets24.com\/wp-content\/uploads\/2017\/03\/IMG_9664.jpg\" data-attachment-id=\"4760\" class=\"fg-thumb\"><span class=\"fg-image-wrap\"><img loading=\"lazy\" decoding=\"async\" width=\"350\" height=\"250\" class=\"skip-lazy fg-image\" data-src-fg=\"https:\/\/spets24.com\/wp-content\/uploads\/cache\/2017\/03\/IMG_9664\/2754425099.jpg\" src=\"data:image\/svg+xml,%3Csvg%20xmlns%3D%22http%3A%2F%2Fwww.w3.org%2F2000%2Fsvg%22%20width%3D%22350%22%20height%3D%22250%22%20viewBox%3D%220%200%20350%20250%22%3E%3C%2Fsvg%3E\"><\/span><span class=\"fg-image-overlay\"><\/span><\/a><figcaption class=\"fg-caption\"><div class=\"fg-caption-inner\"><\/div><\/figcaption><\/figure><div class=\"fg-loader\"><\/div><\/div><div class=\"fg-item fg-type-image fg-idle\"><figure class=\"fg-item-inner\"><a href=\"https:\/\/spets24.com\/wp-content\/uploads\/2017\/03\/IMG_9667.jpg\" data-attachment-id=\"4756\" class=\"fg-thumb\"><span class=\"fg-image-wrap\"><img loading=\"lazy\" decoding=\"async\" width=\"350\" height=\"250\" class=\"skip-lazy fg-image\" data-src-fg=\"https:\/\/spets24.com\/wp-content\/uploads\/cache\/2017\/03\/IMG_9667\/1831329696.jpg\" src=\"data:image\/svg+xml,%3Csvg%20xmlns%3D%22http%3A%2F%2Fwww.w3.org%2F2000%2Fsvg%22%20width%3D%22350%22%20height%3D%22250%22%20viewBox%3D%220%200%20350%20250%22%3E%3C%2Fsvg%3E\"><\/span><span class=\"fg-image-overlay\"><\/span><\/a><figcaption class=\"fg-caption\"><div class=\"fg-caption-inner\"><\/div><\/figcaption><\/figure><div class=\"fg-loader\"><\/div><\/div><div class=\"fg-item fg-type-image fg-idle\"><figure class=\"fg-item-inner\"><a href=\"https:\/\/spets24.com\/wp-content\/uploads\/2017\/03\/IMG_9666.jpg\" data-attachment-id=\"4752\" class=\"fg-thumb\"><span class=\"fg-image-wrap\"><img loading=\"lazy\" decoding=\"async\" width=\"350\" height=\"250\" class=\"skip-lazy fg-image\" data-src-fg=\"https:\/\/spets24.com\/wp-content\/uploads\/cache\/2017\/03\/IMG_9666\/1772980812.jpg\" src=\"data:image\/svg+xml,%3Csvg%20xmlns%3D%22http%3A%2F%2Fwww.w3.org%2F2000%2Fsvg%22%20width%3D%22350%22%20height%3D%22250%22%20viewBox%3D%220%200%20350%20250%22%3E%3C%2Fsvg%3E\"><\/span><span class=\"fg-image-overlay\"><\/span><\/a><figcaption class=\"fg-caption\"><div class=\"fg-caption-inner\"><\/div><\/figcaption><\/figure><div class=\"fg-loader\"><\/div><\/div><div class=\"fg-item fg-type-image fg-idle\"><figure class=\"fg-item-inner\"><a href=\"https:\/\/spets24.com\/wp-content\/uploads\/2017\/03\/IMG_9668.jpg\" data-attachment-id=\"4748\" class=\"fg-thumb\"><span class=\"fg-image-wrap\"><img loading=\"lazy\" decoding=\"async\" width=\"350\" height=\"250\" class=\"skip-lazy fg-image\" data-src-fg=\"https:\/\/spets24.com\/wp-content\/uploads\/cache\/2017\/03\/IMG_9668\/174756835.jpg\" src=\"data:image\/svg+xml,%3Csvg%20xmlns%3D%22http%3A%2F%2Fwww.w3.org%2F2000%2Fsvg%22%20width%3D%22350%22%20height%3D%22250%22%20viewBox%3D%220%200%20350%20250%22%3E%3C%2Fsvg%3E\"><\/span><span class=\"fg-image-overlay\"><\/span><\/a><figcaption class=\"fg-caption\"><div class=\"fg-caption-inner\"><\/div><\/figcaption><\/figure><div class=\"fg-loader\"><\/div><\/div><div class=\"fg-item fg-type-image fg-idle\"><figure class=\"fg-item-inner\"><a href=\"https:\/\/spets24.com\/wp-content\/uploads\/2017\/03\/IMG_5540.jpg\" data-attachment-id=\"4744\" class=\"fg-thumb\"><span class=\"fg-image-wrap\"><img loading=\"lazy\" decoding=\"async\" width=\"350\" height=\"250\" class=\"skip-lazy fg-image\" data-src-fg=\"https:\/\/spets24.com\/wp-content\/uploads\/cache\/2017\/03\/IMG_5540\/2504356035.jpg\" src=\"data:image\/svg+xml,%3Csvg%20xmlns%3D%22http%3A%2F%2Fwww.w3.org%2F2000%2Fsvg%22%20width%3D%22350%22%20height%3D%22250%22%20viewBox%3D%220%200%20350%20250%22%3E%3C%2Fsvg%3E\"><\/span><span class=\"fg-image-overlay\"><\/span><\/a><figcaption class=\"fg-caption\"><div class=\"fg-caption-inner\"><\/div><\/figcaption><\/figure><div class=\"fg-loader\"><\/div><\/div><div class=\"fg-item fg-type-image fg-idle\"><figure class=\"fg-item-inner\"><a href=\"https:\/\/spets24.com\/wp-content\/uploads\/2017\/03\/IMG_5539.jpg\" data-attachment-id=\"4740\" class=\"fg-thumb\"><span class=\"fg-image-wrap\"><img loading=\"lazy\" decoding=\"async\" width=\"350\" height=\"250\" class=\"skip-lazy fg-image\" data-src-fg=\"https:\/\/spets24.com\/wp-content\/uploads\/cache\/2017\/03\/IMG_5539\/642470739.jpg\" src=\"data:image\/svg+xml,%3Csvg%20xmlns%3D%22http%3A%2F%2Fwww.w3.org%2F2000%2Fsvg%22%20width%3D%22350%22%20height%3D%22250%22%20viewBox%3D%220%200%20350%20250%22%3E%3C%2Fsvg%3E\"><\/span><span class=\"fg-image-overlay\"><\/span><\/a><figcaption class=\"fg-caption\"><div class=\"fg-caption-inner\"><\/div><\/figcaption><\/figure><div class=\"fg-loader\"><\/div><\/div><\/div>\r\n\n<p style=\"text-align: center;\">\n","protected":false},"excerpt":{"rendered":"<p>L\u00dcHISROOTORIGA ELEKTRIMOOTORITE M\u00c4HKIMISE HINNAKIRI L\u00fchisrootoriga 1 faasilise ja 3 faasilise toitepingega tavaliste ja mitmekiiruseliste elektrimootorite ja starterite m\u00e4hkimine. Teeme ka vajalikke elektrimootorite juures vajaminevaid lukksepat\u00f6id. Saame valmistada vajaliku spetsiaalse kinnituse v\u00f5i muu<a class=\"moretag\" href=\"https:\/\/spets24.com\/et\/elektrimootorite-staatorite-mahkmine-ja-remont\/\">Read More&#8230;<\/a><\/p>\n","protected":false},"author":1,"featured_media":0,"parent":0,"menu_order":0,"comment_status":"closed","ping_status":"closed","template":"page-sidebar.php","meta":{"_mbp_gutenberg_autopost":false,"footnotes":""},"yst_prominent_words":[],"class_list":["post-1877","page","type-page","status-publish","hentry"],"yoast_head":"<!-- This site is optimized with the Yoast SEO Premium plugin v14.2 - https:\/\/yoast.com\/wordpress\/plugins\/seo\/ -->\n<title>ELEKTRIMOOTORITE STAATORITE M\u00c4HKIMINE JA REMONT - SPETS24 ESTONIA<\/title>\n<meta name=\"robots\" content=\"index, follow\" \/>\n<meta name=\"googlebot\" content=\"index, follow, max-snippet:-1, max-image-preview:large, max-video-preview:-1\" \/>\n<meta name=\"bingbot\" content=\"index, follow, max-snippet:-1, max-image-preview:large, max-video-preview:-1\" \/>\n<link rel=\"canonical\" href=\"https:\/\/spets24.com\/elektrimootorite-staatorite-mahkmine-ja-remont\/\" \/>\n<meta property=\"og:locale\" content=\"et_EE\" \/>\n<meta property=\"og:type\" content=\"article\" \/>\n<meta property=\"og:title\" content=\"ELEKTRIMOOTORITE STAATORITE M\u00c4HKIMINE JA REMONT - SPETS24 ESTONIA\" \/>\n<meta property=\"og:description\" content=\"L\u00dcHISROOTORIGA ELEKTRIMOOTORITE M\u00c4HKIMISE HINNAKIRI L\u00fchisrootoriga 1 faasilise ja 3 faasilise toitepingega tavaliste ja mitmekiiruseliste elektrimootorite ja starterite m\u00e4hkimine. Teeme ka vajalikke elektrimootorite juures vajaminevaid lukksepat\u00f6id. Saame valmistada vajaliku spetsiaalse kinnituse v\u00f5i muuRead More...\" \/>\n<meta property=\"og:url\" content=\"https:\/\/spets24.com\/elektrimootorite-staatorite-mahkmine-ja-remont\/\" \/>\n<meta property=\"og:site_name\" content=\"SPETS24 ESTONIA\" \/>\n<meta property=\"article:modified_time\" content=\"2021-11-18T09:03:53+00:00\" \/>\n<meta name=\"twitter:card\" content=\"summary_large_image\" \/>\n<script type=\"application\/ld+json\" class=\"yoast-schema-graph\">{\"@context\":\"https:\/\/schema.org\",\"@graph\":[{\"@type\":\"WebSite\",\"@id\":\"https:\/\/spets24.com\/et\/#website\",\"url\":\"https:\/\/spets24.com\/et\/\",\"name\":\"SPETS24 ESTONIA\",\"description\":\"ELEKTROONIKA &amp; IGASUGU IMELIKE MASINATE  VALMISTAMINE JA REMONT\",\"potentialAction\":[{\"@type\":\"SearchAction\",\"target\":\"https:\/\/spets24.com\/et\/?s={search_term_string}\",\"query-input\":\"required name=search_term_string\"}],\"inLanguage\":\"et\"},{\"@type\":\"WebPage\",\"@id\":\"https:\/\/spets24.com\/elektrimootorite-staatorite-mahkmine-ja-remont\/#webpage\",\"url\":\"https:\/\/spets24.com\/elektrimootorite-staatorite-mahkmine-ja-remont\/\",\"name\":\"ELEKTRIMOOTORITE STAATORITE M\\u00c4HKIMINE JA REMONT - SPETS24 ESTONIA\",\"isPartOf\":{\"@id\":\"https:\/\/spets24.com\/et\/#website\"},\"datePublished\":\"2016-01-14T10:02:02+00:00\",\"dateModified\":\"2021-11-18T09:03:53+00:00\",\"inLanguage\":\"et\",\"potentialAction\":[{\"@type\":\"ReadAction\",\"target\":[\"https:\/\/spets24.com\/elektrimootorite-staatorite-mahkmine-ja-remont\/\"]}]}]}<\/script>\n<!-- \/ Yoast SEO Premium plugin. -->","_links":{"self":[{"href":"https:\/\/spets24.com\/et\/wp-json\/wp\/v2\/pages\/1877","targetHints":{"allow":["GET"]}}],"collection":[{"href":"https:\/\/spets24.com\/et\/wp-json\/wp\/v2\/pages"}],"about":[{"href":"https:\/\/spets24.com\/et\/wp-json\/wp\/v2\/types\/page"}],"author":[{"embeddable":true,"href":"https:\/\/spets24.com\/et\/wp-json\/wp\/v2\/users\/1"}],"replies":[{"embeddable":true,"href":"https:\/\/spets24.com\/et\/wp-json\/wp\/v2\/comments?post=1877"}],"version-history":[{"count":6,"href":"https:\/\/spets24.com\/et\/wp-json\/wp\/v2\/pages\/1877\/revisions"}],"predecessor-version":[{"id":15541,"href":"https:\/\/spets24.com\/et\/wp-json\/wp\/v2\/pages\/1877\/revisions\/15541"}],"wp:attachment":[{"href":"https:\/\/spets24.com\/et\/wp-json\/wp\/v2\/media?parent=1877"}],"wp:term":[{"taxonomy":"yst_prominent_words","embeddable":true,"href":"https:\/\/spets24.com\/et\/wp-json\/wp\/v2\/yst_prominent_words?post=1877"}],"curies":[{"name":"wp","href":"https:\/\/api.w.org\/{rel}","templated":true}]}}