{"id":15550,"date":"2021-11-18T13:08:15","date_gmt":"2021-11-18T13:08:15","guid":{"rendered":"https:\/\/spets24.com\/?page_id=15550"},"modified":"2021-11-19T10:44:45","modified_gmt":"2021-11-19T10:44:45","slug":"telefonide-ja-tahvelarvuti-remont","status":"publish","type":"page","link":"https:\/\/spets24.com\/et\/telefonide-ja-tahvelarvuti-remont\/","title":{"rendered":"TELEFONIDE JA TAHVELARVUTI REMONT"},"content":{"rendered":"\t\t<div data-elementor-type=\"wp-page\" data-elementor-id=\"15550\" class=\"elementor elementor-15550\" data-elementor-settings=\"[]\">\n\t\t\t\t\t\t\t<div class=\"elementor-section-wrap\">\n\t\t\t\t\t\t\t<section class=\"elementor-section elementor-top-section elementor-element elementor-element-4f7c8ec elementor-section-full_width elementor-section-height-default elementor-section-height-default\" data-id=\"4f7c8ec\" data-element_type=\"section\">\n\t\t\t\t\t\t<div class=\"elementor-container elementor-column-gap-default\">\n\t\t\t\t\t<div class=\"elementor-column elementor-col-100 elementor-top-column elementor-element elementor-element-158a8d49\" data-id=\"158a8d49\" data-element_type=\"column\">\n\t\t\t<div class=\"elementor-widget-wrap elementor-element-populated\">\n\t\t\t\t\t\t\t\t<div class=\"elementor-element elementor-element-6d3b88b elementor-widget elementor-widget-shortcode\" data-id=\"6d3b88b\" data-element_type=\"widget\" data-widget_type=\"shortcode.default\">\n\t\t\t\t<div class=\"elementor-widget-container\">\n\t\t\t\t\t<div class=\"elementor-shortcode\"><div class=\"tx-service square\" style=\"\"><div class=\"tx-service-icon\"><span><i class=\"fa fa fa-mobile fa-spin\"><\/i><\/span><\/div><div class=\"tx-service-title\"><\/div><div class=\"tx-service-text\"><\/div><\/div><\/div>\n\t\t\t\t<\/div>\n\t\t\t\t<\/div>\n\t\t\t\t<div class=\"elementor-element elementor-element-6bc60d2c elementor-widget elementor-widget-heading\" data-id=\"6bc60d2c\" data-element_type=\"widget\" data-widget_type=\"heading.default\">\n\t\t\t\t<div class=\"elementor-widget-container\">\n\t\t\t<style>\/*! elementor - v3.5.3 - 28-12-2021 *\/\n.elementor-heading-title{padding:0;margin:0;line-height:1}.elementor-widget-heading .elementor-heading-title[class*=elementor-size-]>a{color:inherit;font-size:inherit;line-height:inherit}.elementor-widget-heading .elementor-heading-title.elementor-size-small{font-size:15px}.elementor-widget-heading .elementor-heading-title.elementor-size-medium{font-size:19px}.elementor-widget-heading .elementor-heading-title.elementor-size-large{font-size:29px}.elementor-widget-heading .elementor-heading-title.elementor-size-xl{font-size:39px}.elementor-widget-heading .elementor-heading-title.elementor-size-xxl{font-size:59px}<\/style><h2 class=\"elementor-heading-title elementor-size-default\">TELEFONIDE JA TAHVELARVUTI REMONT<\/h2>\t\t<\/div>\n\t\t\t\t<\/div>\n\t\t\t\t<div class=\"elementor-element elementor-element-d258fea elementor-widget elementor-widget-image\" data-id=\"d258fea\" data-element_type=\"widget\" data-widget_type=\"image.default\">\n\t\t\t\t<div class=\"elementor-widget-container\">\n\t\t\t<style>\/*! elementor - v3.5.3 - 28-12-2021 *\/\n.elementor-widget-image{text-align:center}.elementor-widget-image a{display:inline-block}.elementor-widget-image a img[src$=\".svg\"]{width:48px}.elementor-widget-image img{vertical-align:middle;display:inline-block}<\/style>\t\t\t\t\t\t\t\t\t\t\t\t<img decoding=\"async\" src=\"https:\/\/spets24.com\/wp-content\/uploads\/elementor\/thumbs\/slide-pgaejfoouk9iget13nr34ks1uz8gubtl11hafln928.jpg\" title=\"slide\" alt=\"slide\" \/>\t\t\t\t\t\t\t\t\t\t\t\t\t\t\t<\/div>\n\t\t\t\t<\/div>\n\t\t\t\t\t<\/div>\n\t\t<\/div>\n\t\t\t\t\t\t\t<\/div>\n\t\t<\/section>\n\t\t\t\t<section class=\"elementor-section elementor-top-section elementor-element elementor-element-6429b14 elementor-section-boxed elementor-section-height-default elementor-section-height-default\" data-id=\"6429b14\" data-element_type=\"section\">\n\t\t\t\t\t\t<div class=\"elementor-container elementor-column-gap-default\">\n\t\t\t\t\t<div class=\"elementor-column elementor-col-100 elementor-top-column elementor-element elementor-element-7b1b02a\" data-id=\"7b1b02a\" data-element_type=\"column\">\n\t\t\t<div class=\"elementor-widget-wrap elementor-element-populated\">\n\t\t\t\t\t\t\t\t<div class=\"elementor-element elementor-element-29393efb elementor-widget elementor-widget-heading\" data-id=\"29393efb\" data-element_type=\"widget\" data-widget_type=\"heading.default\">\n\t\t\t\t<div class=\"elementor-widget-container\">\n\t\t\t<h2 class=\"elementor-heading-title elementor-size-default\">Aitame teid jargnevate probleemidega:<\/h2>\t\t<\/div>\n\t\t\t\t<\/div>\n\t\t\t\t\t<\/div>\n\t\t<\/div>\n\t\t\t\t\t\t\t<\/div>\n\t\t<\/section>\n\t\t\t\t<section class=\"elementor-section elementor-top-section elementor-element elementor-element-d65afda elementor-section-boxed elementor-section-height-default elementor-section-height-default\" data-id=\"d65afda\" data-element_type=\"section\">\n\t\t\t\t\t\t<div class=\"elementor-container elementor-column-gap-default\">\n\t\t\t\t\t<div class=\"elementor-column elementor-col-50 elementor-top-column elementor-element elementor-element-9c0c2fe\" data-id=\"9c0c2fe\" data-element_type=\"column\">\n\t\t\t<div class=\"elementor-widget-wrap elementor-element-populated\">\n\t\t\t\t\t\t\t\t<div class=\"elementor-element elementor-element-fed9890 elementor-widget elementor-widget-heading\" data-id=\"fed9890\" data-element_type=\"widget\" data-widget_type=\"heading.default\">\n\t\t\t\t<div class=\"elementor-widget-container\">\n\t\t\t<h3 class=\"elementor-heading-title elementor-size-default\">Ekraani vahetus\u00a0<\/h3>\t\t<\/div>\n\t\t\t\t<\/div>\n\t\t\t\t<div class=\"elementor-element elementor-element-44ea1a5 elementor-widget elementor-widget-text-editor\" data-id=\"44ea1a5\" data-element_type=\"widget\" data-widget_type=\"text-editor.default\">\n\t\t\t\t<div class=\"elementor-widget-container\">\n\t\t\t<style>\/*! elementor - v3.5.3 - 28-12-2021 *\/\n.elementor-widget-text-editor.elementor-drop-cap-view-stacked .elementor-drop-cap{background-color:#818a91;color:#fff}.elementor-widget-text-editor.elementor-drop-cap-view-framed .elementor-drop-cap{color:#818a91;border:3px solid;background-color:transparent}.elementor-widget-text-editor:not(.elementor-drop-cap-view-default) .elementor-drop-cap{margin-top:8px}.elementor-widget-text-editor:not(.elementor-drop-cap-view-default) .elementor-drop-cap-letter{width:1em;height:1em}.elementor-widget-text-editor .elementor-drop-cap{float:left;text-align:center;line-height:1;font-size:50px}.elementor-widget-text-editor .elementor-drop-cap-letter{display:inline-block}<\/style>\t\t\t\t<p>Ekraan on katki v\u00f5i seade ei reageeri puudutustele\u00a0\u00a0\u00a0 \u00a0\u00a0\u00a0<\/p>\t\t\t\t\t\t<\/div>\n\t\t\t\t<\/div>\n\t\t\t\t<div class=\"elementor-element elementor-element-888f764 elementor-widget elementor-widget-heading\" data-id=\"888f764\" data-element_type=\"widget\" data-widget_type=\"heading.default\">\n\t\t\t\t<div class=\"elementor-widget-container\">\n\t\t\t<h3 class=\"elementor-heading-title elementor-size-default\">Laadimispesa vahetus\u00a0\u00a0\u00a0 \u00a0\u00a0\u00a0<\/h3>\t\t<\/div>\n\t\t\t\t<\/div>\n\t\t\t\t<div class=\"elementor-element elementor-element-a697cab elementor-widget elementor-widget-text-editor\" data-id=\"a697cab\" data-element_type=\"widget\" data-widget_type=\"text-editor.default\">\n\t\t\t\t<div class=\"elementor-widget-container\">\n\t\t\t\t\t\t\t<p>Telefon laeb aeglaselt, katkendlikult v\u00f5i ei lae \u00fcldse\u00a0\u00a0\u00a0<\/p>\t\t\t\t\t\t<\/div>\n\t\t\t\t<\/div>\n\t\t\t\t<div class=\"elementor-element elementor-element-3a32f95 elementor-widget elementor-widget-heading\" data-id=\"3a32f95\" data-element_type=\"widget\" data-widget_type=\"heading.default\">\n\t\t\t\t<div class=\"elementor-widget-container\">\n\t\t\t<h3 class=\"elementor-heading-title elementor-size-default\">Mikrofoni vahetus v\u00f5i puhastus\u00a0\u00a0\u00a0<\/h3>\t\t<\/div>\n\t\t\t\t<\/div>\n\t\t\t\t<div class=\"elementor-element elementor-element-5591faa elementor-widget elementor-widget-text-editor\" data-id=\"5591faa\" data-element_type=\"widget\" data-widget_type=\"text-editor.default\">\n\t\t\t\t<div class=\"elementor-widget-container\">\n\t\t\t\t\t\t\t<p>Kaasvesteleja ei kuule sind \u00fcldse v\u00f5i kuuleb kehvasti<\/p>\t\t\t\t\t\t<\/div>\n\t\t\t\t<\/div>\n\t\t\t\t<div class=\"elementor-element elementor-element-ccae9f4 elementor-widget elementor-widget-heading\" data-id=\"ccae9f4\" data-element_type=\"widget\" data-widget_type=\"heading.default\">\n\t\t\t\t<div class=\"elementor-widget-container\">\n\t\t\t<h3 class=\"elementor-heading-title elementor-size-default\">Nupu lintkaabli vahetus v\u00f5i jootmine\u00a0\u00a0\u00a0 \u00a0\u00a0\u00a0<\/h3>\t\t<\/div>\n\t\t\t\t<\/div>\n\t\t\t\t<div class=\"elementor-element elementor-element-8e4b3df elementor-widget elementor-widget-text-editor\" data-id=\"8e4b3df\" data-element_type=\"widget\" data-widget_type=\"text-editor.default\">\n\t\t\t\t<div class=\"elementor-widget-container\">\n\t\t\t\t\t\t\t<p>Seade ei reageeri nupu vajutustele v\u00f5i teeb seda viivitusega\u00a0\u00a0\u00a0<\/p>\t\t\t\t\t\t<\/div>\n\t\t\t\t<\/div>\n\t\t\t\t<div class=\"elementor-element elementor-element-6b5fb60 elementor-widget elementor-widget-heading\" data-id=\"6b5fb60\" data-element_type=\"widget\" data-widget_type=\"heading.default\">\n\t\t\t\t<div class=\"elementor-widget-container\">\n\t\t\t<h3 class=\"elementor-heading-title elementor-size-default\">K\u00f5lari puhastus v\u00f5i vahetus\u00a0\u00a0\u00a0<\/h3>\t\t<\/div>\n\t\t\t\t<\/div>\n\t\t\t\t<div class=\"elementor-element elementor-element-f992e99 elementor-widget elementor-widget-text-editor\" data-id=\"f992e99\" data-element_type=\"widget\" data-widget_type=\"text-editor.default\">\n\t\t\t\t<div class=\"elementor-widget-container\">\n\t\t\t\t\t\t\t<p>Heli kvaliteet on kehv v\u00f5i puudub \u00fcldse\u00a0\u00a0\u00a0 \u00a0\u00a0\u00a0 \u00a0\u00a0\u00a0 \u00a0\u00a0\u00a0<\/p>\t\t\t\t\t\t<\/div>\n\t\t\t\t<\/div>\n\t\t\t\t\t<\/div>\n\t\t<\/div>\n\t\t\t\t<div class=\"elementor-column elementor-col-50 elementor-top-column elementor-element elementor-element-576dae3\" data-id=\"576dae3\" data-element_type=\"column\">\n\t\t\t<div class=\"elementor-widget-wrap elementor-element-populated\">\n\t\t\t\t\t\t\t\t<div class=\"elementor-element elementor-element-e4ae4c0 elementor-widget elementor-widget-heading\" data-id=\"e4ae4c0\" data-element_type=\"widget\" data-widget_type=\"heading.default\">\n\t\t\t\t<div class=\"elementor-widget-container\">\n\t\t\t<h3 class=\"elementor-heading-title elementor-size-default\">Kaamera klaasi v\u00f5i mooduli vahetus        <\/h3>\t\t<\/div>\n\t\t\t\t<\/div>\n\t\t\t\t<div class=\"elementor-element elementor-element-a8b4539 elementor-widget elementor-widget-text-editor\" data-id=\"a8b4539\" data-element_type=\"widget\" data-widget_type=\"text-editor.default\">\n\t\t\t\t<div class=\"elementor-widget-container\">\n\t\t\t\t\t\t\t<p>Kaamera klaas on katki, pildile j\u00e4\u00e4vad t\u00e4pid v\u00f5i kaamera ei fokusseeri\u00a0\u00a0\u00a0<\/p>\t\t\t\t\t\t<\/div>\n\t\t\t\t<\/div>\n\t\t\t\t<div class=\"elementor-element elementor-element-eff3b53 elementor-widget elementor-widget-heading\" data-id=\"eff3b53\" data-element_type=\"widget\" data-widget_type=\"heading.default\">\n\t\t\t\t<div class=\"elementor-widget-container\">\n\t\t\t<h3 class=\"elementor-heading-title elementor-size-default\">P\u00f5hiplaadi vahetus v\u00f5i parandus            <\/h3>\t\t<\/div>\n\t\t\t\t<\/div>\n\t\t\t\t<div class=\"elementor-element elementor-element-1af5dcd elementor-widget elementor-widget-text-editor\" data-id=\"1af5dcd\" data-element_type=\"widget\" data-widget_type=\"text-editor.default\">\n\t\t\t\t<div class=\"elementor-widget-container\">\n\t\t\t\t\t\t\t<p>Seade ei l\u00fclitu sisse, sai vedelikukahjustuse v\u00f5i k\u00f5va l\u00f6\u00f6gi\u00a0\u00a0\u00a0 \u00a0\u00a0\u00a0<\/p>\t\t\t\t\t\t<\/div>\n\t\t\t\t<\/div>\n\t\t\t\t<div class=\"elementor-element elementor-element-cb7c026 elementor-widget elementor-widget-heading\" data-id=\"cb7c026\" data-element_type=\"widget\" data-widget_type=\"heading.default\">\n\t\t\t\t<div class=\"elementor-widget-container\">\n\t\t\t<h3 class=\"elementor-heading-title elementor-size-default\">Aku vahetus        <\/h3>\t\t<\/div>\n\t\t\t\t<\/div>\n\t\t\t\t<div class=\"elementor-element elementor-element-1efcf64 elementor-widget elementor-widget-text-editor\" data-id=\"1efcf64\" data-element_type=\"widget\" data-widget_type=\"text-editor.default\">\n\t\t\t\t<div class=\"elementor-widget-container\">\n\t\t\t\t\t\t\t<p>Aku ei kesta ja seade l\u00fclitub suvalisel hetkel v\u00e4lja\u00a0\u00a0\u00a0<\/p>\t\t\t\t\t\t<\/div>\n\t\t\t\t<\/div>\n\t\t\t\t<div class=\"elementor-element elementor-element-5fb3b53 elementor-widget elementor-widget-heading\" data-id=\"5fb3b53\" data-element_type=\"widget\" data-widget_type=\"heading.default\">\n\t\t\t\t<div class=\"elementor-widget-container\">\n\t\t\t<h3 class=\"elementor-heading-title elementor-size-default\">Raami ja tagakaane vahetus    \u00a0\u00a0 \u00a0\u00a0\u00a0<\/h3>\t\t<\/div>\n\t\t\t\t<\/div>\n\t\t\t\t<div class=\"elementor-element elementor-element-59c7505 elementor-widget elementor-widget-text-editor\" data-id=\"59c7505\" data-element_type=\"widget\" data-widget_type=\"text-editor.default\">\n\t\t\t\t<div class=\"elementor-widget-container\">\n\t\t\t\t\t\t\t<p>Seade on mehhaaniliselt vigastatud\u00a0\u00a0\u00a0 \u00a0\u00a0\u00a0<\/p>\t\t\t\t\t\t<\/div>\n\t\t\t\t<\/div>\n\t\t\t\t\t<\/div>\n\t\t<\/div>\n\t\t\t\t\t\t\t<\/div>\n\t\t<\/section>\n\t\t\t\t<section class=\"elementor-section elementor-top-section elementor-element elementor-element-1d65ffa elementor-section-boxed elementor-section-height-default elementor-section-height-default\" data-id=\"1d65ffa\" data-element_type=\"section\" data-settings=\"{&quot;background_background&quot;:&quot;classic&quot;}\">\n\t\t\t\t\t\t\t<div class=\"elementor-background-overlay\"><\/div>\n\t\t\t\t\t\t\t<div class=\"elementor-container elementor-column-gap-default\">\n\t\t\t\t\t<div class=\"elementor-column elementor-col-100 elementor-top-column elementor-element elementor-element-7d460c0\" data-id=\"7d460c0\" data-element_type=\"column\">\n\t\t\t<div class=\"elementor-widget-wrap elementor-element-populated\">\n\t\t\t\t\t\t\t\t<div class=\"elementor-element elementor-element-7b5a7bcd elementor-widget elementor-widget-heading\" data-id=\"7b5a7bcd\" data-element_type=\"widget\" data-widget_type=\"heading.default\">\n\t\t\t\t<div class=\"elementor-widget-container\">\n\t\t\t<h2 class=\"elementor-heading-title elementor-size-default\">K\u00dcSI HINDA<\/h2>\t\t<\/div>\n\t\t\t\t<\/div>\n\t\t\t\t<div class=\"elementor-element elementor-element-78fffe6b elementor-widget elementor-widget-heading\" data-id=\"78fffe6b\" data-element_type=\"widget\" data-widget_type=\"heading.default\">\n\t\t\t\t<div class=\"elementor-widget-container\">\n\t\t\t<h2 class=\"elementor-heading-title elementor-size-default\">telefoni remondiks<\/h2>\t\t<\/div>\n\t\t\t\t<\/div>\n\t\t\t\t<div class=\"elementor-element elementor-element-4244584d elementor-widget elementor-widget-tx-wpcf7\" data-id=\"4244584d\" data-element_type=\"widget\" data-widget_type=\"tx-wpcf7.default\">\n\t\t\t\t<div class=\"elementor-widget-container\">\n\t\t\t<div role=\"form\" class=\"wpcf7\" id=\"wpcf7-f15576-o1\" lang=\"ru-RU\" dir=\"ltr\">\n<div class=\"screen-reader-response\"><p role=\"status\" aria-live=\"polite\" aria-atomic=\"true\"><\/p> <ul><\/ul><\/div>\n<form action=\"\/et\/wp-json\/wp\/v2\/pages\/15550#wpcf7-f15576-o1\" method=\"post\" class=\"wpcf7-form init\" novalidate=\"novalidate\" data-status=\"init\">\n<div style=\"display: none;\">\n<input type=\"hidden\" name=\"_wpcf7\" value=\"15576\" \/>\n<input type=\"hidden\" name=\"_wpcf7_version\" value=\"5.4.2\" \/>\n<input type=\"hidden\" name=\"_wpcf7_locale\" value=\"ru_RU\" \/>\n<input type=\"hidden\" name=\"_wpcf7_unit_tag\" value=\"wpcf7-f15576-o1\" \/>\n<input type=\"hidden\" name=\"_wpcf7_container_post\" value=\"0\" \/>\n<input type=\"hidden\" name=\"_wpcf7_posted_data_hash\" value=\"\" \/>\n<input type=\"hidden\" name=\"_wpcf7_recaptcha_response\" value=\"\" \/>\n<\/div>\n<p><span class=\"wpcf7-form-control-wrap your-name\"><input type=\"text\" name=\"your-name\" value=\"\" size=\"40\" class=\"wpcf7-form-control wpcf7-text wpcf7-validates-as-required\" aria-required=\"true\" aria-invalid=\"false\" placeholder=\"Sinu nimi\/Firma nimi*\" \/><\/span> <\/p>\n<p><span class=\"wpcf7-form-control-wrap your-email\"><input type=\"email\" name=\"your-email\" value=\"\" size=\"40\" class=\"wpcf7-form-control wpcf7-text wpcf7-email wpcf7-validates-as-required wpcf7-validates-as-email\" aria-required=\"true\" aria-invalid=\"false\" placeholder=\"E-post*\" \/><\/span><\/p>\n<p><span class=\"wpcf7-form-control-wrap tel-980\"><input type=\"tel\" name=\"tel-980\" value=\"\" size=\"40\" class=\"wpcf7-form-control wpcf7-text wpcf7-tel wpcf7-validates-as-required wpcf7-validates-as-tel\" aria-required=\"true\" aria-invalid=\"false\" placeholder=\"Telefon*\" \/><\/span><\/p>\n<p>Telefoni kaubam\u00e4rk<br \/>\n<span class=\"wpcf7-form-control-wrap menu-812\"><select name=\"menu-812\" class=\"wpcf7-form-control wpcf7-select\" aria-invalid=\"false\"><option value=\"\">---<\/option><option value=\"Apple\">Apple<\/option><option value=\"Sumsung\">Sumsung<\/option><option value=\"Sony\">Sony<\/option><option value=\"Huawei\">Huawei<\/option><option value=\"LG\">LG<\/option><option value=\"Xiaomi\">Xiaomi<\/option><option value=\"Muu\">Muu<\/option><\/select><\/span><\/p>\n<p><span class=\"wpcf7-form-control-wrap text-70\"><input type=\"text\" name=\"text-70\" value=\"\" size=\"40\" class=\"wpcf7-form-control wpcf7-text wpcf7-validates-as-required\" aria-required=\"true\" aria-invalid=\"false\" placeholder=\"Telefoni mudel*\" \/><\/span> <\/p>\n<p><span class=\"wpcf7-form-control-wrap textarea-560\"><textarea name=\"textarea-560\" cols=\"40\" rows=\"10\" class=\"wpcf7-form-control wpcf7-textarea\" aria-invalid=\"false\" placeholder=\"Katkestuse t\u00fc\u00fcp (probleemi kirjeldus)\"><\/textarea><\/span> <\/p>\n<p>Laadige \u00fcles \u00fcldfoto telefonist<br \/>\n<span class=\"wpcf7-form-control-wrap upload-file-148\"><input type=\"file\" size=\"40\" class=\"wpcf7-form-control wpcf7-drag-n-drop-file d-none\" aria-invalid=\"false\" multiple=\"multiple\" data-name=\"upload-file-148\" data-type=\"gif|png|jpg|jpeg|pdf|xlsx|zip\" data-id=\"15576\" accept=\".gif, .png, .jpg, .jpeg, .pdf, .xlsx, .zip\" \/><\/span><\/p>\n<p><span id=\"wpcf7-69fb21fc342bd-wrapper\" class=\"wpcf7-form-control-wrap honeypot-982-wrap\" style=\"display:none !important; visibility:hidden !important;\"><label for=\"wpcf7-69fb21fc342bd-field\" class=\"hp-message\">Please leave this field empty.<\/label><input id=\"wpcf7-69fb21fc342bd-field\"  class=\"wpcf7-form-control wpcf7-text\" type=\"text\" name=\"honeypot-982\" value=\"\" size=\"40\" tabindex=\"-1\" autocomplete=\"new-password\" \/><\/span><\/p>\n<p><input type=\"submit\" value=\"SAADA\" class=\"wpcf7-form-control wpcf7-submit\" \/><\/p>\n<p style=\"display: none !important;\" class=\"akismet-fields-container\" data-prefix=\"_wpcf7_ak_\"><label>&#916;<textarea name=\"_wpcf7_ak_hp_textarea\" cols=\"45\" rows=\"8\" maxlength=\"100\"><\/textarea><\/label><input type=\"hidden\" id=\"ak_js_1\" name=\"_wpcf7_ak_js\" value=\"29\"\/><script>document.getElementById( \"ak_js_1\" ).setAttribute( \"value\", ( new Date() ).getTime() );<\/script><\/p><div class=\"wpcf7-response-output\" aria-hidden=\"true\"><\/div><\/form><\/div>\t\t<\/div>\n\t\t\t\t<\/div>\n\t\t\t\t\t<\/div>\n\t\t<\/div>\n\t\t\t\t\t\t\t<\/div>\n\t\t<\/section>\n\t\t\t\t\t\t<\/div>\n\t\t\t\t\t<\/div>\n\t\t","protected":false},"excerpt":{"rendered":"<p>TELEFONIDE JA TAHVELARVUTI REMONT Aitame teid jargnevate probleemidega: Ekraani vahetus\u00a0 Ekraan on katki v\u00f5i seade ei reageeri puudutustele\u00a0\u00a0\u00a0 \u00a0\u00a0\u00a0 Laadimispesa vahetus\u00a0\u00a0\u00a0 \u00a0\u00a0\u00a0 Telefon laeb aeglaselt, katkendlikult v\u00f5i ei lae \u00fcldse\u00a0\u00a0\u00a0 Mikrofoni vahetus<a class=\"moretag\" href=\"https:\/\/spets24.com\/et\/telefonide-ja-tahvelarvuti-remont\/\">Read More&#8230;<\/a><\/p>\n","protected":false},"author":1,"featured_media":0,"parent":0,"menu_order":0,"comment_status":"closed","ping_status":"closed","template":"elementor_header_footer","meta":{"_mbp_gutenberg_autopost":false,"footnotes":""},"yst_prominent_words":[],"class_list":["post-15550","page","type-page","status-publish","hentry"],"yoast_head":"<!-- This site is optimized with the Yoast SEO Premium plugin v14.2 - https:\/\/yoast.com\/wordpress\/plugins\/seo\/ -->\n<title>TELEFONIDE JA TAHVELARVUTI REMONT - SPETS24 ESTONIA<\/title>\n<meta name=\"robots\" content=\"index, follow\" \/>\n<meta name=\"googlebot\" content=\"index, follow, max-snippet:-1, max-image-preview:large, max-video-preview:-1\" \/>\n<meta name=\"bingbot\" content=\"index, follow, max-snippet:-1, max-image-preview:large, max-video-preview:-1\" \/>\n<link rel=\"canonical\" href=\"https:\/\/spets24.com\/telefonide-ja-tahvelarvuti-remont\/\" \/>\n<meta property=\"og:locale\" content=\"et_EE\" \/>\n<meta property=\"og:type\" content=\"article\" \/>\n<meta property=\"og:title\" content=\"TELEFONIDE JA TAHVELARVUTI REMONT - SPETS24 ESTONIA\" \/>\n<meta property=\"og:description\" content=\"TELEFONIDE JA TAHVELARVUTI REMONT Aitame teid jargnevate probleemidega: Ekraani vahetus\u00a0 Ekraan on katki v\u00f5i seade ei reageeri puudutustele\u00a0\u00a0\u00a0 \u00a0\u00a0\u00a0 Laadimispesa vahetus\u00a0\u00a0\u00a0 \u00a0\u00a0\u00a0 Telefon laeb aeglaselt, katkendlikult v\u00f5i ei lae \u00fcldse\u00a0\u00a0\u00a0 Mikrofoni vahetusRead More...\" \/>\n<meta property=\"og:url\" content=\"https:\/\/spets24.com\/telefonide-ja-tahvelarvuti-remont\/\" \/>\n<meta property=\"og:site_name\" content=\"SPETS24 ESTONIA\" \/>\n<meta property=\"article:modified_time\" content=\"2021-11-19T10:44:45+00:00\" \/>\n<meta property=\"og:image\" content=\"https:\/\/spets24.com\/wp-content\/uploads\/elementor\/thumbs\/slide-pgaejfoouk9iget13nr34ks1uz8gubtl11haan17kw.jpg\" \/>\n<meta name=\"twitter:card\" content=\"summary_large_image\" \/>\n<script type=\"application\/ld+json\" class=\"yoast-schema-graph\">{\"@context\":\"https:\/\/schema.org\",\"@graph\":[{\"@type\":\"WebSite\",\"@id\":\"https:\/\/spets24.com\/et\/#website\",\"url\":\"https:\/\/spets24.com\/et\/\",\"name\":\"SPETS24 ESTONIA\",\"description\":\"ELEKTROONIKA &amp; IGASUGU IMELIKE MASINATE  VALMISTAMINE JA REMONT\",\"potentialAction\":[{\"@type\":\"SearchAction\",\"target\":\"https:\/\/spets24.com\/et\/?s={search_term_string}\",\"query-input\":\"required name=search_term_string\"}],\"inLanguage\":\"et\"},{\"@type\":\"ImageObject\",\"@id\":\"https:\/\/spets24.com\/telefonide-ja-tahvelarvuti-remont\/#primaryimage\",\"inLanguage\":\"et\",\"url\":\"https:\/\/spets24.com\/wp-content\/uploads\/elementor\/thumbs\/slide-pgaejfoouk9iget13nr34ks1uz8gubtl11haan17kw.jpg\"},{\"@type\":\"WebPage\",\"@id\":\"https:\/\/spets24.com\/telefonide-ja-tahvelarvuti-remont\/#webpage\",\"url\":\"https:\/\/spets24.com\/telefonide-ja-tahvelarvuti-remont\/\",\"name\":\"TELEFONIDE JA TAHVELARVUTI REMONT - SPETS24 ESTONIA\",\"isPartOf\":{\"@id\":\"https:\/\/spets24.com\/et\/#website\"},\"primaryImageOfPage\":{\"@id\":\"https:\/\/spets24.com\/telefonide-ja-tahvelarvuti-remont\/#primaryimage\"},\"datePublished\":\"2021-11-18T13:08:15+00:00\",\"dateModified\":\"2021-11-19T10:44:45+00:00\",\"inLanguage\":\"et\",\"potentialAction\":[{\"@type\":\"ReadAction\",\"target\":[\"https:\/\/spets24.com\/telefonide-ja-tahvelarvuti-remont\/\"]}]}]}<\/script>\n<!-- \/ Yoast SEO Premium plugin. -->","_links":{"self":[{"href":"https:\/\/spets24.com\/et\/wp-json\/wp\/v2\/pages\/15550","targetHints":{"allow":["GET"]}}],"collection":[{"href":"https:\/\/spets24.com\/et\/wp-json\/wp\/v2\/pages"}],"about":[{"href":"https:\/\/spets24.com\/et\/wp-json\/wp\/v2\/types\/page"}],"author":[{"embeddable":true,"href":"https:\/\/spets24.com\/et\/wp-json\/wp\/v2\/users\/1"}],"replies":[{"embeddable":true,"href":"https:\/\/spets24.com\/et\/wp-json\/wp\/v2\/comments?post=15550"}],"version-history":[{"count":57,"href":"https:\/\/spets24.com\/et\/wp-json\/wp\/v2\/pages\/15550\/revisions"}],"predecessor-version":[{"id":15633,"href":"https:\/\/spets24.com\/et\/wp-json\/wp\/v2\/pages\/15550\/revisions\/15633"}],"wp:attachment":[{"href":"https:\/\/spets24.com\/et\/wp-json\/wp\/v2\/media?parent=15550"}],"wp:term":[{"taxonomy":"yst_prominent_words","embeddable":true,"href":"https:\/\/spets24.com\/et\/wp-json\/wp\/v2\/yst_prominent_words?post=15550"}],"curies":[{"name":"wp","href":"https:\/\/api.w.org\/{rel}","templated":true}]}}