{"id":15482,"date":"2021-11-10T13:27:34","date_gmt":"2021-11-10T13:27:34","guid":{"rendered":"https:\/\/spets24.com\/remont-tv\/"},"modified":"2021-11-10T14:19:40","modified_gmt":"2021-11-10T14:19:40","slug":"remont-tv","status":"publish","type":"page","link":"https:\/\/spets24.com\/et\/remont-tv\/","title":{"rendered":"TV REMONT"},"content":{"rendered":"\t\t<div data-elementor-type=\"wp-page\" data-elementor-id=\"15482\" class=\"elementor elementor-15482 elementor-15447\" data-elementor-settings=\"[]\">\n\t\t\t\t\t\t\t<div class=\"elementor-section-wrap\">\n\t\t\t\t\t\t\t<section class=\"elementor-section elementor-top-section elementor-element elementor-element-7f993b08 elementor-section-boxed elementor-section-height-default elementor-section-height-default\" data-id=\"7f993b08\" data-element_type=\"section\">\n\t\t\t\t\t\t<div class=\"elementor-container elementor-column-gap-default\">\n\t\t\t\t\t<div class=\"elementor-column elementor-col-100 elementor-top-column elementor-element elementor-element-331294ae\" data-id=\"331294ae\" data-element_type=\"column\">\n\t\t\t<div class=\"elementor-widget-wrap elementor-element-populated\">\n\t\t\t\t\t\t\t\t<div class=\"elementor-element elementor-element-2f0771e7 elementor-widget elementor-widget-heading\" data-id=\"2f0771e7\" data-element_type=\"widget\" data-widget_type=\"heading.default\">\n\t\t\t\t<div class=\"elementor-widget-container\">\n\t\t\t<style>\/*! elementor - v3.5.3 - 28-12-2021 *\/\n.elementor-heading-title{padding:0;margin:0;line-height:1}.elementor-widget-heading .elementor-heading-title[class*=elementor-size-]>a{color:inherit;font-size:inherit;line-height:inherit}.elementor-widget-heading .elementor-heading-title.elementor-size-small{font-size:15px}.elementor-widget-heading .elementor-heading-title.elementor-size-medium{font-size:19px}.elementor-widget-heading .elementor-heading-title.elementor-size-large{font-size:29px}.elementor-widget-heading .elementor-heading-title.elementor-size-xl{font-size:39px}.elementor-widget-heading .elementor-heading-title.elementor-size-xxl{font-size:59px}<\/style><h2 class=\"elementor-heading-title elementor-size-default\">TV REMONT<\/h2>\t\t<\/div>\n\t\t\t\t<\/div>\n\t\t\t\t<div class=\"elementor-element elementor-element-61711480 elementor-widget elementor-widget-heading\" data-id=\"61711480\" data-element_type=\"widget\" data-widget_type=\"heading.default\">\n\t\t\t\t<div class=\"elementor-widget-container\">\n\t\t\t<h2 class=\"elementor-heading-title elementor-size-default\">Meie spetsialistid parandavad telereid kiiresti ja vastutustundlikult. Taastame plasma-, LCD- (LCD) telereid ja muud t\u00fc\u00fcpi telereid.<\/h2>\t\t<\/div>\n\t\t\t\t<\/div>\n\t\t\t\t\t<\/div>\n\t\t<\/div>\n\t\t\t\t\t\t\t<\/div>\n\t\t<\/section>\n\t\t\t\t<section class=\"elementor-section elementor-top-section elementor-element elementor-element-f897da6 elementor-section-boxed elementor-section-height-default elementor-section-height-default\" data-id=\"f897da6\" data-element_type=\"section\">\n\t\t\t\t\t\t<div class=\"elementor-container elementor-column-gap-default\">\n\t\t\t\t\t<div class=\"elementor-column elementor-col-100 elementor-top-column elementor-element elementor-element-f2ca5c3\" data-id=\"f2ca5c3\" data-element_type=\"column\">\n\t\t\t<div class=\"elementor-widget-wrap elementor-element-populated\">\n\t\t\t\t\t\t\t\t<div class=\"elementor-element elementor-element-40c21cc elementor-widget elementor-widget-heading\" data-id=\"40c21cc\" data-element_type=\"widget\" data-widget_type=\"heading.default\">\n\t\t\t\t<div class=\"elementor-widget-container\">\n\t\t\t<h2 class=\"elementor-heading-title elementor-size-default\">T\u00fc\u00fcpilised teleri rikked<\/h2>\t\t<\/div>\n\t\t\t\t<\/div>\n\t\t\t\t<div class=\"elementor-element elementor-element-be5131f elementor-widget elementor-widget-text-editor\" data-id=\"be5131f\" data-element_type=\"widget\" data-widget_type=\"text-editor.default\">\n\t\t\t\t<div class=\"elementor-widget-container\">\n\t\t\t<style>\/*! elementor - v3.5.3 - 28-12-2021 *\/\n.elementor-widget-text-editor.elementor-drop-cap-view-stacked .elementor-drop-cap{background-color:#818a91;color:#fff}.elementor-widget-text-editor.elementor-drop-cap-view-framed .elementor-drop-cap{color:#818a91;border:3px solid;background-color:transparent}.elementor-widget-text-editor:not(.elementor-drop-cap-view-default) .elementor-drop-cap{margin-top:8px}.elementor-widget-text-editor:not(.elementor-drop-cap-view-default) .elementor-drop-cap-letter{width:1em;height:1em}.elementor-widget-text-editor .elementor-drop-cap{float:left;text-align:center;line-height:1;font-size:50px}.elementor-widget-text-editor .elementor-drop-cap-letter{display:inline-block}<\/style>\t\t\t\t<table border=\"0\" width=\"100%\" cellspacing=\"5\" cellpadding=\"15\">\n<tbody>\n<tr bgcolor=\"#ebeff0\">\n<td width=\"49%\"><strong>Teler ei l\u00fclitu sisse<\/strong>\n\n<em>Lahendus:<\/em>\n<ul>\n \t<li>toiteploki remont;<\/li>\n \t<li>pistiku taastamine;<\/li>\n \t<li>inverteri taastamine.<\/li>\n<\/ul>\n<\/td>\n<td width=\"49%\"><strong>Signaali pole<\/strong>\n\n<em>Lahendus:<\/em>\n<ul>\n \t<li>tasude sissen\u00f5udmine;<\/li>\n \t<li>TV-tuuneri taastamine;<\/li>\n \t<li>uue antenni sisendi paigaldamine;<\/li>\n<\/ul>\n<\/td>\n<\/tr>\n<tr bgcolor=\"#ebeff0\">\n<td><strong>Heliprobleem<\/strong>\n\n<em>Lahendus:<\/em>\n<ul>\n \t<li>laudade remont;<\/li>\n \t<li>pistiku taastamine;<\/li>\n \t<li>k\u00f5larite vahetamine.<\/li>\n<\/ul>\n<\/td>\n<td><strong>Kujutise probleem<\/strong>\n\n<em>Lahendus:<\/em>\n<ul>\n \t<li>maatriksilmu taastamine;<\/li>\n \t<li>valgusdioodide v\u00f5i taustvalgustite lampide v\u00e4ljavahetamine;<\/li>\n \t<li>inverteri remont.<\/li>\n<\/ul>\n<\/td>\n<\/tr>\n<tr bgcolor=\"#ebeff0\">\n<td><strong>Kanaleid ei vahetata<\/strong>\n\n<em>Lahendus:<\/em>\n<ul>\n \t<li>juhtploki taastamine;<\/li>\n \t<li>tuuneri remont;<\/li>\n \t<li>vilkuv.<\/li>\n<\/ul>\n<\/td>\n<td><strong>Teler l\u00fclitub sisse ja v\u00e4lja<\/strong>\n\n<em>Lahendus:<\/em>\n<ul>\n \t<li>toiteploki remont;<\/li>\n \t<li>muunduri remont;<\/li>\n \t<li>emaplaadi remont.<\/li>\n<\/ul>\n<\/td>\n<\/tr>\n<\/tbody>\n<\/table>\t\t\t\t\t\t<\/div>\n\t\t\t\t<\/div>\n\t\t\t\t\t<\/div>\n\t\t<\/div>\n\t\t\t\t\t\t\t<\/div>\n\t\t<\/section>\n\t\t\t\t<section class=\"elementor-section elementor-top-section elementor-element elementor-element-5a8b209 elementor-section-boxed elementor-section-height-default elementor-section-height-default\" data-id=\"5a8b209\" data-element_type=\"section\">\n\t\t\t\t\t\t<div class=\"elementor-container elementor-column-gap-default\">\n\t\t\t\t\t<div class=\"elementor-column elementor-col-100 elementor-top-column elementor-element elementor-element-23a6393\" data-id=\"23a6393\" data-element_type=\"column\">\n\t\t\t<div class=\"elementor-widget-wrap elementor-element-populated\">\n\t\t\t\t\t\t\t\t<div class=\"elementor-element elementor-element-f79d035 elementor-widget elementor-widget-heading\" data-id=\"f79d035\" data-element_type=\"widget\" data-widget_type=\"heading.default\">\n\t\t\t\t<div class=\"elementor-widget-container\">\n\t\t\t<h2 class=\"elementor-heading-title elementor-size-default\">Telerite t\u00f6\u00f6reeglid<\/h2>\t\t<\/div>\n\t\t\t\t<\/div>\n\t\t\t\t<div class=\"elementor-element elementor-element-0d85d40 elementor-widget elementor-widget-text-editor\" data-id=\"0d85d40\" data-element_type=\"widget\" data-widget_type=\"text-editor.default\">\n\t\t\t\t<div class=\"elementor-widget-container\">\n\t\t\t\t\t\t\t<p>Selleks, et te ei peaks otsima teleri parandamise kohta, j\u00e4rgige lihtsaid toimimisreegleid. Oleme kindlad, et see mitte ainult ei aita teil v\u00e4ltida t\u00f6\u00f6tuppa minekut, vaid pikendab ka teie kogu pere lemmik digis\u00f5bra elu.<\/p><ol><li>\u00c4rge eemaldage teleri tagak\u00fclge. See kehtib k\u00f5igi mudelite kohta: plasma, LCD, CRT ja projektsioon. Seadme sisemised komponendid kannavad k\u00f5rget pinget, mis v\u00f5ib l\u00f5ppeda surmaga.<\/li><li>Kasutage pinge stabiliseerimise seadmeid. Toitepinge v\u00f5ib teie teleri j\u00f5udlust t\u00f5siselt m\u00f5jutada.<\/li><li>V\u00e4ltige niiskuse sattumist korpusesse. Vee v\u00f5i muu vedeliku tilgad tekitavad l\u00fchise v\u00f5i p\u00f5hjustavad korrosiooni.<\/li><li>Liigutage akustika ja stereos\u00fcsteemid kaugemale. Nende sees olevad v\u00f5imsad magnetid v\u00f5ivad h\u00e4irida teleri t\u00f6\u00f6d &#8211; n\u00e4iteks v\u00f5ivad ekraanile ilmuda v\u00e4rvilised laigud.<\/li><li>Koristage oma tuba regulaarselt. Teleri sisemistele komponentidele ladestunud tolm on paljude rikete p\u00f5hjuseks, kaasa arvatud tulekahju. H\u00e4dade v\u00e4ltimiseks v\u00f5tke teler v\u00e4hemalt korra ennetavaks puhastamiseks.<\/li><\/ol><p><strong>Ja viimane:<\/strong><br \/>\u00c4rge usaldage teleri remonti juhuslikele isikutele &#8211; veaotsingu t\u00f6\u00f6d peaksid tegema kogenud k\u00e4sit\u00f6\u00f6lised. Kui h\u00e4da juhtub, helistage v\u00f5i tulge Spets24 Tallinnasse &#8211; toome teleri kiiresti ellu!<\/p>\t\t\t\t\t\t<\/div>\n\t\t\t\t<\/div>\n\t\t\t\t\t<\/div>\n\t\t<\/div>\n\t\t\t\t\t\t\t<\/div>\n\t\t<\/section>\n\t\t\t\t<section class=\"elementor-section elementor-top-section elementor-element elementor-element-3e6058bc elementor-section-boxed elementor-section-height-default elementor-section-height-default\" data-id=\"3e6058bc\" data-element_type=\"section\" data-settings=\"{&quot;background_background&quot;:&quot;classic&quot;}\">\n\t\t\t\t\t\t\t<div class=\"elementor-background-overlay\"><\/div>\n\t\t\t\t\t\t\t<div class=\"elementor-container elementor-column-gap-default\">\n\t\t\t\t\t<div class=\"elementor-column elementor-col-100 elementor-top-column elementor-element elementor-element-6bd801f2\" data-id=\"6bd801f2\" data-element_type=\"column\">\n\t\t\t<div class=\"elementor-widget-wrap elementor-element-populated\">\n\t\t\t\t\t\t\t\t<div class=\"elementor-element elementor-element-583c3101 elementor-widget elementor-widget-heading\" data-id=\"583c3101\" data-element_type=\"widget\" data-widget_type=\"heading.default\">\n\t\t\t\t<div class=\"elementor-widget-container\">\n\t\t\t<h2 class=\"elementor-heading-title elementor-size-default\">K\u00dcSI HINDA<\/h2>\t\t<\/div>\n\t\t\t\t<\/div>\n\t\t\t\t<div class=\"elementor-element elementor-element-768e3466 elementor-widget elementor-widget-heading\" data-id=\"768e3466\" data-element_type=\"widget\" data-widget_type=\"heading.default\">\n\t\t\t\t<div class=\"elementor-widget-container\">\n\t\t\t<h2 class=\"elementor-heading-title elementor-size-default\">Teleri remondiks<\/h2>\t\t<\/div>\n\t\t\t\t<\/div>\n\t\t\t\t<div class=\"elementor-element elementor-element-57913bf elementor-widget elementor-widget-tx-wpcf7\" data-id=\"57913bf\" data-element_type=\"widget\" data-widget_type=\"tx-wpcf7.default\">\n\t\t\t\t<div class=\"elementor-widget-container\">\n\t\t\t<div role=\"form\" class=\"wpcf7\" id=\"wpcf7-f15506-o1\" lang=\"ru-RU\" dir=\"ltr\">\n<div class=\"screen-reader-response\"><p role=\"status\" aria-live=\"polite\" aria-atomic=\"true\"><\/p> <ul><\/ul><\/div>\n<form action=\"\/et\/wp-json\/wp\/v2\/pages\/15482#wpcf7-f15506-o1\" method=\"post\" class=\"wpcf7-form init\" novalidate=\"novalidate\" data-status=\"init\">\n<div style=\"display: none;\">\n<input type=\"hidden\" name=\"_wpcf7\" value=\"15506\" \/>\n<input type=\"hidden\" name=\"_wpcf7_version\" value=\"5.4.2\" \/>\n<input type=\"hidden\" name=\"_wpcf7_locale\" value=\"ru_RU\" \/>\n<input type=\"hidden\" name=\"_wpcf7_unit_tag\" value=\"wpcf7-f15506-o1\" \/>\n<input type=\"hidden\" name=\"_wpcf7_container_post\" value=\"0\" \/>\n<input type=\"hidden\" name=\"_wpcf7_posted_data_hash\" value=\"\" \/>\n<input type=\"hidden\" name=\"_wpcf7_recaptcha_response\" value=\"\" \/>\n<\/div>\n<p><span class=\"wpcf7-form-control-wrap your-name\"><input type=\"text\" name=\"your-name\" value=\"\" size=\"40\" class=\"wpcf7-form-control wpcf7-text wpcf7-validates-as-required\" aria-required=\"true\" aria-invalid=\"false\" placeholder=\"Sinu nimi\/Firma nimi*\" \/><\/span> <\/p>\n<p><span class=\"wpcf7-form-control-wrap your-email\"><input type=\"email\" name=\"your-email\" value=\"\" size=\"40\" class=\"wpcf7-form-control wpcf7-text wpcf7-email wpcf7-validates-as-required wpcf7-validates-as-email\" aria-required=\"true\" aria-invalid=\"false\" placeholder=\"E-post*\" \/><\/span><\/p>\n<p><span class=\"wpcf7-form-control-wrap tel-980\"><input type=\"tel\" name=\"tel-980\" value=\"\" size=\"40\" class=\"wpcf7-form-control wpcf7-text wpcf7-tel wpcf7-validates-as-required wpcf7-validates-as-tel\" aria-required=\"true\" aria-invalid=\"false\" placeholder=\"Telefon*\" \/><\/span><\/p>\n<p>Teleri kaubam\u00e4rk<br \/>\n<span class=\"wpcf7-form-control-wrap menu-812\"><select name=\"menu-812\" class=\"wpcf7-form-control wpcf7-select\" aria-invalid=\"false\"><option value=\"\">---<\/option><option value=\"Samsung\">Samsung<\/option><option value=\"LG\">LG<\/option><option value=\"Grundig\">Grundig<\/option><option value=\"Panasonic\">Panasonic<\/option><option value=\"Philips\">Philips<\/option><option value=\"Sony\">Sony<\/option><option value=\"Muu\">Muu<\/option><\/select><\/span><\/p>\n<p><span class=\"wpcf7-form-control-wrap text-70\"><input type=\"text\" name=\"text-70\" value=\"\" size=\"40\" class=\"wpcf7-form-control wpcf7-text wpcf7-validates-as-required\" aria-required=\"true\" aria-invalid=\"false\" placeholder=\"TV mudel*\" \/><\/span> <\/p>\n<p><span class=\"wpcf7-form-control-wrap textarea-560\"><textarea name=\"textarea-560\" cols=\"40\" rows=\"10\" class=\"wpcf7-form-control wpcf7-textarea\" aria-invalid=\"false\" placeholder=\"Katkestuse t\u00fc\u00fcp (probleemi kirjeldus)\"><\/textarea><\/span> <\/p>\n<p>Laadige \u00fcles \u00fcldfoto telerist ja tagakaanel olevatest siltidest<br \/>\n<span class=\"wpcf7-form-control-wrap upload-file-148\"><input type=\"file\" size=\"40\" class=\"wpcf7-form-control wpcf7-drag-n-drop-file d-none\" aria-invalid=\"false\" multiple=\"multiple\" data-name=\"upload-file-148\" data-type=\"gif|png|jpg|jpeg|pdf|xlsx|zip\" data-id=\"15506\" accept=\".gif, .png, .jpg, .jpeg, .pdf, .xlsx, .zip\" \/><\/span><\/p>\n<p><span id=\"wpcf7-69fb20f3921d5-wrapper\" class=\"wpcf7-form-control-wrap honeypot-982-wrap\" style=\"display:none !important; visibility:hidden !important;\"><label for=\"wpcf7-69fb20f3921d5-field\" class=\"hp-message\">Please leave this field empty.<\/label><input id=\"wpcf7-69fb20f3921d5-field\"  class=\"wpcf7-form-control wpcf7-text\" type=\"text\" name=\"honeypot-982\" value=\"\" size=\"40\" tabindex=\"-1\" autocomplete=\"new-password\" \/><\/span><\/p>\n<p><input type=\"submit\" value=\"SAADA\" class=\"wpcf7-form-control wpcf7-submit\" \/><\/p>\n<p style=\"display: none !important;\" class=\"akismet-fields-container\" data-prefix=\"_wpcf7_ak_\"><label>&#916;<textarea name=\"_wpcf7_ak_hp_textarea\" cols=\"45\" rows=\"8\" maxlength=\"100\"><\/textarea><\/label><input type=\"hidden\" id=\"ak_js_1\" name=\"_wpcf7_ak_js\" value=\"127\"\/><script>document.getElementById( \"ak_js_1\" ).setAttribute( \"value\", ( new Date() ).getTime() );<\/script><\/p><div class=\"wpcf7-response-output\" aria-hidden=\"true\"><\/div><\/form><\/div>\t\t<\/div>\n\t\t\t\t<\/div>\n\t\t\t\t\t<\/div>\n\t\t<\/div>\n\t\t\t\t\t\t\t<\/div>\n\t\t<\/section>\n\t\t\t\t\t\t<\/div>\n\t\t\t\t\t<\/div>\n\t\t","protected":false},"excerpt":{"rendered":"<p>TV REMONT Meie spetsialistid parandavad telereid kiiresti ja vastutustundlikult. Taastame plasma-, LCD- (LCD) telereid ja muud t\u00fc\u00fcpi telereid. T\u00fc\u00fcpilised teleri rikked Teler ei l\u00fclitu sisse Lahendus: toiteploki remont; pistiku taastamine; inverteri taastamine.<a class=\"moretag\" href=\"https:\/\/spets24.com\/et\/remont-tv\/\">Read More&#8230;<\/a><\/p>\n","protected":false},"author":1,"featured_media":0,"parent":0,"menu_order":0,"comment_status":"closed","ping_status":"closed","template":"elementor_header_footer","meta":{"_mbp_gutenberg_autopost":false,"footnotes":""},"yst_prominent_words":[],"class_list":["post-15482","page","type-page","status-publish","hentry"],"yoast_head":"<!-- This site is optimized with the Yoast SEO Premium plugin v14.2 - https:\/\/yoast.com\/wordpress\/plugins\/seo\/ -->\n<title>TV REMONT - SPETS24 ESTONIA<\/title>\n<meta name=\"robots\" content=\"index, follow\" \/>\n<meta name=\"googlebot\" content=\"index, follow, max-snippet:-1, max-image-preview:large, max-video-preview:-1\" \/>\n<meta name=\"bingbot\" content=\"index, follow, max-snippet:-1, max-image-preview:large, max-video-preview:-1\" \/>\n<link rel=\"canonical\" href=\"https:\/\/spets24.com\/remont-tv\/\" \/>\n<meta property=\"og:locale\" content=\"et_EE\" \/>\n<meta property=\"og:type\" content=\"article\" \/>\n<meta property=\"og:title\" content=\"TV REMONT - SPETS24 ESTONIA\" \/>\n<meta property=\"og:description\" content=\"TV REMONT Meie spetsialistid parandavad telereid kiiresti ja vastutustundlikult. Taastame plasma-, LCD- (LCD) telereid ja muud t\u00fc\u00fcpi telereid. T\u00fc\u00fcpilised teleri rikked Teler ei l\u00fclitu sisse Lahendus: toiteploki remont; pistiku taastamine; inverteri taastamine.Read More...\" \/>\n<meta property=\"og:url\" content=\"https:\/\/spets24.com\/remont-tv\/\" \/>\n<meta property=\"og:site_name\" content=\"SPETS24 ESTONIA\" \/>\n<meta property=\"article:modified_time\" content=\"2021-11-10T14:19:40+00:00\" \/>\n<meta name=\"twitter:card\" content=\"summary_large_image\" \/>\n<script type=\"application\/ld+json\" class=\"yoast-schema-graph\">{\"@context\":\"https:\/\/schema.org\",\"@graph\":[{\"@type\":\"WebSite\",\"@id\":\"https:\/\/spets24.com\/et\/#website\",\"url\":\"https:\/\/spets24.com\/et\/\",\"name\":\"SPETS24 ESTONIA\",\"description\":\"ELEKTROONIKA &amp; IGASUGU IMELIKE MASINATE  VALMISTAMINE JA REMONT\",\"potentialAction\":[{\"@type\":\"SearchAction\",\"target\":\"https:\/\/spets24.com\/et\/?s={search_term_string}\",\"query-input\":\"required name=search_term_string\"}],\"inLanguage\":\"et\"},{\"@type\":\"WebPage\",\"@id\":\"https:\/\/spets24.com\/remont-tv\/#webpage\",\"url\":\"https:\/\/spets24.com\/remont-tv\/\",\"name\":\"TV REMONT - SPETS24 ESTONIA\",\"isPartOf\":{\"@id\":\"https:\/\/spets24.com\/et\/#website\"},\"datePublished\":\"2021-11-10T13:27:34+00:00\",\"dateModified\":\"2021-11-10T14:19:40+00:00\",\"inLanguage\":\"et\",\"potentialAction\":[{\"@type\":\"ReadAction\",\"target\":[\"https:\/\/spets24.com\/remont-tv\/\"]}]}]}<\/script>\n<!-- \/ Yoast SEO Premium plugin. -->","_links":{"self":[{"href":"https:\/\/spets24.com\/et\/wp-json\/wp\/v2\/pages\/15482","targetHints":{"allow":["GET"]}}],"collection":[{"href":"https:\/\/spets24.com\/et\/wp-json\/wp\/v2\/pages"}],"about":[{"href":"https:\/\/spets24.com\/et\/wp-json\/wp\/v2\/types\/page"}],"author":[{"embeddable":true,"href":"https:\/\/spets24.com\/et\/wp-json\/wp\/v2\/users\/1"}],"replies":[{"embeddable":true,"href":"https:\/\/spets24.com\/et\/wp-json\/wp\/v2\/comments?post=15482"}],"version-history":[{"count":13,"href":"https:\/\/spets24.com\/et\/wp-json\/wp\/v2\/pages\/15482\/revisions"}],"predecessor-version":[{"id":15515,"href":"https:\/\/spets24.com\/et\/wp-json\/wp\/v2\/pages\/15482\/revisions\/15515"}],"wp:attachment":[{"href":"https:\/\/spets24.com\/et\/wp-json\/wp\/v2\/media?parent=15482"}],"wp:term":[{"taxonomy":"yst_prominent_words","embeddable":true,"href":"https:\/\/spets24.com\/et\/wp-json\/wp\/v2\/yst_prominent_words?post=15482"}],"curies":[{"name":"wp","href":"https:\/\/api.w.org\/{rel}","templated":true}]}}