{"id":12849,"date":"2020-09-14T12:58:05","date_gmt":"2020-09-14T12:58:05","guid":{"rendered":"https:\/\/spets24.com\/?page_id=12849"},"modified":"2021-07-26T08:05:00","modified_gmt":"2021-07-26T08:05:00","slug":"ssd-upgrade","status":"publish","type":"page","link":"https:\/\/spets24.com\/et\/ssd-upgrade\/","title":{"rendered":"SSD VAHETUS"},"content":{"rendered":"<h2 style=\"text-align: center;\"><span style=\"color: #e80a0a;\">ARVUTI K\u00d5VAKETTA<\/span> (SSD) VAHETUS<\/h2>\n<h3 class=\"\" style=\"text-align: center;\">Parim viis oma vana arvuti kiiruse t\u00f5stmiseks? (SSD) Solid State Disk teie vanale Apple v\u00f5i Windows arvutile.<\/h3>\n<p class=\"\" style=\"text-align: justify;\">SSD-ketastel pole liikuvaid mehaanilisi komponente, mis eristab neid traditsioonilistest elektromehaanilistest k\u00f5vaketastest (HDD-d). SSD-d ei pea andmeid lugema p\u00f6\u00f6rlevalt kettalt, mis on tehnoloogiliselt aeglane. SSD eelised traditsiooniliste k\u00f5vaketaste ees on tingitud nende v\u00f5imest andmetele elektroonselt juurde p\u00e4\u00e4seda, mille tulemuseks on kiire \u00fclekandekiirus ning mehaaniline vastupidavus. P\u00e4rast ketta vahetust olete \u00fcllatunud uuest arvuti j\u00f5udlusest.<\/p>\n<p class=\"\" style=\"text-align: justify;\">Programmi k\u00e4ivitamine, faili avamine ja andmete kettale salvestamine toimub palju-palju kiiremini. Kl\u00f5psake programmil v\u00f5i faililt ja see laeb momentaalselt. Isegi lihtsalt veebis sirvimine on kiirem ja kui teie brauseri vahem\u00e4lufailid on juba osaliselt SSD-le salvestatud, laaditakse need m\u00e4rgatavalt kiiremini, kui varasema HDD puhul.<\/p>\n<div class=\"\">\n<p class=\"\" style=\"text-align: justify;\"><span class=\"\">SSD-kettad t\u00f6\u00f6tavad k\u00f5igis Apple OS X versioonides alates 10.6.8 (Snow Leopard) ja k\u00f5igis Windowsi arvutites alates Vistast kuni Windows 10-ni.<\/span><\/p>\n<\/div>\n<style type=\"text\/css\">\r\n\t#foogallery-gallery-12818 .fg-image {\r\n        width: 200px;\r\n    }\r\n<\/style>\r\n\t\t\t\t<div class=\"foogallery foogallery-container foogallery-default foogallery-lightbox-foobox fg-gutter-10 fg-center fg-default fg-light fg-loaded-fade-in fg-hover-scale fg-hover-fade fg-ready\" id=\"foogallery-gallery-12818\" data-foogallery=\"{&quot;item&quot;:{&quot;showCaptionTitle&quot;:true,&quot;showCaptionDescription&quot;:true},&quot;lazy&quot;:true}\" >\r\n\t<div class=\"fg-item fg-type-image fg-idle\"><figure class=\"fg-item-inner\"><a href=\"https:\/\/spets24.com\/wp-content\/uploads\/2020\/09\/SSD-UPGRADE-EESTI-5.jpg\" data-attachment-id=\"12819\" class=\"fg-thumb\"><span class=\"fg-image-wrap\"><img loading=\"lazy\" decoding=\"async\" width=\"200\" height=\"300\" class=\"skip-lazy fg-image\" data-src-fg=\"https:\/\/spets24.com\/wp-content\/uploads\/cache\/2020\/09\/SSD-UPGRADE-EESTI-5\/2832525373.jpg\" src=\"data:image\/svg+xml,%3Csvg%20xmlns%3D%22http%3A%2F%2Fwww.w3.org%2F2000%2Fsvg%22%20width%3D%22200%22%20height%3D%22300%22%20viewBox%3D%220%200%20200%20300%22%3E%3C%2Fsvg%3E\"><\/span><span class=\"fg-image-overlay\"><\/span><\/a><figcaption class=\"fg-caption\"><div class=\"fg-caption-inner\"><\/div><\/figcaption><\/figure><div class=\"fg-loader\"><\/div><\/div><div class=\"fg-item fg-type-image fg-idle\"><figure class=\"fg-item-inner\"><a href=\"https:\/\/spets24.com\/wp-content\/uploads\/2020\/09\/SSD-UPGRADE-EESTI-4.jpg\" data-attachment-id=\"12825\" class=\"fg-thumb\"><span class=\"fg-image-wrap\"><img loading=\"lazy\" decoding=\"async\" width=\"200\" height=\"300\" class=\"skip-lazy fg-image\" data-src-fg=\"https:\/\/spets24.com\/wp-content\/uploads\/cache\/2020\/09\/SSD-UPGRADE-EESTI-4\/1948240755.jpg\" src=\"data:image\/svg+xml,%3Csvg%20xmlns%3D%22http%3A%2F%2Fwww.w3.org%2F2000%2Fsvg%22%20width%3D%22200%22%20height%3D%22300%22%20viewBox%3D%220%200%20200%20300%22%3E%3C%2Fsvg%3E\"><\/span><span class=\"fg-image-overlay\"><\/span><\/a><figcaption class=\"fg-caption\"><div class=\"fg-caption-inner\"><\/div><\/figcaption><\/figure><div class=\"fg-loader\"><\/div><\/div><div class=\"fg-item fg-type-image fg-idle\"><figure class=\"fg-item-inner\"><a href=\"https:\/\/spets24.com\/wp-content\/uploads\/2020\/09\/SSD-UPGRADE-EESTI-3.jpg\" data-attachment-id=\"12831\" class=\"fg-thumb\"><span class=\"fg-image-wrap\"><img loading=\"lazy\" decoding=\"async\" width=\"200\" height=\"300\" class=\"skip-lazy fg-image\" data-src-fg=\"https:\/\/spets24.com\/wp-content\/uploads\/cache\/2020\/09\/SSD-UPGRADE-EESTI-3\/1896209626.jpg\" src=\"data:image\/svg+xml,%3Csvg%20xmlns%3D%22http%3A%2F%2Fwww.w3.org%2F2000%2Fsvg%22%20width%3D%22200%22%20height%3D%22300%22%20viewBox%3D%220%200%20200%20300%22%3E%3C%2Fsvg%3E\"><\/span><span class=\"fg-image-overlay\"><\/span><\/a><figcaption class=\"fg-caption\"><div class=\"fg-caption-inner\"><\/div><\/figcaption><\/figure><div class=\"fg-loader\"><\/div><\/div><div class=\"fg-item fg-type-image fg-idle\"><figure class=\"fg-item-inner\"><a href=\"https:\/\/spets24.com\/wp-content\/uploads\/2020\/09\/SSD-UPGRADE-EESTI-2.jpg\" data-attachment-id=\"12837\" class=\"fg-thumb\"><span class=\"fg-image-wrap\"><img loading=\"lazy\" decoding=\"async\" width=\"200\" height=\"300\" class=\"skip-lazy fg-image\" data-src-fg=\"https:\/\/spets24.com\/wp-content\/uploads\/cache\/2020\/09\/SSD-UPGRADE-EESTI-2\/2320591005.jpg\" src=\"data:image\/svg+xml,%3Csvg%20xmlns%3D%22http%3A%2F%2Fwww.w3.org%2F2000%2Fsvg%22%20width%3D%22200%22%20height%3D%22300%22%20viewBox%3D%220%200%20200%20300%22%3E%3C%2Fsvg%3E\"><\/span><span class=\"fg-image-overlay\"><\/span><\/a><figcaption class=\"fg-caption\"><div class=\"fg-caption-inner\"><\/div><\/figcaption><\/figure><div class=\"fg-loader\"><\/div><\/div><div class=\"fg-item fg-type-image fg-idle\"><figure class=\"fg-item-inner\"><a href=\"https:\/\/spets24.com\/wp-content\/uploads\/2020\/09\/SSD-UPGRADE-EESTI-1.jpg\" data-attachment-id=\"12843\" class=\"fg-thumb\"><span class=\"fg-image-wrap\"><img loading=\"lazy\" decoding=\"async\" width=\"200\" height=\"300\" class=\"skip-lazy fg-image\" data-src-fg=\"https:\/\/spets24.com\/wp-content\/uploads\/cache\/2020\/09\/SSD-UPGRADE-EESTI-1\/4097434890.jpg\" src=\"data:image\/svg+xml,%3Csvg%20xmlns%3D%22http%3A%2F%2Fwww.w3.org%2F2000%2Fsvg%22%20width%3D%22200%22%20height%3D%22300%22%20viewBox%3D%220%200%20200%20300%22%3E%3C%2Fsvg%3E\"><\/span><span class=\"fg-image-overlay\"><\/span><\/a><figcaption class=\"fg-caption\"><div class=\"fg-caption-inner\"><\/div><\/figcaption><\/figure><div class=\"fg-loader\"><\/div><\/div><\/div>\r\n\n<p>&nbsp;<\/p>\n<h3 class=\"\"><span class=\"\">Teeme teie vana arvuti 10x kiiremaks<\/span><\/h3>\n<ul class=\"\">\n<li class=\"\" style=\"text-align: justify;\">Meil on spetsiaalsed paketid alates 120 EUR, mis sisaldab ka tasuta tolmu puhastamist ja \u00fcldist \u00fclevaatust.<\/li>\n<li class=\"\" style=\"text-align: justify;\">20 eurose lisatasu eest saate oma vanale HDD draivile kvaliteetse v\u00e4lise USB juhtmega \u00fchendatava HDD-karbi; nii saate tasuta varuketta! Seda muidugi juhul, kui vana ketas on veel rahuldavas korras. Kui vana t\u00fc\u00fcpi HDD ei pea teenindama operatsioonis\u00fcsteemi, siis passiivse faililaona v\u00f5ib ta veel kaua t\u00f6\u00f6tada.<\/li>\n<li class=\"\" style=\"text-align: justify;\">Saate ise kopeerida olulised andmed tagasi uuele ja kiirele SSD-kettale ning koopia s\u00e4ilib ka vanal kettal.<\/li>\n<li class=\"\" style=\"text-align: justify;\">Hind sisaldab vajadusel ketta kloonimist, kuid \u00f5igem oleks uuele kettale puhas operatsioonis\u00fcsteem paigaldada, et mitte \u00fcle kanda v\u00f5imalikku pahavara.<\/li>\n<li class=\"\" style=\"text-align: justify;\">24-60 kuuline garantii k\u00f5igile uutele ketastele.<\/li>\n<\/ul>\n<p>&nbsp;<\/p>\n","protected":false},"excerpt":{"rendered":"<p>ARVUTI K\u00d5VAKETTA (SSD) VAHETUS Parim viis oma vana arvuti kiiruse t\u00f5stmiseks? (SSD) Solid State Disk teie vanale Apple v\u00f5i Windows arvutile. SSD-ketastel pole liikuvaid mehaanilisi komponente, mis eristab neid traditsioonilistest elektromehaanilistest k\u00f5vaketastest<a class=\"moretag\" href=\"https:\/\/spets24.com\/et\/ssd-upgrade\/\">Read More&#8230;<\/a><\/p>\n","protected":false},"author":1,"featured_media":0,"parent":0,"menu_order":0,"comment_status":"closed","ping_status":"closed","template":"","meta":{"_mbp_gutenberg_autopost":false,"footnotes":""},"yst_prominent_words":[],"class_list":["post-12849","page","type-page","status-publish","hentry"],"yoast_head":"<!-- This site is optimized with the Yoast SEO Premium plugin v14.2 - https:\/\/yoast.com\/wordpress\/plugins\/seo\/ -->\n<title>SSD VAHETUS - SPETS24 ESTONIA<\/title>\n<meta name=\"robots\" content=\"index, follow\" \/>\n<meta name=\"googlebot\" content=\"index, follow, max-snippet:-1, max-image-preview:large, max-video-preview:-1\" \/>\n<meta name=\"bingbot\" content=\"index, follow, max-snippet:-1, max-image-preview:large, max-video-preview:-1\" \/>\n<link rel=\"canonical\" href=\"https:\/\/spets24.com\/ssd-upgrade\/\" \/>\n<meta property=\"og:locale\" content=\"et_EE\" \/>\n<meta property=\"og:type\" content=\"article\" \/>\n<meta property=\"og:title\" content=\"SSD VAHETUS - SPETS24 ESTONIA\" \/>\n<meta property=\"og:description\" content=\"ARVUTI K\u00d5VAKETTA (SSD) VAHETUS Parim viis oma vana arvuti kiiruse t\u00f5stmiseks? (SSD) Solid State Disk teie vanale Apple v\u00f5i Windows arvutile. SSD-ketastel pole liikuvaid mehaanilisi komponente, mis eristab neid traditsioonilistest elektromehaanilistest k\u00f5vaketastestRead More...\" \/>\n<meta property=\"og:url\" content=\"https:\/\/spets24.com\/ssd-upgrade\/\" \/>\n<meta property=\"og:site_name\" content=\"SPETS24 ESTONIA\" \/>\n<meta property=\"article:modified_time\" content=\"2021-07-26T08:05:00+00:00\" \/>\n<meta name=\"twitter:card\" content=\"summary_large_image\" \/>\n<script type=\"application\/ld+json\" class=\"yoast-schema-graph\">{\"@context\":\"https:\/\/schema.org\",\"@graph\":[{\"@type\":\"WebSite\",\"@id\":\"https:\/\/spets24.com\/et\/#website\",\"url\":\"https:\/\/spets24.com\/et\/\",\"name\":\"SPETS24 ESTONIA\",\"description\":\"ELEKTROONIKA &amp; IGASUGU IMELIKE MASINATE  VALMISTAMINE JA REMONT\",\"potentialAction\":[{\"@type\":\"SearchAction\",\"target\":\"https:\/\/spets24.com\/et\/?s={search_term_string}\",\"query-input\":\"required name=search_term_string\"}],\"inLanguage\":\"et\"},{\"@type\":\"WebPage\",\"@id\":\"https:\/\/spets24.com\/ssd-upgrade\/#webpage\",\"url\":\"https:\/\/spets24.com\/ssd-upgrade\/\",\"name\":\"SSD VAHETUS - SPETS24 ESTONIA\",\"isPartOf\":{\"@id\":\"https:\/\/spets24.com\/et\/#website\"},\"datePublished\":\"2020-09-14T12:58:05+00:00\",\"dateModified\":\"2021-07-26T08:05:00+00:00\",\"inLanguage\":\"et\",\"potentialAction\":[{\"@type\":\"ReadAction\",\"target\":[\"https:\/\/spets24.com\/ssd-upgrade\/\"]}]}]}<\/script>\n<!-- \/ Yoast SEO Premium plugin. -->","_links":{"self":[{"href":"https:\/\/spets24.com\/et\/wp-json\/wp\/v2\/pages\/12849","targetHints":{"allow":["GET"]}}],"collection":[{"href":"https:\/\/spets24.com\/et\/wp-json\/wp\/v2\/pages"}],"about":[{"href":"https:\/\/spets24.com\/et\/wp-json\/wp\/v2\/types\/page"}],"author":[{"embeddable":true,"href":"https:\/\/spets24.com\/et\/wp-json\/wp\/v2\/users\/1"}],"replies":[{"embeddable":true,"href":"https:\/\/spets24.com\/et\/wp-json\/wp\/v2\/comments?post=12849"}],"version-history":[{"count":8,"href":"https:\/\/spets24.com\/et\/wp-json\/wp\/v2\/pages\/12849\/revisions"}],"predecessor-version":[{"id":15083,"href":"https:\/\/spets24.com\/et\/wp-json\/wp\/v2\/pages\/12849\/revisions\/15083"}],"wp:attachment":[{"href":"https:\/\/spets24.com\/et\/wp-json\/wp\/v2\/media?parent=12849"}],"wp:term":[{"taxonomy":"yst_prominent_words","embeddable":true,"href":"https:\/\/spets24.com\/et\/wp-json\/wp\/v2\/yst_prominent_words?post=12849"}],"curies":[{"name":"wp","href":"https:\/\/api.w.org\/{rel}","templated":true}]}}