{"id":11054,"date":"2016-03-15T10:31:18","date_gmt":"2016-03-15T10:31:18","guid":{"rendered":"https:\/\/spets24.com\/teenused\/galetnyj-transformator\/"},"modified":"2020-09-15T09:56:55","modified_gmt":"2020-09-15T09:56:55","slug":"toroid-tranformaator","status":"publish","type":"page","link":"https:\/\/spets24.com\/et\/toroid-tranformaator\/","title":{"rendered":"TOROID TRANSFORMAATOR"},"content":{"rendered":"<h2>TOROID TRANSFORMAATOR<\/h2>\n<p style=\"text-align: justify;\">Toroid t\u00fc\u00fcpi trafod erinevad sellega, et m\u00e4hised omavad n\u00f6. erilist geomeetrilist asukohat s\u00fcdamiku suhtes mis on erinev klassikalisest silindrilisest m\u00e4hkimismeetodist. Sel moel me saavutame ideaalse, \u00fchesuguse takistuse ja induktiivsusega trafo, mida saab kasutada balanseeritud skeemides. Sellist konstruktsiooni kasutati varem tavaliselt ainult stuudioaparatuuris ja ka militaarseadmetes.<\/p>\n<p style=\"text-align: justify;\">Sellisel moel koostatud m\u00e4hised s\u00fcdamikul indutseerivad sarnased diskreetsed v\u00e4ljad, mis koos moodustavad \u00fchesugused magnetv\u00e4ljad, mille abil omakorda saavutatakse v\u00e4himad helisignaalide moonutused.<\/p>\n<p style=\"text-align: justify;\">Meie trafode m\u00e4histevahelised mahtuvused on viidud miinimumi l\u00e4hedale, mille tulemusena laieneb edastatavate leineaarsete signaalid diapasoon just k\u00f5rgematel sagedustel. Meil on selleks ka oma tehnoloogia, kuidas varjestada konstruktsiooni osasid ja kuidas saavutada sellised parameetrid, mis pole klassikalise transformaatori puhul v\u00f5imalikud.<\/p>\n<p style=\"text-align: justify;\">Meie transformaatoreid saab kasutada k\u00f5rgema klassi v\u00f5imendites, stuudioaparatuuris ja mujal kvaliteetsetes seadmetes. Meie poolt valmistatavad transformaatorid on v\u00f5imenditele vahemikus 25W, 50W, 100W ja 400W kanali kohta.<\/p>\n<p>&nbsp;<\/p>\n<style type=\"text\/css\">\r\n\t#foogallery-gallery-12896 .fg-image {\r\n        width: 350px;\r\n    }\r\n<\/style>\r\n\t\t\t\t<div class=\"foogallery foogallery-container foogallery-default foogallery-lightbox-foobox fg-gutter-10 fg-center fg-default fg-light fg-loaded-fade-in fg-hover-fade fg-ready\" id=\"foogallery-gallery-12896\" data-foogallery=\"{&quot;item&quot;:{&quot;showCaptionTitle&quot;:true,&quot;showCaptionDescription&quot;:true},&quot;lazy&quot;:true}\" >\r\n\t<div class=\"fg-item fg-type-image fg-idle\"><figure class=\"fg-item-inner\"><a href=\"https:\/\/spets24.com\/wp-content\/uploads\/2016\/03\/img_0132.jpg\" data-attachment-id=\"2282\" class=\"fg-thumb\"><span class=\"fg-image-wrap\"><img loading=\"lazy\" decoding=\"async\" width=\"350\" height=\"250\" class=\"skip-lazy fg-image\" data-src-fg=\"https:\/\/spets24.com\/wp-content\/uploads\/cache\/2016\/03\/img_0132\/300194416.jpg\" src=\"data:image\/svg+xml,%3Csvg%20xmlns%3D%22http%3A%2F%2Fwww.w3.org%2F2000%2Fsvg%22%20width%3D%22350%22%20height%3D%22250%22%20viewBox%3D%220%200%20350%20250%22%3E%3C%2Fsvg%3E\"><\/span><span class=\"fg-image-overlay\"><\/span><\/a><figcaption class=\"fg-caption\"><div class=\"fg-caption-inner\"><\/div><\/figcaption><\/figure><div class=\"fg-loader\"><\/div><\/div><div class=\"fg-item fg-type-image fg-idle\"><figure class=\"fg-item-inner\"><a href=\"https:\/\/spets24.com\/wp-content\/uploads\/2016\/03\/img_0133.jpg\" data-attachment-id=\"2278\" class=\"fg-thumb\"><span class=\"fg-image-wrap\"><img loading=\"lazy\" decoding=\"async\" width=\"350\" height=\"250\" class=\"skip-lazy fg-image\" data-src-fg=\"https:\/\/spets24.com\/wp-content\/uploads\/cache\/2016\/03\/img_0133\/3072465498.jpg\" src=\"data:image\/svg+xml,%3Csvg%20xmlns%3D%22http%3A%2F%2Fwww.w3.org%2F2000%2Fsvg%22%20width%3D%22350%22%20height%3D%22250%22%20viewBox%3D%220%200%20350%20250%22%3E%3C%2Fsvg%3E\"><\/span><span class=\"fg-image-overlay\"><\/span><\/a><figcaption class=\"fg-caption\"><div class=\"fg-caption-inner\"><\/div><\/figcaption><\/figure><div class=\"fg-loader\"><\/div><\/div><div class=\"fg-item fg-type-image fg-idle\"><figure class=\"fg-item-inner\"><a href=\"https:\/\/spets24.com\/wp-content\/uploads\/2016\/03\/img_0135.jpg\" data-attachment-id=\"2274\" class=\"fg-thumb\"><span class=\"fg-image-wrap\"><img loading=\"lazy\" decoding=\"async\" width=\"350\" height=\"250\" class=\"skip-lazy fg-image\" data-src-fg=\"https:\/\/spets24.com\/wp-content\/uploads\/cache\/2016\/03\/img_0135\/1769555283.jpg\" src=\"data:image\/svg+xml,%3Csvg%20xmlns%3D%22http%3A%2F%2Fwww.w3.org%2F2000%2Fsvg%22%20width%3D%22350%22%20height%3D%22250%22%20viewBox%3D%220%200%20350%20250%22%3E%3C%2Fsvg%3E\"><\/span><span class=\"fg-image-overlay\"><\/span><\/a><figcaption class=\"fg-caption\"><div class=\"fg-caption-inner\"><\/div><\/figcaption><\/figure><div class=\"fg-loader\"><\/div><\/div><\/div>\r\n\n","protected":false},"excerpt":{"rendered":"<p>TOROID TRANSFORMAATOR Toroid t\u00fc\u00fcpi trafod erinevad sellega, et m\u00e4hised omavad n\u00f6. erilist geomeetrilist asukohat s\u00fcdamiku suhtes mis on erinev klassikalisest silindrilisest m\u00e4hkimismeetodist. Sel moel me saavutame ideaalse, \u00fchesuguse takistuse ja induktiivsusega trafo,<a class=\"moretag\" href=\"https:\/\/spets24.com\/et\/toroid-tranformaator\/\">Read More&#8230;<\/a><\/p>\n","protected":false},"author":1,"featured_media":0,"parent":0,"menu_order":0,"comment_status":"closed","ping_status":"closed","template":"","meta":{"_mbp_gutenberg_autopost":false,"footnotes":""},"yst_prominent_words":[],"class_list":["post-11054","page","type-page","status-publish","hentry"],"yoast_head":"<!-- This site is optimized with the Yoast SEO Premium plugin v14.2 - https:\/\/yoast.com\/wordpress\/plugins\/seo\/ -->\n<title>TOROID TRANSFORMAATOR - SPETS24 ESTONIA<\/title>\n<meta name=\"robots\" content=\"index, follow\" \/>\n<meta name=\"googlebot\" content=\"index, follow, max-snippet:-1, max-image-preview:large, max-video-preview:-1\" \/>\n<meta name=\"bingbot\" content=\"index, follow, max-snippet:-1, max-image-preview:large, max-video-preview:-1\" \/>\n<link rel=\"canonical\" href=\"https:\/\/spets24.com\/teenused\/toroid-tranformaator\/\" \/>\n<meta property=\"og:locale\" content=\"et_EE\" \/>\n<meta property=\"og:type\" content=\"article\" \/>\n<meta property=\"og:title\" content=\"TOROID TRANSFORMAATOR - SPETS24 ESTONIA\" \/>\n<meta property=\"og:description\" content=\"TOROID TRANSFORMAATOR Toroid t\u00fc\u00fcpi trafod erinevad sellega, et m\u00e4hised omavad n\u00f6. erilist geomeetrilist asukohat s\u00fcdamiku suhtes mis on erinev klassikalisest silindrilisest m\u00e4hkimismeetodist. Sel moel me saavutame ideaalse, \u00fchesuguse takistuse ja induktiivsusega trafo,Read More...\" \/>\n<meta property=\"og:url\" content=\"https:\/\/spets24.com\/teenused\/toroid-tranformaator\/\" \/>\n<meta property=\"og:site_name\" content=\"SPETS24 ESTONIA\" \/>\n<meta property=\"article:modified_time\" content=\"2020-09-15T09:56:55+00:00\" \/>\n<meta name=\"twitter:card\" content=\"summary_large_image\" \/>\n<script type=\"application\/ld+json\" class=\"yoast-schema-graph\">{\"@context\":\"https:\/\/schema.org\",\"@graph\":[{\"@type\":\"WebSite\",\"@id\":\"https:\/\/spets24.com\/et\/#website\",\"url\":\"https:\/\/spets24.com\/et\/\",\"name\":\"SPETS24 ESTONIA\",\"description\":\"ELEKTROONIKA &amp; IGASUGU IMELIKE MASINATE  VALMISTAMINE JA REMONT\",\"potentialAction\":[{\"@type\":\"SearchAction\",\"target\":\"https:\/\/spets24.com\/et\/?s={search_term_string}\",\"query-input\":\"required name=search_term_string\"}],\"inLanguage\":\"et\"},{\"@type\":\"WebPage\",\"@id\":\"https:\/\/spets24.com\/teenused\/toroid-tranformaator\/#webpage\",\"url\":\"https:\/\/spets24.com\/teenused\/toroid-tranformaator\/\",\"name\":\"TOROID TRANSFORMAATOR - SPETS24 ESTONIA\",\"isPartOf\":{\"@id\":\"https:\/\/spets24.com\/et\/#website\"},\"datePublished\":\"2016-03-15T10:31:18+00:00\",\"dateModified\":\"2020-09-15T09:56:55+00:00\",\"inLanguage\":\"et\",\"potentialAction\":[{\"@type\":\"ReadAction\",\"target\":[\"https:\/\/spets24.com\/teenused\/toroid-tranformaator\/\"]}]}]}<\/script>\n<!-- \/ Yoast SEO Premium plugin. -->","_links":{"self":[{"href":"https:\/\/spets24.com\/et\/wp-json\/wp\/v2\/pages\/11054","targetHints":{"allow":["GET"]}}],"collection":[{"href":"https:\/\/spets24.com\/et\/wp-json\/wp\/v2\/pages"}],"about":[{"href":"https:\/\/spets24.com\/et\/wp-json\/wp\/v2\/types\/page"}],"author":[{"embeddable":true,"href":"https:\/\/spets24.com\/et\/wp-json\/wp\/v2\/users\/1"}],"replies":[{"embeddable":true,"href":"https:\/\/spets24.com\/et\/wp-json\/wp\/v2\/comments?post=11054"}],"version-history":[{"count":5,"href":"https:\/\/spets24.com\/et\/wp-json\/wp\/v2\/pages\/11054\/revisions"}],"predecessor-version":[{"id":12898,"href":"https:\/\/spets24.com\/et\/wp-json\/wp\/v2\/pages\/11054\/revisions\/12898"}],"wp:attachment":[{"href":"https:\/\/spets24.com\/et\/wp-json\/wp\/v2\/media?parent=11054"}],"wp:term":[{"taxonomy":"yst_prominent_words","embeddable":true,"href":"https:\/\/spets24.com\/et\/wp-json\/wp\/v2\/yst_prominent_words?post=11054"}],"curies":[{"name":"wp","href":"https:\/\/api.w.org\/{rel}","templated":true}]}}