{"id":11049,"date":"2019-11-20T10:04:48","date_gmt":"2019-11-20T10:04:48","guid":{"rendered":"https:\/\/spets24.com\/izgotovlenie-hi-end-audio-usilitelej\/"},"modified":"2019-11-25T09:54:57","modified_gmt":"2019-11-25T09:54:57","slug":"high-end-lampvoimendid","status":"publish","type":"page","link":"https:\/\/spets24.com\/et\/high-end-lampvoimendid\/","title":{"rendered":"HIGH-END LAMPV\u00d5IMENDID"},"content":{"rendered":"<div id=\"pl-11049\"  class=\"panel-layout\" ><div id=\"pg-11049-0\"  class=\"panel-grid panel-no-style\" ><div id=\"pgc-11049-0-0\"  class=\"panel-grid-cell\" ><div id=\"panel-11049-0-0-0\" class=\"so-panel widget widget_sow-headline panel-first-child\" data-index=\"0\" ><div class=\"so-widget-sow-headline so-widget-sow-headline-default-771b70f7f01f-11049 so-widget-fittext-wrapper\" data-fit-text-compressor=\"0.85\"><div class=\"sow-headline-container \">\n\t<h2 class='sow-headline'>HIGH-END LAMPV\u00d5IMENDID<\/h2><\/div><\/div><\/div><div id=\"panel-11049-0-0-1\" class=\"so-panel widget widget_sow-layout-slider\" data-index=\"1\" ><div class=\"panel-widget-style panel-widget-style-for-11049-0-0-1\" ><div class=\"so-widget-sow-layout-slider so-widget-sow-layout-slider-default-9d6ff8178285-11049\"><div class=\"sow-slider-base\" style=\"display: none\"><ul class=\"sow-slider-images\" data-settings=\"{&quot;pagination&quot;:true,&quot;speed&quot;:800,&quot;timeout&quot;:8000,&quot;paused&quot;:false,&quot;pause_on_hover&quot;:false,&quot;swipe&quot;:true,&quot;nav_always_show_desktop&quot;:&quot;&quot;,&quot;nav_always_show_mobile&quot;:&quot;&quot;,&quot;breakpoint&quot;:&quot;780px&quot;,&quot;unmute&quot;:false}\">\t\t<li class=\"sow-slider-image  sow-slider-image-cover\" style=\"background-color: #333333;background-image: url(https:\/\/spets24.com\/wp-content\/uploads\/2019\/11\/IMG_2692.jpg)\" >\n\t\t\t\t\t<div class=\"sow-slider-image-container\">\n\t\t\t<div class=\"sow-slider-image-wrapper\">\n\t\t\t\t\t\t\t<\/div>\n\t\t<\/div>\n\t\t\t\t<\/li>\n\t\t<\/ul>\t\t\t\t<ol class=\"sow-slider-pagination\">\n\t\t\t\t\t\t\t\t\t\t\t<li><a href=\"#\" data-goto=\"0\" aria-label=\"display slide 1\"><\/a><\/li>\n\t\t\t\t\t\t\t\t\t<\/ol>\n\n\t\t\t\t<div class=\"sow-slide-nav sow-slide-nav-next\">\n\t\t\t\t\t<a href=\"#\" data-goto=\"next\" aria-label=\"next slide\" data-action=\"next\">\n\t\t\t\t\t\t<em class=\"sow-sld-icon-thin-right\"><\/em>\n\t\t\t\t\t<\/a>\n\t\t\t\t<\/div>\n\n\t\t\t\t<div class=\"sow-slide-nav sow-slide-nav-prev\">\n\t\t\t\t\t<a href=\"#\" data-goto=\"previous\" aria-label=\"previous slide\" data-action=\"prev\">\n\t\t\t\t\t\t<em class=\"sow-sld-icon-thin-left\"><\/em>\n\t\t\t\t\t<\/a>\n\t\t\t\t<\/div>\n\t\t\t\t<\/div><\/div><\/div><\/div><div id=\"panel-11049-0-0-2\" class=\"so-panel widget widget_sow-editor panel-last-child\" data-index=\"2\" ><div class=\"so-widget-sow-editor so-widget-sow-editor-base\">\n<div class=\"siteorigin-widget-tinymce textwidget\">\n\t<p style=\"text-align: justify;\">Meie uus High-End l\u00f5ppv\u00f5imendi on j\u00e4tk mikrofoni eelv\u00f5imendile, mis on saanud head tagasisidet erinevatest stuudiotest Eestist, L\u00e4tist, Venemaalt ja USA-st. Seadmes on kasutatud l\u00fchimat teed signaali jaoks eri v\u00f5imendi osade vahel kasutades selleks balanseeritud transformaatoreid, mis on m\u00e4hitud nanokristallilisele amorfsele s\u00fcdamikule. Skeemis pole kasutatud sidestusteks kondensaatoreid ja takisteid. Helitugevuse reguleerimiseks on kasutatud transformaator attenuaatorit, mis ka on m\u00e4hitud kvaliteetsele amorfsele s\u00fcdamikule. Spetsialistide ja asjaarmastajate tagasiside on on olnud v\u00e4ga positiivne.<\/p>\n<p style=\"text-align: justify;\">Kasutame oma v\u00f5imendites alati erilahendusi, nagu ka \u00fclalpool kirjeldatud. See tagab v\u00e4ga k\u00f5rge kvaliteedi ja t\u00f6\u00f6kindluse ja on kindlalt eespool klassikalistest skeemilahendustest.<br \/>\nSeadmete eri osade sidestuseks ja muudeks skeemiosadeks nagu n\u00e4iteks v\u00e4ljundtrafoks kasutame kvaliteetseid toroid trafosid, mille m\u00e4hime k\u00f5rgekvaliteetse traadiga ja spetsiaalse m\u00e4hkimistehnikaga. See tagab v\u00f5imendusvahemiku 5Hz - 100KHz, (+\/- 0.5 dB).<\/p>\n<p style=\"text-align: justify;\">Toitetrafo on samuti kahekordse presstehnoloogiaga toroids\u00fcdamikul, millel on m\u00e4hised 115*115 volti primaaris ja sekundaaris vastavalt kuidas vaja on. M\u00e4histe koostamisel j\u00e4lgime alati induktiivsust, takistust ja t\u00e4pset keerdude arvu. Toitetrafot v\u00f5ib kasutada nii USA, Jaapani kui Euroopa elektriv\u00f5rkudes, 115 v\u00f5i 230 V.<\/p>\n<p style=\"text-align: justify;\">Toroidtrafode kasutamine tingis ka meie v\u00f5imendi erikuju-silindri. V\u00f5imendi korpus koosneb laserl\u00f5igatud kolmest torust diameetriga 140mm, kaks v\u00f5imendi m\u00f5lema kanali jaoks ja \u00fcks 16mm toiteplokile. Toru kujulise korpused v\u00f5imaldavad lihtsamalt teha viimistlust\u00f6id nagu lihvimine, poleerimine, galvaniseerimine v\u00f5i v\u00e4rvimine. Laseri abil on on ka suhteliselt lihtne teha uusi ventilatsiooniavausi, trafode ja lampide kinnitusi, kui disainis on vaja mingid muudatused teha. Metallkorpus mille sees on trafod, lambid ja muud elemendid tagab kogu v\u00f5imendile ka hea varjestuse.. Lambid on paigutatud eraldi nishidesse, mis hoiab \u00e4ra juhuslikud f\u00fc\u00fcsilised l\u00f6\u00f6gid, mis v\u00f5iks lambi purustada. Lampide , trafode ja muude komponentide vahemaad on viidud minimaalseks, mis omakorda tagab hea heli kvaliteedi. Toiteploki trafode vahelduvvool on alaldatud kvaliteetsete kenotronide abil, n\u00e4iteks 5Z4G, vene analoog 5\u04268\u0421. Lambi ahelas asuvad ka filtrid ja kahekordne stabiliseerimine. Lampide k\u00fcte on samuti kahekordselt stabiliseeritud. \u00dchenduste tegemiseks eri osade vahel on kasutatud h\u00f5betraati teflonisolatsiooniga. Meie v\u00f5imendites on v\u00f5imalik lihtsalt reguleerida ka lampide reziime, kui peaks tekkima vajadus lampe vahetada. Seda ka ilma spetsialisti abita.<\/p>\n<style type=\"text\/css\">\r\n\t#foogallery-gallery-10723 .fg-image {\r\n        width: 270px;\r\n    }\r\n<\/style>\r\n\t\t\t\t<div class=\"foogallery foogallery-container foogallery-default foogallery-lightbox-foobox fg-gutter-10 fg-center fg-default fg-light fg-loaded-fade-in fg-hover-fade fg-ready\" id=\"foogallery-gallery-10723\" data-foogallery=\"{&quot;item&quot;:{&quot;showCaptionTitle&quot;:true,&quot;showCaptionDescription&quot;:true},&quot;lazy&quot;:true}\" >\r\n\t<div class=\"fg-item fg-type-image fg-idle\"><figure class=\"fg-item-inner\"><a href=\"https:\/\/spets24.com\/wp-content\/uploads\/2019\/11\/IMG_2694.jpg\" data-attachment-id=\"10727\" class=\"fg-thumb\"><span class=\"fg-image-wrap\"><img loading=\"lazy\" decoding=\"async\" width=\"270\" height=\"220\" class=\"skip-lazy fg-image\" data-src-fg=\"https:\/\/spets24.com\/wp-content\/uploads\/cache\/2019\/11\/IMG_2694\/3771481212.jpg\" src=\"data:image\/svg+xml,%3Csvg%20xmlns%3D%22http%3A%2F%2Fwww.w3.org%2F2000%2Fsvg%22%20width%3D%22270%22%20height%3D%22220%22%20viewBox%3D%220%200%20270%20220%22%3E%3C%2Fsvg%3E\"><\/span><span class=\"fg-image-overlay\"><\/span><\/a><figcaption class=\"fg-caption\"><div class=\"fg-caption-inner\"><\/div><\/figcaption><\/figure><div class=\"fg-loader\"><\/div><\/div><div class=\"fg-item fg-type-image fg-idle\"><figure class=\"fg-item-inner\"><a href=\"https:\/\/spets24.com\/wp-content\/uploads\/2019\/11\/IMG_26921.jpg\" data-attachment-id=\"10733\" class=\"fg-thumb\"><span class=\"fg-image-wrap\"><img loading=\"lazy\" decoding=\"async\" width=\"270\" height=\"220\" class=\"skip-lazy fg-image\" data-src-fg=\"https:\/\/spets24.com\/wp-content\/uploads\/cache\/2019\/11\/IMG_26921\/4179134990.jpg\" src=\"data:image\/svg+xml,%3Csvg%20xmlns%3D%22http%3A%2F%2Fwww.w3.org%2F2000%2Fsvg%22%20width%3D%22270%22%20height%3D%22220%22%20viewBox%3D%220%200%20270%20220%22%3E%3C%2Fsvg%3E\"><\/span><span class=\"fg-image-overlay\"><\/span><\/a><figcaption class=\"fg-caption\"><div class=\"fg-caption-inner\"><\/div><\/figcaption><\/figure><div class=\"fg-loader\"><\/div><\/div><div class=\"fg-item fg-type-image fg-idle\"><figure class=\"fg-item-inner\"><a href=\"https:\/\/spets24.com\/wp-content\/uploads\/2019\/11\/IMG_2693.jpg\" data-attachment-id=\"10739\" class=\"fg-thumb\"><span class=\"fg-image-wrap\"><img loading=\"lazy\" decoding=\"async\" width=\"270\" height=\"220\" class=\"skip-lazy fg-image\" data-src-fg=\"https:\/\/spets24.com\/wp-content\/uploads\/cache\/2019\/11\/IMG_2693\/3657607122.jpg\" src=\"data:image\/svg+xml,%3Csvg%20xmlns%3D%22http%3A%2F%2Fwww.w3.org%2F2000%2Fsvg%22%20width%3D%22270%22%20height%3D%22220%22%20viewBox%3D%220%200%20270%20220%22%3E%3C%2Fsvg%3E\"><\/span><span class=\"fg-image-overlay\"><\/span><\/a><figcaption class=\"fg-caption\"><div class=\"fg-caption-inner\"><\/div><\/figcaption><\/figure><div class=\"fg-loader\"><\/div><\/div><div class=\"fg-item fg-type-image fg-idle\"><figure class=\"fg-item-inner\"><a href=\"https:\/\/spets24.com\/wp-content\/uploads\/2019\/11\/IMG_2696.jpg\" data-attachment-id=\"10766\" class=\"fg-thumb\"><span class=\"fg-image-wrap\"><img loading=\"lazy\" decoding=\"async\" width=\"270\" height=\"220\" class=\"skip-lazy fg-image\" data-src-fg=\"https:\/\/spets24.com\/wp-content\/uploads\/cache\/2019\/11\/IMG_2696\/4253925551.jpg\" src=\"data:image\/svg+xml,%3Csvg%20xmlns%3D%22http%3A%2F%2Fwww.w3.org%2F2000%2Fsvg%22%20width%3D%22270%22%20height%3D%22220%22%20viewBox%3D%220%200%20270%20220%22%3E%3C%2Fsvg%3E\"><\/span><span class=\"fg-image-overlay\"><\/span><\/a><figcaption class=\"fg-caption\"><div class=\"fg-caption-inner\"><\/div><\/figcaption><\/figure><div class=\"fg-loader\"><\/div><\/div><\/div>\r\n\n<p>&nbsp;<\/p>\n<p style=\"text-align: justify;\">V\u00f5imendites on kasutuses kvaliteetne skeem fonokorrektor vin\u00fc\u00fclplaadilt v\u00f5i ka mujalt tuleva sisendsignaali jaoks. Lisaks veel v\u00f5imalus \u00fchendada k\u00f5rvaklappe ST-BY reziimis.<br \/>\nAntud v\u00f5imendis on l\u00f5ppastmes kasutatud lampe 6L6, 6V6, vene analoog 6\u041f6\u0421. Need lambid omavad head muusikalist signatuuri ja on korralikult balanseeritud ja valitud \u00fchesuguste parameetritega. Lampide sisetakistus on v\u00e4ga madal, mis omakorda tagab k\u00f5rgeima lineaar karakteristiku.<\/p>\n<p style=\"text-align: justify;\">Meil on laos olemas piisav kogus omavahel sobivaid v\u00e4ikese k\u00f5rvalkaldega lampe. Konstruktsioon lubab muidugi kasutada ka muid lambimudeleid suhteliselt v\u00e4ikeste muudatustega skeemis. V\u00f5imendi korpuses on kasutatud kvaliteetset vineeri ja puitu, mis vajalikes kohtades on \u00fcle l\u00f6\u00f6dud sametriidega.<\/p>\n<\/div>\n<\/div><\/div><\/div><\/div><\/div>","protected":false},"excerpt":{"rendered":"<p>Meie uus High-End l\u00f5ppv\u00f5imendi on j\u00e4tk mikrofoni eelv\u00f5imendile, mis on saanud head tagasisidet erinevatest stuudiotest Eestist, L\u00e4tist, Venemaalt ja USA-st. Seadmes on kasutatud l\u00fchimat teed signaali jaoks eri v\u00f5imendi osade vahel kasutades<a class=\"moretag\" href=\"https:\/\/spets24.com\/et\/high-end-lampvoimendid\/\">Read More&#8230;<\/a><\/p>\n","protected":false},"author":1,"featured_media":0,"parent":0,"menu_order":0,"comment_status":"closed","ping_status":"closed","template":"page-sidebar.php","meta":{"_mbp_gutenberg_autopost":false,"footnotes":""},"yst_prominent_words":[],"class_list":["post-11049","page","type-page","status-publish","hentry"],"yoast_head":"<!-- This site is optimized with the Yoast SEO Premium plugin v14.2 - https:\/\/yoast.com\/wordpress\/plugins\/seo\/ -->\n<title>HIGH-END LAMPV\u00d5IMENDID - SPETS24 ESTONIA<\/title>\n<meta name=\"robots\" content=\"index, follow\" \/>\n<meta name=\"googlebot\" content=\"index, follow, max-snippet:-1, max-image-preview:large, max-video-preview:-1\" \/>\n<meta name=\"bingbot\" content=\"index, follow, max-snippet:-1, max-image-preview:large, max-video-preview:-1\" \/>\n<link rel=\"canonical\" href=\"https:\/\/spets24.com\/high-end-lampvoimendid\/\" \/>\n<meta property=\"og:locale\" content=\"et_EE\" \/>\n<meta property=\"og:type\" content=\"article\" \/>\n<meta property=\"og:title\" content=\"HIGH-END LAMPV\u00d5IMENDID - SPETS24 ESTONIA\" \/>\n<meta property=\"og:description\" content=\"Meie uus High-End l\u00f5ppv\u00f5imendi on j\u00e4tk mikrofoni eelv\u00f5imendile, mis on saanud head tagasisidet erinevatest stuudiotest Eestist, L\u00e4tist, Venemaalt ja USA-st. Seadmes on kasutatud l\u00fchimat teed signaali jaoks eri v\u00f5imendi osade vahel kasutadesRead More...\" \/>\n<meta property=\"og:url\" content=\"https:\/\/spets24.com\/high-end-lampvoimendid\/\" \/>\n<meta property=\"og:site_name\" content=\"SPETS24 ESTONIA\" \/>\n<meta property=\"article:modified_time\" content=\"2019-11-25T09:54:57+00:00\" \/>\n<meta name=\"twitter:card\" content=\"summary_large_image\" \/>\n<script type=\"application\/ld+json\" class=\"yoast-schema-graph\">{\"@context\":\"https:\/\/schema.org\",\"@graph\":[{\"@type\":\"WebSite\",\"@id\":\"https:\/\/spets24.com\/et\/#website\",\"url\":\"https:\/\/spets24.com\/et\/\",\"name\":\"SPETS24 ESTONIA\",\"description\":\"ELEKTROONIKA &amp; IGASUGU IMELIKE MASINATE  VALMISTAMINE JA REMONT\",\"potentialAction\":[{\"@type\":\"SearchAction\",\"target\":\"https:\/\/spets24.com\/et\/?s={search_term_string}\",\"query-input\":\"required name=search_term_string\"}],\"inLanguage\":\"et\"},{\"@type\":\"WebPage\",\"@id\":\"https:\/\/spets24.com\/high-end-lampvoimendid\/#webpage\",\"url\":\"https:\/\/spets24.com\/high-end-lampvoimendid\/\",\"name\":\"HIGH-END LAMPV\\u00d5IMENDID - SPETS24 ESTONIA\",\"isPartOf\":{\"@id\":\"https:\/\/spets24.com\/et\/#website\"},\"datePublished\":\"2019-11-20T10:04:48+00:00\",\"dateModified\":\"2019-11-25T09:54:57+00:00\",\"inLanguage\":\"et\",\"potentialAction\":[{\"@type\":\"ReadAction\",\"target\":[\"https:\/\/spets24.com\/high-end-lampvoimendid\/\"]}]}]}<\/script>\n<!-- \/ Yoast SEO Premium plugin. -->","_links":{"self":[{"href":"https:\/\/spets24.com\/et\/wp-json\/wp\/v2\/pages\/11049","targetHints":{"allow":["GET"]}}],"collection":[{"href":"https:\/\/spets24.com\/et\/wp-json\/wp\/v2\/pages"}],"about":[{"href":"https:\/\/spets24.com\/et\/wp-json\/wp\/v2\/types\/page"}],"author":[{"embeddable":true,"href":"https:\/\/spets24.com\/et\/wp-json\/wp\/v2\/users\/1"}],"replies":[{"embeddable":true,"href":"https:\/\/spets24.com\/et\/wp-json\/wp\/v2\/comments?post=11049"}],"version-history":[{"count":12,"href":"https:\/\/spets24.com\/et\/wp-json\/wp\/v2\/pages\/11049\/revisions"}],"predecessor-version":[{"id":11079,"href":"https:\/\/spets24.com\/et\/wp-json\/wp\/v2\/pages\/11049\/revisions\/11079"}],"wp:attachment":[{"href":"https:\/\/spets24.com\/et\/wp-json\/wp\/v2\/media?parent=11049"}],"wp:term":[{"taxonomy":"yst_prominent_words","embeddable":true,"href":"https:\/\/spets24.com\/et\/wp-json\/wp\/v2\/yst_prominent_words?post=11049"}],"curies":[{"name":"wp","href":"https:\/\/api.w.org\/{rel}","templated":true}]}}