{"id":10373,"date":"2019-10-04T10:12:01","date_gmt":"2019-10-04T10:12:01","guid":{"rendered":"https:\/\/spets24.com\/?page_id=10373"},"modified":"2019-10-18T10:13:43","modified_gmt":"2019-10-18T10:13:43","slug":"arvutite-ja-elektroonikaseadmete-ost","status":"publish","type":"page","link":"https:\/\/spets24.com\/et\/arvutite-ja-elektroonikaseadmete-ost\/","title":{"rendered":"ARVUTITE JA ELEKTROONIKASEADMETE OST"},"content":{"rendered":"<h3 style=\"text-align: center;\">Too vana meile ja saad uue v\u00f5i kasutatud arvuti soodsamalt<\/h3>\n<p>Tagasiostu soodustus laieneb ka lisatarvikutele, hoolduse teenustele. Tagasiostu on v\u00f5imalik tuua lisaks Apple&#8217;ile ka teiste tootjate seadmeid (Samsung, Huawei, Nokia, Dell, Philips, Sony jne.)<\/p>\n<p>Seadme v\u00e4\u00e4rtuse ja hinna leidmiseks palun kasuta seadme nime v\u00f5i IMEI koodi.<\/p>\n<p><strong>Valmista oma seade tagasitoomiseks ette:<\/strong><\/p>\n<ul>\n<li>Enne tagastamist eemalda seadmelt allolevad piirangud.<\/li>\n<li>Tagastataval seadmel ei tohi olla seadme- ega v\u00f5rgulukku, n\u00e4iteks iCloud vms.<\/li>\n<li>Seadmel peab olema v\u00e4lja l\u00fclitatud Find My iPhone \/ Find My Device funktsioon.<\/li>\n<li>Veendu, et oled eemaldanud seadmest k\u00f5ik isiklikud dokumendid, fotod ja muud failid.<\/li>\n<\/ul>\n<p><a href=\"https:\/\/spets24.com\/wp-content\/uploads\/2019\/10\/komp.jpg\"><img loading=\"lazy\" decoding=\"async\" class=\"size-large wp-image-10383 aligncenter\" src=\"https:\/\/spets24.com\/wp-content\/uploads\/2019\/10\/komp-1024x576.jpg\" alt=\"\" width=\"604\" height=\"340\" srcset=\"https:\/\/spets24.com\/wp-content\/uploads\/2019\/10\/komp.jpg 1024w, https:\/\/spets24.com\/wp-content\/uploads\/2019\/10\/komp-300x169.jpg 300w\" sizes=\"auto, (max-width: 604px) 100vw, 604px\" \/><\/a><\/p>\n<div class=\"\"><strong>Tingimused:\u00a0<\/strong><\/div>\n<div class=\"\">\n<ul>\n<li class=\"\">Seadmel olevad andmed h\u00e4vitatakse. Soovi korral v\u00e4ljastatakse seritifikaat.<\/li>\n<li class=\"\">Selle vormi allkirjastamisega kinnitab klient, et:<\/li>\n<li class=\"\">ta on kirjeldatud seadme omanik v\u00f5i on volitatud kirjeldatud seadmega tehinguid tegema.<\/li>\n<li class=\"\">ta loovutab seadme omandi\u00f5iguse.<\/li>\n<\/ul>\n<\/div>\n<p>&nbsp;<\/p>\n<p>Vana seadme tagastamisel rakenduvat soodustust saad kasutada nii uue seadme j\u00e4relmaksuga soetamisel kui ka kohe v\u00e4lja ostes. Enamikul juhtudel saame osta teie seadme ka ilma kohustuseta uut v\u00f5i kasutatud seadet meilt ostmata. Maksame alati rohekm, kui teistes poodides. Selleks too meile prinditud pakkumine ja seade.<\/p>\n<p><strong><span class=\"tlid-translation translation\" lang=\"ru\"><span class=\"\" title=\"\">Mis sinu vanast seadmest edasi saab?<\/span><\/span><\/strong><\/p>\n<p>Sinu vana telefon v\u00f5i arvuti l\u00e4heb meie t\u00f6\u00f6kotta, kus see korrastatakse ja renoveeritakse v\u00f5i kui taaskasutus pole majanduslikult v\u00f5i tehniliselt m\u00f5ttekas, siist\u00f6\u00f6deldakse \u00fcmber ja utiliseeritaks. Sinu seade ie satu pr\u00fcgim\u00e4ele v\u00f5i metsa alla, vaid leiab endale \u00fchel v\u00f5i teisel kujul uue omaniku. Oma vana seadme meile toomisega aitad kaasa keskkonnas\u00f5bralikule tarbimisele.<\/p>\n<p><span class=\"tlid-translation translation\" lang=\"ru\"><span class=\"\" title=\"\">\u00a0<\/span><\/span><\/p>\n<p>&nbsp;<\/p>\n","protected":false},"excerpt":{"rendered":"<p>Too vana meile ja saad uue v\u00f5i kasutatud arvuti soodsamalt Tagasiostu soodustus laieneb ka lisatarvikutele, hoolduse teenustele. Tagasiostu on v\u00f5imalik tuua lisaks Apple&#8217;ile ka teiste tootjate seadmeid (Samsung, Huawei, Nokia, Dell, Philips,<a class=\"moretag\" href=\"https:\/\/spets24.com\/et\/arvutite-ja-elektroonikaseadmete-ost\/\">Read More&#8230;<\/a><\/p>\n","protected":false},"author":1,"featured_media":0,"parent":0,"menu_order":0,"comment_status":"closed","ping_status":"closed","template":"","meta":{"_mbp_gutenberg_autopost":false,"footnotes":""},"yst_prominent_words":[],"class_list":["post-10373","page","type-page","status-publish","hentry"],"yoast_head":"<!-- This site is optimized with the Yoast SEO Premium plugin v14.2 - https:\/\/yoast.com\/wordpress\/plugins\/seo\/ -->\n<title>ARVUTITE JA ELEKTROONIKASEADMETE OST - SPETS24 ESTONIA<\/title>\n<meta name=\"robots\" content=\"index, follow\" \/>\n<meta name=\"googlebot\" content=\"index, follow, max-snippet:-1, max-image-preview:large, max-video-preview:-1\" \/>\n<meta name=\"bingbot\" content=\"index, follow, max-snippet:-1, max-image-preview:large, max-video-preview:-1\" \/>\n<link rel=\"canonical\" href=\"https:\/\/spets24.com\/arvutite-ja-elektroonikaseadmete-ost\/\" \/>\n<meta property=\"og:locale\" content=\"et_EE\" \/>\n<meta property=\"og:type\" content=\"article\" \/>\n<meta property=\"og:title\" content=\"ARVUTITE JA ELEKTROONIKASEADMETE OST - SPETS24 ESTONIA\" \/>\n<meta property=\"og:description\" content=\"Too vana meile ja saad uue v\u00f5i kasutatud arvuti soodsamalt Tagasiostu soodustus laieneb ka lisatarvikutele, hoolduse teenustele. Tagasiostu on v\u00f5imalik tuua lisaks Apple&#8217;ile ka teiste tootjate seadmeid (Samsung, Huawei, Nokia, Dell, Philips,Read More...\" \/>\n<meta property=\"og:url\" content=\"https:\/\/spets24.com\/arvutite-ja-elektroonikaseadmete-ost\/\" \/>\n<meta property=\"og:site_name\" content=\"SPETS24 ESTONIA\" \/>\n<meta property=\"article:modified_time\" content=\"2019-10-18T10:13:43+00:00\" \/>\n<meta property=\"og:image\" content=\"https:\/\/spets24.com\/wp-content\/uploads\/2019\/10\/komp-1024x576.jpg\" \/>\n<meta name=\"twitter:card\" content=\"summary_large_image\" \/>\n<script type=\"application\/ld+json\" class=\"yoast-schema-graph\">{\"@context\":\"https:\/\/schema.org\",\"@graph\":[{\"@type\":\"WebSite\",\"@id\":\"https:\/\/spets24.com\/et\/#website\",\"url\":\"https:\/\/spets24.com\/et\/\",\"name\":\"SPETS24 ESTONIA\",\"description\":\"ELEKTROONIKA &amp; IGASUGU IMELIKE MASINATE  VALMISTAMINE JA REMONT\",\"potentialAction\":[{\"@type\":\"SearchAction\",\"target\":\"https:\/\/spets24.com\/et\/?s={search_term_string}\",\"query-input\":\"required name=search_term_string\"}],\"inLanguage\":\"et\"},{\"@type\":\"ImageObject\",\"@id\":\"https:\/\/spets24.com\/arvutite-ja-elektroonikaseadmete-ost\/#primaryimage\",\"inLanguage\":\"et\",\"url\":\"https:\/\/spets24.com\/wp-content\/uploads\/2019\/10\/komp.jpg\",\"width\":1024,\"height\":576},{\"@type\":\"WebPage\",\"@id\":\"https:\/\/spets24.com\/arvutite-ja-elektroonikaseadmete-ost\/#webpage\",\"url\":\"https:\/\/spets24.com\/arvutite-ja-elektroonikaseadmete-ost\/\",\"name\":\"ARVUTITE JA ELEKTROONIKASEADMETE OST - SPETS24 ESTONIA\",\"isPartOf\":{\"@id\":\"https:\/\/spets24.com\/et\/#website\"},\"primaryImageOfPage\":{\"@id\":\"https:\/\/spets24.com\/arvutite-ja-elektroonikaseadmete-ost\/#primaryimage\"},\"datePublished\":\"2019-10-04T10:12:01+00:00\",\"dateModified\":\"2019-10-18T10:13:43+00:00\",\"inLanguage\":\"et\",\"potentialAction\":[{\"@type\":\"ReadAction\",\"target\":[\"https:\/\/spets24.com\/arvutite-ja-elektroonikaseadmete-ost\/\"]}]}]}<\/script>\n<!-- \/ Yoast SEO Premium plugin. -->","_links":{"self":[{"href":"https:\/\/spets24.com\/et\/wp-json\/wp\/v2\/pages\/10373","targetHints":{"allow":["GET"]}}],"collection":[{"href":"https:\/\/spets24.com\/et\/wp-json\/wp\/v2\/pages"}],"about":[{"href":"https:\/\/spets24.com\/et\/wp-json\/wp\/v2\/types\/page"}],"author":[{"embeddable":true,"href":"https:\/\/spets24.com\/et\/wp-json\/wp\/v2\/users\/1"}],"replies":[{"embeddable":true,"href":"https:\/\/spets24.com\/et\/wp-json\/wp\/v2\/comments?post=10373"}],"version-history":[{"count":15,"href":"https:\/\/spets24.com\/et\/wp-json\/wp\/v2\/pages\/10373\/revisions"}],"predecessor-version":[{"id":10531,"href":"https:\/\/spets24.com\/et\/wp-json\/wp\/v2\/pages\/10373\/revisions\/10531"}],"wp:attachment":[{"href":"https:\/\/spets24.com\/et\/wp-json\/wp\/v2\/media?parent=10373"}],"wp:term":[{"taxonomy":"yst_prominent_words","embeddable":true,"href":"https:\/\/spets24.com\/et\/wp-json\/wp\/v2\/yst_prominent_words?post=10373"}],"curies":[{"name":"wp","href":"https:\/\/api.w.org\/{rel}","templated":true}]}}